{"id":10287,"date":"2024-01-10T13:04:18","date_gmt":"2024-01-10T12:04:18","guid":{"rendered":"https:\/\/fortbildungen.osteopathie-schule.de\/?post_type=product&#038;p=10287"},"modified":"2026-03-09T14:54:44","modified_gmt":"2026-03-09T13:54:44","slug":"osteopathic-treatment-of-children-kopie-4","status":"publish","type":"product","link":"https:\/\/fortbildungen.osteopathie-schule.de\/en\/kurse\/osteopathic-treatment-of-children-kopie-4\/","title":{"rendered":"Osteopathic treatment of children"},"content":{"rendered":"<p>The course looks at the osteopathic treatment of children both in theory and in practice. The focus is on different areas of osteopathy:<\/p>\n<ol>\n<li><strong>Theory and principles of osteopathy<\/strong>\n<ul>\n<li>Evaluation of the concepts of osteopathy<\/li>\n<li>Osteopathic principles in pediatrics<\/li>\n<li>Sutherland&#8217;s model of tissue attraction<\/li>\n<li>Studies on the osteopathic treatment of newborns<\/li>\n<\/ul>\n<\/li>\n<li><strong>Practical approaches and techniques<\/strong>\n<ul>\n<li>Treatment approaches for babies and children<\/li>\n<li>Practical experience in the treatment of newborns and children<\/li>\n<li>Diagnostics and possible causes of dysfunctions<\/li>\n<\/ul>\n<\/li>\n<li><strong>Specific anatomical and physiological considerations<\/strong>\n<ul>\n<li>Role of fascia, viscera and the respiratory system in treatment<\/li>\n<li>Consideration of diaphragms, fulcra and the perceived sense<\/li>\n<li>Somatosensory integration in treatment<\/li>\n<\/ul>\n<\/li>\n<li><strong>Child development and birth<\/strong>\n<ul>\n<li>Development of newborns<\/li>\n<li>Asymmetrical positions in the uterus and their consequences<\/li>\n<li>Birth: process, influences and consequences for later life<\/li>\n<\/ul>\n<\/li>\n<li><strong>Psychosocial aspects<\/strong>\n<ul>\n<li>Relationship between parents and child<\/li>\n<\/ul>\n<\/li>\n<\/ol>\n","protected":false},"excerpt":{"rendered":"<p>The course looks at the osteopathic treatment of children both in theory and in practice. The focus is on different areas of osteopathy: Theory and principles of osteopathy Evaluation of the concepts of osteopathy Osteopathic principles in pediatrics Sutherland&#8217;s model of tissue attraction Studies on the osteopathic treatment of newborns Practical approaches and techniques Treatment [&hellip;]<\/p>\n","protected":false},"featured_media":7878,"template":"","format":"standard","meta":{"_acf_changed":false,"_seopress_robots_primary_cat":"none","_seopress_titles_title":"","_seopress_titles_desc":"","_seopress_robots_index":""},"kategorie-kurs":[108],"product_brand":[],"product_cat":[97],"product_tag":[],"class_list":{"0":"post-10287","1":"product","2":"type-product","3":"status-publish","4":"format-standard","5":"has-post-thumbnail","7":"kategorie-kurs-pregnancy-children-en","8":"product_cat-masterclasses-en","9":"tm-no-options","11":"first","12":"outofstock","13":"purchasable","14":"product-type-simple"},"acf":{"dozenten_relation":[11420],"doznew":["Bruno Ducoux (FRA)"],"anzahl-plaetze":20,"frage_sprache":"Franz\u00f6sisch mit deutscher \u00dcbersetzung","ort":"OSD Munich, Quagliostra\u00dfe 9, 81543 Munich","kursgebuehr":"594","voraussetzungen":"Completed osteopathy training","kursbeginn":"20260515","kurs_ende":"20260517","Anzahl Kurstage":"3","kursdauer":"","kurszeiten":"Friday and Saturday: 9 AM - 7 PM\r\nSunday: 9 AM - 5 PM","frage_nach_teil_2":"Nein","kursbeginn-teil-2":null,"kursende-teil-2":null,"Anzahl_Kurstage_Teil2":"","frage_nach_teil_3":false,"kursbeginn-teil-3":null,"kursende-teil-3":null,"Anzahl_Kurstage_Teil3":""},"_links":{"self":[{"href":"https:\/\/fortbildungen.osteopathie-schule.de\/en\/wp-json\/wp\/v2\/product\/10287","targetHints":{"allow":["GET"]}}],"collection":[{"href":"https:\/\/fortbildungen.osteopathie-schule.de\/en\/wp-json\/wp\/v2\/product"}],"about":[{"href":"https:\/\/fortbildungen.osteopathie-schule.de\/en\/wp-json\/wp\/v2\/types\/product"}],"acf:post":[{"embeddable":true,"href":"https:\/\/fortbildungen.osteopathie-schule.de\/en\/wp-json\/wp\/v2\/dozent\/11420"}],"wp:featuredmedia":[{"embeddable":true,"href":"https:\/\/fortbildungen.osteopathie-schule.de\/en\/wp-json\/wp\/v2\/media\/7878"}],"wp:attachment":[{"href":"https:\/\/fortbildungen.osteopathie-schule.de\/en\/wp-json\/wp\/v2\/media?parent=10287"}],"wp:term":[{"taxonomy":"kategorie-kurs","embeddable":true,"href":"https:\/\/fortbildungen.osteopathie-schule.de\/en\/wp-json\/wp\/v2\/kategorie-kurs?post=10287"},{"taxonomy":"product_brand","embeddable":true,"href":"https:\/\/fortbildungen.osteopathie-schule.de\/en\/wp-json\/wp\/v2\/product_brand?post=10287"},{"taxonomy":"product_cat","embeddable":true,"href":"https:\/\/fortbildungen.osteopathie-schule.de\/en\/wp-json\/wp\/v2\/product_cat?post=10287"},{"taxonomy":"product_tag","embeddable":true,"href":"https:\/\/fortbildungen.osteopathie-schule.de\/en\/wp-json\/wp\/v2\/product_tag?post=10287"}],"curies":[{"name":"wp","href":"https:\/\/api.w.org\/{rel}","templated":true}]}}