{"id":11297,"date":"2024-02-02T23:11:31","date_gmt":"2024-02-02T22:11:31","guid":{"rendered":"https:\/\/fortbildungen.osteopathie-schule.de\/kurse\/congress-special-tratamiento-osteopatico-del-eje-hormonal-la-interaccion-entre-fisiologia-fuerzas-emocionales-y-regulacion-neuroendocrina\/"},"modified":"2026-04-20T12:25:52","modified_gmt":"2026-04-20T10:25:52","slug":"congress-special-tratamiento-osteopatico-del-eje-hormonal-la-interaccion-entre-fisiologia-fuerzas-emocionales-y-regulacion-neuroendocrina","status":"publish","type":"product","link":"https:\/\/fortbildungen.osteopathie-schule.de\/en\/kurse\/congress-special-tratamiento-osteopatico-del-eje-hormonal-la-interaccion-entre-fisiologia-fuerzas-emocionales-y-regulacion-neuroendocrina\/","title":{"rendered":"Congress Special! Tratamiento osteop\u00e1tico del eje hormonal: la interacci\u00f3n entre fisiolog\u00eda, fuerzas emocionales y regulaci\u00f3n neuroendocrina"},"content":{"rendered":"<p>El tratamiento osteop\u00e1tico del eje hormonal requiere una comprensi\u00f3n profunda de la delicada interacci\u00f3n entre la fisiolog\u00eda, las influencias emocionales y la regulaci\u00f3n neuroendocrina. En este curso, Genevi\u00e8ve Kermorgant presenta un enfoque integrador que tiene en cuenta aspectos estructurales, viscerales y emocionales en el tratamiento de los desequilibrios hormonales. El objetivo es desarrollar estrategias terap\u00e9uticas que apoyen de forma sostenible la autorregulaci\u00f3n del cuerpo.  <\/p>\n<div class=\"elementor-element elementor-element-b3712af elementor-widget elementor-widget-text-editor\" data-id=\"b3712af\" data-element_type=\"widget\" data-e-type=\"widget\" data-widget_type=\"text-editor.default\">\n<div class=\"elementor-widget-container\"><\/div>\n<\/div>\n","protected":false},"excerpt":{"rendered":"<p>El tratamiento osteop\u00e1tico del eje hormonal requiere una comprensi\u00f3n profunda de la delicada interacci\u00f3n entre la fisiolog\u00eda, las influencias emocionales y la regulaci\u00f3n neuroendocrina. En este curso, Genevi\u00e8ve Kermorgant presenta un enfoque integrador que tiene en cuenta aspectos estructurales, viscerales y emocionales en el tratamiento de los desequilibrios hormonales. El objetivo es desarrollar estrategias terap\u00e9uticas [&hellip;]<\/p>\n","protected":false},"featured_media":0,"template":"","format":"standard","meta":{"_acf_changed":false,"_seopress_robots_primary_cat":"none","_seopress_titles_title":"","_seopress_titles_desc":"","_seopress_robots_index":""},"kategorie-kurs":[101],"product_brand":[],"product_cat":[47,97],"product_tag":[],"class_list":{"0":"post-11297","1":"product","2":"type-product","3":"status-publish","4":"format-standard","6":"kategorie-kurs-gynecology-en","7":"product_cat-masterclasses","8":"product_cat-masterclasses-en","9":"tm-no-options","11":"first","12":"instock","13":"purchasable","14":"product-type-simple"},"acf":{"dozenten_relation":[11458],"doznew":["Genevi\u00e8ve Kermorgant (FRA)"],"anzahl-plaetze":28,"frage_sprache":"Franz\u00f6sisch mit deutscher \u00dcbersetzung","ort":"OSD Berlin, Oudenarder St. 16, 13347 Berlin","kursgebuehr":"396","voraussetzungen":"formaci\u00f3n en osteopat\u00eda finalizada, en formaci\u00f3n osteop\u00e1tica (4.\u00ba a\u00f1o)","kursbeginn":"20261118","kurs_ende":"20261119","Anzahl Kurstage":"2","kursdauer":"","kurszeiten":"Wednesday: 9 AM - 6 PM\nThursday: 9 AM - 4 PM","frage_nach_teil_2":"Bitte ausw\u00e4hlen","kursbeginn-teil-2":null,"kursende-teil-2":null,"Anzahl_Kurstage_Teil2":"","frage_nach_teil_3":false,"kursbeginn-teil-3":null,"kursende-teil-3":null,"Anzahl_Kurstage_Teil3":""},"_links":{"self":[{"href":"https:\/\/fortbildungen.osteopathie-schule.de\/en\/wp-json\/wp\/v2\/product\/11297","targetHints":{"allow":["GET"]}}],"collection":[{"href":"https:\/\/fortbildungen.osteopathie-schule.de\/en\/wp-json\/wp\/v2\/product"}],"about":[{"href":"https:\/\/fortbildungen.osteopathie-schule.de\/en\/wp-json\/wp\/v2\/types\/product"}],"acf:post":[{"embeddable":true,"href":"https:\/\/fortbildungen.osteopathie-schule.de\/en\/wp-json\/wp\/v2\/dozent\/11458"}],"wp:attachment":[{"href":"https:\/\/fortbildungen.osteopathie-schule.de\/en\/wp-json\/wp\/v2\/media?parent=11297"}],"wp:term":[{"taxonomy":"kategorie-kurs","embeddable":true,"href":"https:\/\/fortbildungen.osteopathie-schule.de\/en\/wp-json\/wp\/v2\/kategorie-kurs?post=11297"},{"taxonomy":"product_brand","embeddable":true,"href":"https:\/\/fortbildungen.osteopathie-schule.de\/en\/wp-json\/wp\/v2\/product_brand?post=11297"},{"taxonomy":"product_cat","embeddable":true,"href":"https:\/\/fortbildungen.osteopathie-schule.de\/en\/wp-json\/wp\/v2\/product_cat?post=11297"},{"taxonomy":"product_tag","embeddable":true,"href":"https:\/\/fortbildungen.osteopathie-schule.de\/en\/wp-json\/wp\/v2\/product_tag?post=11297"}],"curies":[{"name":"wp","href":"https:\/\/api.w.org\/{rel}","templated":true}]}}