{"id":7719,"date":"2024-01-09T10:34:44","date_gmt":"2024-01-09T09:34:44","guid":{"rendered":"https:\/\/fortbildungen.osteopathie-schule.de\/?post_type=product&#038;p=7719"},"modified":"2026-03-09T14:53:56","modified_gmt":"2026-03-09T13:53:56","slug":"manipulation-course-for-women-spine-and-hip-kopie-2","status":"publish","type":"product","link":"https:\/\/fortbildungen.osteopathie-schule.de\/en\/kurse\/manipulation-course-for-women-spine-and-hip-kopie-2\/","title":{"rendered":"Manipulation Course for Women: Spine and Hip"},"content":{"rendered":"<p>Course content:<\/p>\n<ul>\n<li>Body positioning for patient and therapist to enhance technique performance<\/li>\n<li>Integration of postural biomechanics in relation to the therapist, to improve strength, resistance, and precision in the execution of each manipulative technique<\/li>\n<li>Review of palpation qualities before and during technique execution, to identify what might prevent successful technique application<\/li>\n<li>What to do if the patient is physically taller, heavier, or stronger than the therapist?<\/li>\n<li>Individual supervision to support each participant in overcoming their own difficulties with structural techniques<\/li>\n<\/ul>\n<p>This course is limited to 20 participants.<\/p>\n","protected":false},"excerpt":{"rendered":"<p>Course content: Body positioning for patient and therapist to enhance technique performance Integration of postural biomechanics in relation to the therapist, to improve strength, resistance, and precision in the execution of each manipulative technique Review of palpation qualities before and during technique execution, to identify what might prevent successful technique application What to do if [&hellip;]<\/p>\n","protected":false},"featured_media":6246,"template":"","format":"standard","meta":{"_acf_changed":false,"_seopress_robots_primary_cat":"none","_seopress_titles_title":"","_seopress_titles_desc":"","_seopress_robots_index":""},"kategorie-kurs":[113,103,110],"product_brand":[],"product_cat":[47,97],"product_tag":[],"class_list":{"0":"post-7719","1":"product","2":"type-product","3":"status-publish","4":"format-standard","5":"has-post-thumbnail","7":"kategorie-kurs-bones-and-joints-en","8":"kategorie-kurs-manipulations-en","9":"kategorie-kurs-spine-en","10":"product_cat-masterclasses","11":"product_cat-masterclasses-en","12":"tm-no-options","14":"first","15":"outofstock","16":"purchasable","17":"product-type-simple"},"acf":{"dozenten_relation":[11594],"doznew":["Lucia Pereira (FRA)"],"anzahl-plaetze":20,"frage_sprache":"Franz\u00f6sisch mit deutscher \u00dcbersetzung","ort":"OSD Munich, Quagliostra\u00dfe 9, 81543 Munich","kursgebuehr":"594","voraussetzungen":"Completed osteopathy training, in osteopathic training (3rd year)","kursbeginn":"20260508","kurs_ende":"20260510","Anzahl Kurstage":"3","kursdauer":"","kurszeiten":"Friday-Saturday: 9 am - 6 pm\r\nSunday: 9 am - 4 pm  ","frage_nach_teil_2":"Nein","kursbeginn-teil-2":null,"kursende-teil-2":null,"Anzahl_Kurstage_Teil2":"","frage_nach_teil_3":"Bitte ausw\u00e4hlen","kursbeginn-teil-3":null,"kursende-teil-3":null,"Anzahl_Kurstage_Teil3":""},"_links":{"self":[{"href":"https:\/\/fortbildungen.osteopathie-schule.de\/en\/wp-json\/wp\/v2\/product\/7719","targetHints":{"allow":["GET"]}}],"collection":[{"href":"https:\/\/fortbildungen.osteopathie-schule.de\/en\/wp-json\/wp\/v2\/product"}],"about":[{"href":"https:\/\/fortbildungen.osteopathie-schule.de\/en\/wp-json\/wp\/v2\/types\/product"}],"acf:post":[{"embeddable":true,"href":"https:\/\/fortbildungen.osteopathie-schule.de\/en\/wp-json\/wp\/v2\/dozent\/11594"}],"wp:featuredmedia":[{"embeddable":true,"href":"https:\/\/fortbildungen.osteopathie-schule.de\/en\/wp-json\/wp\/v2\/media\/6246"}],"wp:attachment":[{"href":"https:\/\/fortbildungen.osteopathie-schule.de\/en\/wp-json\/wp\/v2\/media?parent=7719"}],"wp:term":[{"taxonomy":"kategorie-kurs","embeddable":true,"href":"https:\/\/fortbildungen.osteopathie-schule.de\/en\/wp-json\/wp\/v2\/kategorie-kurs?post=7719"},{"taxonomy":"product_brand","embeddable":true,"href":"https:\/\/fortbildungen.osteopathie-schule.de\/en\/wp-json\/wp\/v2\/product_brand?post=7719"},{"taxonomy":"product_cat","embeddable":true,"href":"https:\/\/fortbildungen.osteopathie-schule.de\/en\/wp-json\/wp\/v2\/product_cat?post=7719"},{"taxonomy":"product_tag","embeddable":true,"href":"https:\/\/fortbildungen.osteopathie-schule.de\/en\/wp-json\/wp\/v2\/product_tag?post=7719"}],"curies":[{"name":"wp","href":"https:\/\/api.w.org\/{rel}","templated":true}]}}