{"id":9569,"date":"2024-01-03T04:00:42","date_gmt":"2024-01-03T03:00:42","guid":{"rendered":"https:\/\/fortbildungen.osteopathie-schule.de\/?post_type=product&#038;p=9569"},"modified":"2026-03-02T15:05:56","modified_gmt":"2026-03-02T14:05:56","slug":"osteopathic-treatment-of-children-kopie-kopie-2","status":"publish","type":"product","link":"https:\/\/fortbildungen.osteopathie-schule.de\/en\/kurse\/osteopathic-treatment-of-children-kopie-kopie-2\/","title":{"rendered":"Treatment of Children&#8217;s Internal Organs"},"content":{"rendered":"<p>The course considers the osteopathic treatment of children&#8217;s internal organs.<\/p>\n","protected":false},"excerpt":{"rendered":"<p>The course considers the osteopathic treatment of children&#8217;s internal organs.<\/p>\n","protected":false},"featured_media":7988,"template":"","format":"standard","meta":{"_acf_changed":false,"_seopress_robots_primary_cat":"none","_seopress_titles_title":"","_seopress_titles_desc":"","_seopress_robots_index":""},"kategorie-kurs":[106,108],"product_brand":[],"product_cat":[97,47],"product_tag":[],"class_list":{"0":"post-9569","1":"product","2":"type-product","3":"status-publish","4":"format-standard","5":"has-post-thumbnail","7":"kategorie-kurs-organ-lymphatic-immune-system-en","8":"kategorie-kurs-pregnancy-children-en","9":"product_cat-masterclasses-en","10":"product_cat-masterclasses","11":"tm-no-options","13":"first","14":"outofstock","15":"purchasable","16":"product-type-simple"},"acf":{"anzahl-plaetze":28,"frage_sprache":"Englisch mit deutscher \u00dcbersetzung","ort":"OSD Hamburg, Weidestr. 118c, 22083 Hamburg ","kursgebuehr":"594","voraussetzungen":"Completed osteopathy training","dozent":"Pascale-Julie Robinson (CAN)","dozent_kurzbeschreibung":"Osteopath since 2004 (Le Coll\u00e8ge d\u2019\u00e9tudes Ost\u00e9opathiques de Montr\u00e9al) and has been practicing since then (specializing in children and family); since 2006 international teaching activities (Canada, Germany & France) as a lecturer for pediatrics as well as for clinical, paraclinical and pediatric osteopathic education; lecturer for pediatric osteopathy at the OSD.","frage_dozent_2":"Nein","dozent_2":"","dozent_kurzbeschreibung_2":"","alle_dozenten":"","kursbeginn":"20260311","kurs_ende":"20260313","Anzahl Kurstage":"3","kursdauer":"","kurszeiten":"Wednesday and Thursday: 9 AM - 7 PM\nFriday: 9 AM - 5 PM","frage_nach_teil_2":"Nein","kursbeginn-teil-2":null,"kursende-teil-2":null,"Anzahl_Kurstage_Teil2":"","frage_nach_teil_3":false,"kursbeginn-teil-3":null,"kursende-teil-3":null,"Anzahl_Kurstage_Teil3":"","link":"","doznew":["Pascale-Julie Robinson (CAN)"]},"_links":{"self":[{"href":"https:\/\/fortbildungen.osteopathie-schule.de\/en\/wp-json\/wp\/v2\/product\/9569","targetHints":{"allow":["GET"]}}],"collection":[{"href":"https:\/\/fortbildungen.osteopathie-schule.de\/en\/wp-json\/wp\/v2\/product"}],"about":[{"href":"https:\/\/fortbildungen.osteopathie-schule.de\/en\/wp-json\/wp\/v2\/types\/product"}],"wp:featuredmedia":[{"embeddable":true,"href":"https:\/\/fortbildungen.osteopathie-schule.de\/en\/wp-json\/wp\/v2\/media\/7988"}],"wp:attachment":[{"href":"https:\/\/fortbildungen.osteopathie-schule.de\/en\/wp-json\/wp\/v2\/media?parent=9569"}],"wp:term":[{"taxonomy":"kategorie-kurs","embeddable":true,"href":"https:\/\/fortbildungen.osteopathie-schule.de\/en\/wp-json\/wp\/v2\/kategorie-kurs?post=9569"},{"taxonomy":"product_brand","embeddable":true,"href":"https:\/\/fortbildungen.osteopathie-schule.de\/en\/wp-json\/wp\/v2\/product_brand?post=9569"},{"taxonomy":"product_cat","embeddable":true,"href":"https:\/\/fortbildungen.osteopathie-schule.de\/en\/wp-json\/wp\/v2\/product_cat?post=9569"},{"taxonomy":"product_tag","embeddable":true,"href":"https:\/\/fortbildungen.osteopathie-schule.de\/en\/wp-json\/wp\/v2\/product_tag?post=9569"}],"curies":[{"name":"wp","href":"https:\/\/api.w.org\/{rel}","templated":true}]}}