{"id":5141,"date":"2023-07-05T01:55:15","date_gmt":"2023-07-04T23:55:15","guid":{"rendered":"https:\/\/fortbildungen.osteopathie-schule.de\/ogolne-warunki-handlowe\/"},"modified":"2024-11-05T15:02:16","modified_gmt":"2024-11-05T14:02:16","slug":"ogolne-warunki-handlowe","status":"publish","type":"page","link":"https:\/\/fortbildungen.osteopathie-schule.de\/pl\/ogolne-warunki-handlowe\/","title":{"rendered":"Og\u00f3lne warunki handlowe"},"content":{"rendered":"\t\t<div data-elementor-type=\"wp-page\" data-elementor-id=\"5141\" class=\"elementor elementor-5141 elementor-774\" data-elementor-post-type=\"page\">\n\t\t\t\t\t\t<section class=\"elementor-section elementor-top-section elementor-element elementor-element-6dccef2 elementor-section-boxed elementor-section-height-default elementor-section-height-default\" data-id=\"6dccef2\" data-element_type=\"section\" data-e-type=\"section\">\n\t\t\t\t\t\t<div class=\"elementor-container elementor-column-gap-default\">\n\t\t\t\t\t<div class=\"elementor-column elementor-col-100 elementor-top-column elementor-element elementor-element-64dc59e\" data-id=\"64dc59e\" data-element_type=\"column\" data-e-type=\"column\">\n\t\t\t<div class=\"elementor-widget-wrap elementor-element-populated\">\n\t\t\t\t\t\t<div class=\"elementor-element elementor-element-51455a8 elementor-widget elementor-widget-spacer\" data-id=\"51455a8\" data-element_type=\"widget\" data-e-type=\"widget\" data-widget_type=\"spacer.default\">\n\t\t\t\t<div class=\"elementor-widget-container\">\n\t\t\t\t\t\t\t<div class=\"elementor-spacer\">\n\t\t\t<div class=\"elementor-spacer-inner\"><\/div>\n\t\t<\/div>\n\t\t\t\t\t\t<\/div>\n\t\t\t\t<\/div>\n\t\t\t\t<div class=\"elementor-element elementor-element-773256f elementor-widget elementor-widget-heading\" data-id=\"773256f\" data-element_type=\"widget\" data-e-type=\"widget\" data-widget_type=\"heading.default\">\n\t\t\t\t<div class=\"elementor-widget-container\">\n\t\t\t\t\t<h2 class=\"elementor-heading-title elementor-size-default\">Regulamin mo\u017cna pobra\u0107 tutaj<\/h2>\t\t\t\t<\/div>\n\t\t\t\t<\/div>\n\t\t\t\t<div class=\"elementor-element elementor-element-71fd9d9 elementor-widget elementor-widget-spacer\" data-id=\"71fd9d9\" data-element_type=\"widget\" data-e-type=\"widget\" data-widget_type=\"spacer.default\">\n\t\t\t\t<div class=\"elementor-widget-container\">\n\t\t\t\t\t\t\t<div class=\"elementor-spacer\">\n\t\t\t<div class=\"elementor-spacer-inner\"><\/div>\n\t\t<\/div>\n\t\t\t\t\t\t<\/div>\n\t\t\t\t<\/div>\n\t\t<div class=\"elementor-element elementor-element-899e92f e-flex e-con-boxed e-con e-parent\" data-id=\"899e92f\" data-element_type=\"container\" data-e-type=\"container\">\n\t\t\t\t\t<div class=\"e-con-inner\">\n\t\t<div class=\"elementor-element elementor-element-589abc6 e-flex e-con-boxed e-con e-child\" data-id=\"589abc6\" data-element_type=\"container\" data-e-type=\"container\">\n\t\t\t\t\t<div class=\"e-con-inner\">\n\t\t\t\t<div class=\"elementor-element elementor-element-bbb91cf elementor-view-framed elementor-shape-circle elementor-position-block-start elementor-mobile-position-block-start elementor-widget elementor-widget-icon-box\" data-id=\"bbb91cf\" data-element_type=\"widget\" data-e-type=\"widget\" data-widget_type=\"icon-box.default\">\n\t\t\t\t<div class=\"elementor-widget-container\">\n\t\t\t\t\t\t\t<div class=\"elementor-icon-box-wrapper\">\n\n\t\t\t\t\t\t<div class=\"elementor-icon-box-icon\">\n\t\t\t\t<a href=\"https:\/\/fortbildungen.osteopathie-schule.de\/wp-content\/uploads\/2024\/11\/AGB_Masterclass_202411.pdf\" target=\"_blank\" class=\"elementor-icon\" tabindex=\"-1\">\n\t\t\t\t<svg xmlns=\"http:\/\/www.w3.org\/2000\/svg\" xmlns:xlink=\"http:\/\/www.w3.org\/1999\/xlink\" width=\"800px\" height=\"800px\" viewBox=\"0 0 36 36\" aria-hidden=\"true\" class=\"iconify iconify--twemoji\" preserveAspectRatio=\"xMidYMid meet\"><path fill=\"#FFCD05\" d=\"M0 27a4 4 0 0 0 4 4h28a4 4 0 0 0 4-4v-4H0v4z\"><\/path><path fill=\"#ED1F24\" d=\"M0 14h36v9H0z\"><\/path><path fill=\"#141414\" d=\"M32 5H4a4 4 0 0 0-4 4v5h36V9a4 4 0 0 0-4-4z\"><\/path><\/svg>\t\t\t\t<\/a>\n\t\t\t<\/div>\n\t\t\t\n\t\t\t\t\t\t<div class=\"elementor-icon-box-content\">\n\n\t\t\t\t\n\t\t\t\t\t\t\t\t\t<p class=\"elementor-icon-box-description\">\n\t\t\t\t\t\tPobierz - Niemiecki\t\t\t\t\t<\/p>\n\t\t\t\t\n\t\t\t<\/div>\n\t\t\t\n\t\t<\/div>\n\t\t\t\t\t\t<\/div>\n\t\t\t\t<\/div>\n\t\t\t\t\t<\/div>\n\t\t\t\t<\/div>\n\t\t<div class=\"elementor-element elementor-element-d33b46d e-flex e-con-boxed e-con e-child\" data-id=\"d33b46d\" data-element_type=\"container\" data-e-type=\"container\">\n\t\t\t\t\t<div class=\"e-con-inner\">\n\t\t\t\t<div class=\"elementor-element elementor-element-550f403 elementor-view-framed elementor-shape-circle elementor-position-block-start elementor-mobile-position-block-start elementor-widget elementor-widget-icon-box\" data-id=\"550f403\" data-element_type=\"widget\" data-e-type=\"widget\" data-widget_type=\"icon-box.default\">\n\t\t\t\t<div class=\"elementor-widget-container\">\n\t\t\t\t\t\t\t<div class=\"elementor-icon-box-wrapper\">\n\n\t\t\t\t\t\t<div class=\"elementor-icon-box-icon\">\n\t\t\t\t<a href=\"https:\/\/fortbildungen.osteopathie-schule.de\/wp-content\/uploads\/2024\/06\/AGB_Masterclass_052024-en.pdf\" target=\"_blank\" class=\"elementor-icon\" tabindex=\"-1\">\n\t\t\t\t<svg xmlns=\"http:\/\/www.w3.org\/2000\/svg\" xmlns:xlink=\"http:\/\/www.w3.org\/1999\/xlink\" height=\"800px\" width=\"800px\" id=\"Layer_1\" viewBox=\"0 0 512 512\" xml:space=\"preserve\"><path style=\"fill:#41479B;\" d=\"M473.655,88.276H38.345C17.167,88.276,0,105.443,0,126.621V385.38  c0,21.177,17.167,38.345,38.345,38.345h435.31c21.177,0,38.345-17.167,38.345-38.345V126.621  C512,105.443,494.833,88.276,473.655,88.276z\"><\/path><path style=\"fill:#F5F5F5;\" d=\"M511.469,120.282c-3.022-18.159-18.797-32.007-37.814-32.007h-9.977l-163.54,107.147V88.276h-88.276  v107.147L48.322,88.276h-9.977c-19.017,0-34.792,13.847-37.814,32.007l139.778,91.58H0v88.276h140.309L0.531,391.717  c3.022,18.159,18.797,32.007,37.814,32.007h9.977l163.54-107.147v107.147h88.276V316.577l163.54,107.147h9.977  c19.017,0,34.792-13.847,37.814-32.007l-139.778-91.58H512v-88.276H371.691L511.469,120.282z\"><\/path><g>\t<polygon style=\"fill:#FF4B55;\" points=\"282.483,88.276 229.517,88.276 229.517,229.517 0,229.517 0,282.483 229.517,282.483    229.517,423.724 282.483,423.724 282.483,282.483 512,282.483 512,229.517 282.483,229.517  \"><\/polygon>\t<path style=\"fill:#FF4B55;\" d=\"M24.793,421.252l186.583-121.114h-32.428L9.224,410.31   C13.377,415.157,18.714,418.955,24.793,421.252z\"><\/path>\t<path style=\"fill:#FF4B55;\" d=\"M346.388,300.138H313.96l180.716,117.305c5.057-3.321,9.277-7.807,12.287-13.075L346.388,300.138z\"><\/path>\t<path style=\"fill:#FF4B55;\" d=\"M4.049,109.475l157.73,102.387h32.428L15.475,95.842C10.676,99.414,6.749,104.084,4.049,109.475z\"><\/path>\t<path style=\"fill:#FF4B55;\" d=\"M332.566,211.862l170.035-110.375c-4.199-4.831-9.578-8.607-15.699-10.86L300.138,211.862H332.566z\"><\/path><\/g><\/svg>\t\t\t\t<\/a>\n\t\t\t<\/div>\n\t\t\t\n\t\t\t\t\t\t<div class=\"elementor-icon-box-content\">\n\n\t\t\t\t\n\t\t\t\t\t\t\t\t\t<p class=\"elementor-icon-box-description\">\n\t\t\t\t\t\tPobierz - j\u0119zyk angielski\t\t\t\t\t<\/p>\n\t\t\t\t\n\t\t\t<\/div>\n\t\t\t\n\t\t<\/div>\n\t\t\t\t\t\t<\/div>\n\t\t\t\t<\/div>\n\t\t\t\t\t<\/div>\n\t\t\t\t<\/div>\n\t\t<div class=\"elementor-element elementor-element-5f76054 e-flex e-con-boxed e-con e-child\" data-id=\"5f76054\" data-element_type=\"container\" data-e-type=\"container\">\n\t\t\t\t\t<div class=\"e-con-inner\">\n\t\t\t\t<div class=\"elementor-element elementor-element-82e3b27 elementor-view-framed elementor-shape-circle elementor-position-block-start elementor-mobile-position-block-start elementor-widget elementor-widget-icon-box\" data-id=\"82e3b27\" data-element_type=\"widget\" data-e-type=\"widget\" data-widget_type=\"icon-box.default\">\n\t\t\t\t<div class=\"elementor-widget-container\">\n\t\t\t\t\t\t\t<div class=\"elementor-icon-box-wrapper\">\n\n\t\t\t\t\t\t<div class=\"elementor-icon-box-icon\">\n\t\t\t\t<a href=\"https:\/\/fortbildungen.osteopathie-schule.de\/wp-content\/uploads\/2024\/06\/AGB_Masterclass_052024-pl_final.pdf\" target=\"_blank\" class=\"elementor-icon\" tabindex=\"-1\">\n\t\t\t\t<svg xmlns=\"http:\/\/www.w3.org\/2000\/svg\" xmlns:xlink=\"http:\/\/www.w3.org\/1999\/xlink\" width=\"800px\" height=\"800px\" viewBox=\"0 0 36 36\" aria-hidden=\"true\" class=\"iconify iconify--twemoji\" preserveAspectRatio=\"xMidYMid meet\"><path fill=\"#EEE\" d=\"M32 5H4a4 4 0 0 0-4 4v9h36V9a4 4 0 0 0-4-4z\"><\/path><path fill=\"#DC143C\" d=\"M0 27a4 4 0 0 0 4 4h28a4 4 0 0 0 4-4v-9H0v9z\"><\/path><\/svg>\t\t\t\t<\/a>\n\t\t\t<\/div>\n\t\t\t\n\t\t\t\t\t\t<div class=\"elementor-icon-box-content\">\n\n\t\t\t\t\n\t\t\t\t\t\t\t\t\t<p class=\"elementor-icon-box-description\">\n\t\t\t\t\t\tPobierz - j\u0119zyk polski\t\t\t\t\t<\/p>\n\t\t\t\t\n\t\t\t<\/div>\n\t\t\t\n\t\t<\/div>\n\t\t\t\t\t\t<\/div>\n\t\t\t\t<\/div>\n\t\t\t\t\t<\/div>\n\t\t\t\t<\/div>\n\t\t\t\t\t<\/div>\n\t\t\t\t<\/div>\n\t\t\t\t<div class=\"elementor-element elementor-element-434d534 elementor-widget elementor-widget-spacer\" data-id=\"434d534\" data-element_type=\"widget\" data-e-type=\"widget\" data-widget_type=\"spacer.default\">\n\t\t\t\t<div class=\"elementor-widget-container\">\n\t\t\t\t\t\t\t<div class=\"elementor-spacer\">\n\t\t\t<div class=\"elementor-spacer-inner\"><\/div>\n\t\t<\/div>\n\t\t\t\t\t\t<\/div>\n\t\t\t\t<\/div>\n\t\t\t\t\t<\/div>\n\t\t<\/div>\n\t\t\t\t\t<\/div>\n\t\t<\/section>\n\t\t\t\t<\/div>\n\t\t","protected":false},"excerpt":{"rendered":"<p>Regulamin mo\u017cna pobra\u0107 tutaj Pobierz &#8211; Niemiecki Pobierz &#8211; j\u0119zyk angielski Pobierz &#8211; j\u0119zyk polski<\/p>\n","protected":false},"author":222,"featured_media":0,"parent":0,"menu_order":0,"comment_status":"closed","ping_status":"closed","template":"elementor_header_footer","meta":{"_acf_changed":false,"_seopress_robots_primary_cat":"","_seopress_titles_title":"","_seopress_titles_desc":"","_seopress_robots_index":"","footnotes":""},"class_list":["post-5141","page","type-page","status-publish","format-standard","hentry"],"acf":[],"_links":{"self":[{"href":"https:\/\/fortbildungen.osteopathie-schule.de\/pl\/wp-json\/wp\/v2\/pages\/5141","targetHints":{"allow":["GET"]}}],"collection":[{"href":"https:\/\/fortbildungen.osteopathie-schule.de\/pl\/wp-json\/wp\/v2\/pages"}],"about":[{"href":"https:\/\/fortbildungen.osteopathie-schule.de\/pl\/wp-json\/wp\/v2\/types\/page"}],"author":[{"embeddable":true,"href":"https:\/\/fortbildungen.osteopathie-schule.de\/pl\/wp-json\/wp\/v2\/users\/222"}],"replies":[{"embeddable":true,"href":"https:\/\/fortbildungen.osteopathie-schule.de\/pl\/wp-json\/wp\/v2\/comments?post=5141"}],"version-history":[{"count":0,"href":"https:\/\/fortbildungen.osteopathie-schule.de\/pl\/wp-json\/wp\/v2\/pages\/5141\/revisions"}],"wp:attachment":[{"href":"https:\/\/fortbildungen.osteopathie-schule.de\/pl\/wp-json\/wp\/v2\/media?parent=5141"}],"curies":[{"name":"wp","href":"https:\/\/api.w.org\/{rel}","templated":true}]}}