{"id":10235,"date":"2024-01-24T12:05:35","date_gmt":"2024-01-24T11:05:35","guid":{"rendered":"https:\/\/fortbildungen.osteopathie-schule.de\/?post_type=product&#038;p=10235"},"modified":"2026-03-19T14:47:33","modified_gmt":"2026-03-19T13:47:33","slug":"leczenie-osteopatyczne-dzieci-kopie-kopie","status":"publish","type":"product","link":"https:\/\/fortbildungen.osteopathie-schule.de\/pl\/kurse\/leczenie-osteopatyczne-dzieci-kopie-kopie\/","title":{"rendered":"Rozw\u00f3j sensomotoryczny: OUN i zr\u00f3\u017cnicowane badanie niemowl\u0119cia"},"content":{"rendered":"<p>Ten kurs jest cz\u0119\u015bci\u0105 szkolenia z osteopatii dzieci\u0119cej. Wi\u0119cej informacji: <a href=\"https:\/\/osteopathie-schule.de\/fortbildungen\/kursreihen\/kinderosteopathie\/\">Osteopatia dzieci\u0119ca \u2022 Osteopathie Schule Deutschland \u2022 2026<\/a> <\/p>\n","protected":false},"excerpt":{"rendered":"<p>Ten kurs jest cz\u0119\u015bci\u0105 szkolenia z osteopatii dzieci\u0119cej. Wi\u0119cej informacji: Osteopatia dzieci\u0119ca \u2022 Osteopathie Schule Deutschland \u2022 2026<\/p>\n","protected":false},"featured_media":10232,"template":"","format":"standard","meta":{"_acf_changed":false,"_seopress_robots_primary_cat":"none","_seopress_titles_title":"","_seopress_titles_desc":"","_seopress_robots_index":""},"kategorie-kurs":[156,104,108,154],"product_brand":[],"product_cat":[140,47],"product_tag":[],"class_list":{"0":"post-10235","1":"product","2":"type-product","3":"status-publish","4":"format-standard","5":"has-post-thumbnail","7":"kategorie-kurs-ciaza-i-dzieci","8":"kategorie-kurs-nervous-system-incl-brain-en","9":"kategorie-kurs-pregnancy-children-en","10":"kategorie-kurs-w-tym-uklad-nerwowy-mozg","11":"product_cat-kursy-mistrzowskie","12":"product_cat-masterclasses","13":"tm-no-options","15":"first","16":"instock","17":"purchasable","18":"product-type-simple"},"acf":{"anzahl-plaetze":20,"frage_sprache":"Deutsch","ort":"OSD Monachium, Quagliostra\u00dfe 9, 81543 Monachium","kursgebuehr":"594","voraussetzungen":"uko\u0144czone szkolenie osteopatyczne","dozent":"Iris Ginsberg DO","dozent_kurzbeschreibung":"Iris Ginsberg jest fizjoterapeutk\u0105, osteopatk\u0105 i terapeutk\u0105 Vojty. Od lat prowadzi zaj\u0119cia w ramach szkolenia z osteopatii dzieci\u0119cej, a od 2025 roku r\u00f3wnie\u017c z osteopatii geriatrycznej. ","frage_dozent_2":"Nein","dozent_2":"","dozent_kurzbeschreibung_2":"","alle_dozenten":"","kursbeginn":"20261009","kurs_ende":"20261011","Anzahl Kurstage":"3","kursdauer":"","kurszeiten":"Pi\u0105tek i sobota: 9:00-19:00\nNiedziela: 9:00-17:00","frage_nach_teil_2":"Nein","kursbeginn-teil-2":null,"kursende-teil-2":null,"Anzahl_Kurstage_Teil2":"","frage_nach_teil_3":false,"kursbeginn-teil-3":null,"kursende-teil-3":null,"Anzahl_Kurstage_Teil3":"","link":"","doznew":["Iris Ginsberg (DEU)"]},"_links":{"self":[{"href":"https:\/\/fortbildungen.osteopathie-schule.de\/pl\/wp-json\/wp\/v2\/product\/10235","targetHints":{"allow":["GET"]}}],"collection":[{"href":"https:\/\/fortbildungen.osteopathie-schule.de\/pl\/wp-json\/wp\/v2\/product"}],"about":[{"href":"https:\/\/fortbildungen.osteopathie-schule.de\/pl\/wp-json\/wp\/v2\/types\/product"}],"wp:featuredmedia":[{"embeddable":true,"href":"https:\/\/fortbildungen.osteopathie-schule.de\/pl\/wp-json\/wp\/v2\/media\/10232"}],"wp:attachment":[{"href":"https:\/\/fortbildungen.osteopathie-schule.de\/pl\/wp-json\/wp\/v2\/media?parent=10235"}],"wp:term":[{"taxonomy":"kategorie-kurs","embeddable":true,"href":"https:\/\/fortbildungen.osteopathie-schule.de\/pl\/wp-json\/wp\/v2\/kategorie-kurs?post=10235"},{"taxonomy":"product_brand","embeddable":true,"href":"https:\/\/fortbildungen.osteopathie-schule.de\/pl\/wp-json\/wp\/v2\/product_brand?post=10235"},{"taxonomy":"product_cat","embeddable":true,"href":"https:\/\/fortbildungen.osteopathie-schule.de\/pl\/wp-json\/wp\/v2\/product_cat?post=10235"},{"taxonomy":"product_tag","embeddable":true,"href":"https:\/\/fortbildungen.osteopathie-schule.de\/pl\/wp-json\/wp\/v2\/product_tag?post=10235"}],"curies":[{"name":"wp","href":"https:\/\/api.w.org\/{rel}","templated":true}]}}