{"id":10258,"date":"2024-01-24T12:05:54","date_gmt":"2024-01-24T11:05:54","guid":{"rendered":"https:\/\/fortbildungen.osteopathie-schule.de\/kurse\/rola-osteopatii-w-asymetrii-czaszkowo-twarzowej-i-kreczu-szyi-wytyczne-dotyczace-najlepszych-praktyk-poprzez-interwencje\/"},"modified":"2024-01-24T12:05:54","modified_gmt":"2024-01-24T11:05:54","slug":"rola-osteopatii-w-asymetrii-czaszkowo-twarzowej-i-kreczu-szyi-wytyczne-dotyczace-najlepszych-praktyk-poprzez-interwencje","status":"publish","type":"product","link":"https:\/\/fortbildungen.osteopathie-schule.de\/pl\/kurse\/rola-osteopatii-w-asymetrii-czaszkowo-twarzowej-i-kreczu-szyi-wytyczne-dotyczace-najlepszych-praktyk-poprzez-interwencje\/","title":{"rendered":"Rola osteopatii w asymetrii czaszkowo-twarzowej i kr\u0119czu szyi \u2013 wytyczne dotycz\u0105ce najlepszych praktyk poprzez interwencj\u0119"},"content":{"rendered":"","protected":false},"excerpt":{"rendered":"","protected":false},"featured_media":9824,"template":"","format":"standard","meta":{"_acf_changed":false,"_seopress_robots_primary_cat":"","_seopress_titles_title":"","_seopress_titles_desc":"","_seopress_robots_index":""},"kategorie-kurs":[156],"product_brand":[],"product_cat":[140,47],"product_tag":[],"class_list":{"0":"post-10258","1":"product","2":"type-product","3":"status-publish","4":"format-standard","5":"has-post-thumbnail","7":"kategorie-kurs-ciaza-i-dzieci","8":"product_cat-kursy-mistrzowskie","9":"product_cat-masterclasses","10":"tm-no-options","12":"first","13":"instock","14":"purchasable","15":"product-type-simple"},"acf":{"anzahl-plaetze":30,"frage_sprache":"Englisch mit deutscher \u00dcbersetzung","ort":"OSD Hamburg, Weidestr. 118c, 22083 Hamburg ","kursgebuehr":"594","voraussetzungen":"Szkolenie z osteopatii","dozent":"Sylvie Lessard","dozent_kurzbeschreibung":"Sylvie Lessard jest fizjoterapeutk\u0105 i osteopatk\u0105 od 2007 roku. Prowadzi kursy doszkalaj\u0105ce i wyk\u0142ady na tematy zwi\u0105zane z pediatri\u0105. Stworzy\u0142a interdyscyplinarn\u0105 sie\u0107 wsp\u00f3\u0142pracy z lekarzami w swojej klinice pediatrycznej w Quebec City. By\u0142a cz\u0142onkini\u0105 komitetu naukowego \u015awiatowej Konferencji Rendez-Vous 2015 po\u015bwi\u0119conej osteopatii pediatrycznej.  ","frage_dozent_2":"Nein","dozent_2":"","dozent_kurzbeschreibung_2":"","alle_dozenten":"","kursbeginn":"20261016","kurs_ende":"20261018","Anzahl Kurstage":"3","kursdauer":"","kurszeiten":"Pi\u0105tek i sobota: 9-18\nNiedziela: 9-16","frage_nach_teil_2":"Nein","kursbeginn-teil-2":null,"kursende-teil-2":null,"Anzahl_Kurstage_Teil2":"","frage_nach_teil_3":false,"kursbeginn-teil-3":null,"kursende-teil-3":null,"Anzahl_Kurstage_Teil3":"","link":"","doznew":["Sylvie Lessard (CAN)"]},"_links":{"self":[{"href":"https:\/\/fortbildungen.osteopathie-schule.de\/pl\/wp-json\/wp\/v2\/product\/10258","targetHints":{"allow":["GET"]}}],"collection":[{"href":"https:\/\/fortbildungen.osteopathie-schule.de\/pl\/wp-json\/wp\/v2\/product"}],"about":[{"href":"https:\/\/fortbildungen.osteopathie-schule.de\/pl\/wp-json\/wp\/v2\/types\/product"}],"wp:featuredmedia":[{"embeddable":true,"href":"https:\/\/fortbildungen.osteopathie-schule.de\/pl\/wp-json\/wp\/v2\/media\/9824"}],"wp:attachment":[{"href":"https:\/\/fortbildungen.osteopathie-schule.de\/pl\/wp-json\/wp\/v2\/media?parent=10258"}],"wp:term":[{"taxonomy":"kategorie-kurs","embeddable":true,"href":"https:\/\/fortbildungen.osteopathie-schule.de\/pl\/wp-json\/wp\/v2\/kategorie-kurs?post=10258"},{"taxonomy":"product_brand","embeddable":true,"href":"https:\/\/fortbildungen.osteopathie-schule.de\/pl\/wp-json\/wp\/v2\/product_brand?post=10258"},{"taxonomy":"product_cat","embeddable":true,"href":"https:\/\/fortbildungen.osteopathie-schule.de\/pl\/wp-json\/wp\/v2\/product_cat?post=10258"},{"taxonomy":"product_tag","embeddable":true,"href":"https:\/\/fortbildungen.osteopathie-schule.de\/pl\/wp-json\/wp\/v2\/product_tag?post=10258"}],"curies":[{"name":"wp","href":"https:\/\/api.w.org\/{rel}","templated":true}]}}