{"id":10297,"date":"2024-01-03T01:34:11","date_gmt":"2024-01-03T00:34:11","guid":{"rendered":"https:\/\/fortbildungen.osteopathie-schule.de\/kurse\/paradygmat-neuroestetyczno-enaktywny-w-osteopatii-nowe-spojrzenie-na-dysfunkcje-somatyczna-poprzez-percepcje-i-uczestnictwo\/"},"modified":"2026-03-09T14:26:47","modified_gmt":"2026-03-09T13:26:47","slug":"paradygmat-neuroestetyczno-enaktywny-w-osteopatii-nowe-spojrzenie-na-dysfunkcje-somatyczna-poprzez-percepcje-i-uczestnictwo","status":"publish","type":"product","link":"https:\/\/fortbildungen.osteopathie-schule.de\/pl\/kurse\/paradygmat-neuroestetyczno-enaktywny-w-osteopatii-nowe-spojrzenie-na-dysfunkcje-somatyczna-poprzez-percepcje-i-uczestnictwo\/","title":{"rendered":"Paradygmat Neuroestetyczno-Enaktywny w Osteopatii: Nowe spojrzenie na dysfunkcj\u0119 somatyczn\u0105 poprzez percepcj\u0119 i uczestnictwo"},"content":{"rendered":"<p>To 90-minutowe webinarium przedstawia podstawowe zasady paradygmatu neuroestetyczno-enaktywnego (NE) i ilustruje, jak mo\u017ce on przekszta\u0142ci\u0107 my\u015blenie osteopatyczne i proces podejmowania decyzji klinicznych. Wychodz\u0105c od neuronauki percepcji, enaktywizmu i uciele\u015bnionego poznania, to podej\u015bcie reinterpretuje dysfunkcje somatyczne jako utrat\u0119 sp\u00f3jno\u015bci estetycznej i funkcjonalnej zdolno\u015bci adaptacji, a nie jako problem czysto strukturalny.<\/p>\n<p>Na podstawie teoretycznych dyskusji i przyk\u0142ad\u00f3w klinicznych sesja oferuje ustrukturyzowany model oceny i leczenia, kt\u00f3ry opiera si\u0119 na zgodno\u015bci percepcyjnej, aktywnym uczestnictwie pacjenta i wsp\u00f3lnym tworzeniu sensu w procesie terapeutycznym.<\/p>\n<p>&nbsp;<\/p>\n<p><b>Cele nauczania:<\/b><\/p>\n<p>Po zako\u0144czeniu webinarium uczestnicy b\u0119d\u0105 w stanie:<\/p>\n<ul>\n<li><i>zdefiniowa\u0107<\/i> najwa\u017cniejsze koncepcje teoretyczne, kt\u00f3re le\u017c\u0105 u podstaw paradygmatu neuroestetyczno-enaktywnego.<\/li>\n<li><i>Opisa\u0107<\/i> kliniczne znaczenie sp\u00f3jno\u015bci estetycznej i niezmiennik\u00f3w percepcyjnych w ocenie osteopatycznej.<\/li>\n<li><i>Odr\u00f3\u017cni\u0107<\/i> paradygmat NE od tradycyjnych strukturalnych podej\u015b\u0107 do dysfunkcji somatycznej.<\/li>\n<li><i>Zastosowa\u0107<\/i> podstawowe zasady modelu \u201ePatient Active Osteopathic Approaches\u201d (PAOA) do argumentacji klinicznej.<\/li>\n<li><i>Przeanalizowa\u0107<\/i> wybrane studia przypadk\u00f3w, kt\u00f3re ilustruj\u0105, jak paradygmat NE wspiera partycypacyjne strategie leczenia.<\/li>\n<\/ul>\n<p><b>Tre\u015b\u0107 orientacyjna:<\/b><\/p>\n<ul>\n<li>Od TART do zgodno\u015bci percepcyjnej: ewoluuj\u0105ce modele dysfunkcji<\/li>\n<li>Estetyczne niezmienniki i uciele\u015bnione znaczenie w ocenie klinicznej<\/li>\n<li>Wprowadzenie do Patient Active Osteopathic Approaches (PAOA)<\/li>\n<li>Dyskusja oparta na przypadkach dotycz\u0105cych zastosowa\u0144 NE w praktyce osteopatycznej<\/li>\n<li>Otwarta sesja pyta\u0144 i odpowiedzi z interakcj\u0105 z publiczno\u015bci\u0105<\/li>\n<\/ul>\n<p><strong>UWAGA:<br \/>\n<\/strong> To webinarium odbywa si\u0119 na \u017cywo online i nie b\u0119dzie t\u0142umaczone na j\u0119zyk niemiecki ani nagrywane!<\/p>\n<p>&nbsp;<\/p>\n<p>&nbsp;<\/p>\n","protected":false},"excerpt":{"rendered":"<p>To 90-minutowe webinarium przedstawia podstawowe zasady paradygmatu neuroestetyczno-enaktywnego (NE) i ilustruje, jak mo\u017ce on przekszta\u0142ci\u0107 my\u015blenie osteopatyczne i proces podejmowania decyzji klinicznych. Wychodz\u0105c od neuronauki percepcji, enaktywizmu i uciele\u015bnionego poznania, to podej\u015bcie reinterpretuje dysfunkcje somatyczne jako utrat\u0119 sp\u00f3jno\u015bci estetycznej i funkcjonalnej zdolno\u015bci adaptacji, a nie jako problem czysto strukturalny. Na podstawie teoretycznych dyskusji i przyk\u0142ad\u00f3w [&hellip;]<\/p>\n","protected":false},"featured_media":9844,"template":"","format":"standard","meta":{"_acf_changed":false,"_seopress_robots_primary_cat":"none","_seopress_titles_title":"","_seopress_titles_desc":"","_seopress_robots_index":""},"kategorie-kurs":[105,150],"product_brand":[],"product_cat":[140,97],"product_tag":[],"class_list":{"0":"post-10297","1":"product","2":"type-product","3":"status-publish","4":"format-standard","5":"has-post-thumbnail","7":"kategorie-kurs-online-seminar-en","8":"kategorie-kurs-seminarium-online","9":"product_cat-kursy-mistrzowskie","10":"product_cat-masterclasses-en","11":"tm-no-options","13":"first","14":"outofstock","15":"purchasable","16":"product-type-simple"},"acf":{"dozenten_relation":[11415],"doznew":["Giacomo Consorti (ITA)"],"anzahl-plaetze":60,"frage_sprache":"Englisch","ort":"Online","kursgebuehr":"29","voraussetzungen":"W szkoleniu osteopatycznym ","kursbeginn":"20260226","kurs_ende":"20260226","Anzahl Kurstage":"","kursdauer":"1,5","kurszeiten":"19:30 - 21:00","frage_nach_teil_2":"Nein","kursbeginn-teil-2":null,"kursende-teil-2":null,"Anzahl_Kurstage_Teil2":"","frage_nach_teil_3":"Bitte ausw\u00e4hlen","kursbeginn-teil-3":null,"kursende-teil-3":null,"Anzahl_Kurstage_Teil3":""},"_links":{"self":[{"href":"https:\/\/fortbildungen.osteopathie-schule.de\/pl\/wp-json\/wp\/v2\/product\/10297","targetHints":{"allow":["GET"]}}],"collection":[{"href":"https:\/\/fortbildungen.osteopathie-schule.de\/pl\/wp-json\/wp\/v2\/product"}],"about":[{"href":"https:\/\/fortbildungen.osteopathie-schule.de\/pl\/wp-json\/wp\/v2\/types\/product"}],"acf:post":[{"embeddable":true,"href":"https:\/\/fortbildungen.osteopathie-schule.de\/pl\/wp-json\/wp\/v2\/dozent\/11415"}],"wp:featuredmedia":[{"embeddable":true,"href":"https:\/\/fortbildungen.osteopathie-schule.de\/pl\/wp-json\/wp\/v2\/media\/9844"}],"wp:attachment":[{"href":"https:\/\/fortbildungen.osteopathie-schule.de\/pl\/wp-json\/wp\/v2\/media?parent=10297"}],"wp:term":[{"taxonomy":"kategorie-kurs","embeddable":true,"href":"https:\/\/fortbildungen.osteopathie-schule.de\/pl\/wp-json\/wp\/v2\/kategorie-kurs?post=10297"},{"taxonomy":"product_brand","embeddable":true,"href":"https:\/\/fortbildungen.osteopathie-schule.de\/pl\/wp-json\/wp\/v2\/product_brand?post=10297"},{"taxonomy":"product_cat","embeddable":true,"href":"https:\/\/fortbildungen.osteopathie-schule.de\/pl\/wp-json\/wp\/v2\/product_cat?post=10297"},{"taxonomy":"product_tag","embeddable":true,"href":"https:\/\/fortbildungen.osteopathie-schule.de\/pl\/wp-json\/wp\/v2\/product_tag?post=10297"}],"curies":[{"name":"wp","href":"https:\/\/api.w.org\/{rel}","templated":true}]}}