{"id":10389,"date":"2024-01-06T01:46:13","date_gmt":"2024-01-06T00:46:13","guid":{"rendered":"https:\/\/fortbildungen.osteopathie-schule.de\/?post_type=product&#038;p=10389"},"modified":"2026-03-21T12:09:32","modified_gmt":"2026-03-21T11:09:32","slug":"nat-leczenie-zlozonego-bolu-barku-biodra-i-kregozmyku-kopie","status":"publish","type":"product","link":"https:\/\/fortbildungen.osteopathie-schule.de\/pl\/kurse\/nat-leczenie-zlozonego-bolu-barku-biodra-i-kregozmyku-kopie\/","title":{"rendered":"G\u0142owa w centrum uwagi \u2013 szybkie i pewne lokalizowanie dysfunkcji osteopatycznych g\u0142owy"},"content":{"rendered":"<p>Powt\u00f3rka z anatomii ze szczeg\u00f3lnym uwzgl\u0119dnieniem zaopatrzenia naczyniowego i nerwowego (poza m\u00f3zgiem).<br \/>\nUstrukturyzowane badanie i leczenie osteopatyczne g\u0142owy.<\/p>\n<p>&nbsp;<\/p>\n<p>&nbsp;<\/p>\n<p>&nbsp;<\/p>\n","protected":false},"excerpt":{"rendered":"<p>Powt\u00f3rka z anatomii ze szczeg\u00f3lnym uwzgl\u0119dnieniem zaopatrzenia naczyniowego i nerwowego (poza m\u00f3zgiem). Ustrukturyzowane badanie i leczenie osteopatyczne g\u0142owy. &nbsp; &nbsp; &nbsp;<\/p>\n","protected":false},"featured_media":10392,"template":"","format":"standard","meta":{"_acf_changed":false,"_seopress_robots_primary_cat":"none","_seopress_titles_title":"","_seopress_titles_desc":"","_seopress_robots_index":""},"kategorie-kurs":[],"product_brand":[],"product_cat":[140,47],"product_tag":[],"class_list":{"0":"post-10389","1":"product","2":"type-product","3":"status-publish","4":"format-standard","5":"has-post-thumbnail","7":"product_cat-kursy-mistrzowskie","8":"product_cat-masterclasses","9":"tm-no-options","11":"first","12":"instock","13":"purchasable","14":"product-type-simple"},"acf":{"anzahl-plaetze":34,"frage_sprache":"Deutsch","ort":"OSD Monachium, Quagliostra\u00dfe 9, 81543 Monachium","kursgebuehr":"594","voraussetzungen":"W trakcie szkolenia osteopatycznego, wykszta\u0142cony(-a) w osteopatii","dozent":"Thomas Sorger, BSc, D.O. (AUT)","dozent_kurzbeschreibung":"Thomas Sorger jest osteopat\u0105 i cz\u0142onkiem Austriackiego Towarzystwa Osteopatii.\nW swoich wyk\u0142adach skupia si\u0119 na anatomii w osteopatii. <br><br>Strona internetowa:<br>https:\/\/www.osteo-graz.at\/<br><br>Wykszta\u0142cenie:<br>\u2022 Szkolenie z osteopatii w COE Ismaning<br>\u2022 Szkolenie na nauczyciela osteopatii w COE Ismaning<br>\u2022 Regularne prywatne lekcje anatomii i kilka kurs\u00f3w sekcyjnych u prof. dr. hab. n. med. Friedricha Anderhubera (\u271d) i prof. dr. Andreasa Weigleina (\u271d), Instytut Anatomii Uniwersytetu Medycznego w Grazu<br>\u2022 Dipl\u00f4me d\u00b4Ost\u00e9opathe D.O. COE Paris (pa\u0144stwowe uznanie zawodu we Francji)<br>\u2022 BSc Osteopathische Medizin DIU Dresden<br>\u2022 Dyplom DSP\u00ae<br><br>Dzia\u0142alno\u015b\u0107 dydaktyczna:<br>\u2022 2004 \u2013 2006 Asystent nauczyciela w COE<br>\u2022 2006 \u2013 2009 Nauczyciel w COE<br>\u2022 2009 \u2013 2023 Starszy nauczyciel w Holist\u00e9a \u2013 Europejskim Kolegium Osteopatii Ismaning: teoria i praktyka osteopatii oraz anatomia<br>\u2022 od 2023 Nauczyciel i doradca merytoryczny ds. osteopatii w Osteopathieschule Deutschland \/ oddzia\u0142 Monachium: teoria i praktyka osteopatii oraz anatomia<br><br>Kszta\u0142cenie nauczycieli osteopatii:<br>\u2022 Opieka nad studentami w klinice dydaktycznej, tj. wsparcie i nadz\u00f3r podczas leczenia pacjent\u00f3w<br><br>\n","frage_dozent_2":"Nein","dozent_2":"","dozent_kurzbeschreibung_2":"","alle_dozenten":"","kursbeginn":"20260410","kurs_ende":"20260412","Anzahl Kurstage":"3","kursdauer":"","kurszeiten":"\n\nPi\u0105tek: 9:00 - 18:00 Sobota: 9:00 - 18:00 Niedziela: 9:00 - 16:00","frage_nach_teil_2":"Nein","kursbeginn-teil-2":null,"kursende-teil-2":null,"Anzahl_Kurstage_Teil2":"","frage_nach_teil_3":"","kursbeginn-teil-3":null,"kursende-teil-3":null,"Anzahl_Kurstage_Teil3":"","link":"","doznew":["Thomas Sorger (AUT)"]},"_links":{"self":[{"href":"https:\/\/fortbildungen.osteopathie-schule.de\/pl\/wp-json\/wp\/v2\/product\/10389","targetHints":{"allow":["GET"]}}],"collection":[{"href":"https:\/\/fortbildungen.osteopathie-schule.de\/pl\/wp-json\/wp\/v2\/product"}],"about":[{"href":"https:\/\/fortbildungen.osteopathie-schule.de\/pl\/wp-json\/wp\/v2\/types\/product"}],"wp:featuredmedia":[{"embeddable":true,"href":"https:\/\/fortbildungen.osteopathie-schule.de\/pl\/wp-json\/wp\/v2\/media\/10392"}],"wp:attachment":[{"href":"https:\/\/fortbildungen.osteopathie-schule.de\/pl\/wp-json\/wp\/v2\/media?parent=10389"}],"wp:term":[{"taxonomy":"kategorie-kurs","embeddable":true,"href":"https:\/\/fortbildungen.osteopathie-schule.de\/pl\/wp-json\/wp\/v2\/kategorie-kurs?post=10389"},{"taxonomy":"product_brand","embeddable":true,"href":"https:\/\/fortbildungen.osteopathie-schule.de\/pl\/wp-json\/wp\/v2\/product_brand?post=10389"},{"taxonomy":"product_cat","embeddable":true,"href":"https:\/\/fortbildungen.osteopathie-schule.de\/pl\/wp-json\/wp\/v2\/product_cat?post=10389"},{"taxonomy":"product_tag","embeddable":true,"href":"https:\/\/fortbildungen.osteopathie-schule.de\/pl\/wp-json\/wp\/v2\/product_tag?post=10389"}],"curies":[{"name":"wp","href":"https:\/\/api.w.org\/{rel}","templated":true}]}}