{"id":10427,"date":"2024-01-03T03:10:40","date_gmt":"2024-01-03T02:10:40","guid":{"rendered":"https:\/\/fortbildungen.osteopathie-schule.de\/?post_type=product&#038;p=10427"},"modified":"2026-03-09T14:28:04","modified_gmt":"2026-03-09T13:28:04","slug":"czy-refluks-jest-odruchem-mapa-ciala-3d-odruchy-pnia-mozgu-i-funkcja-gornego-odcinka-przewodu-pokarmowego-kopie-kopie-kopie-kopie","status":"publish","type":"product","link":"https:\/\/fortbildungen.osteopathie-schule.de\/pl\/kurse\/czy-refluks-jest-odruchem-mapa-ciala-3d-odruchy-pnia-mozgu-i-funkcja-gornego-odcinka-przewodu-pokarmowego-kopie-kopie-kopie-kopie\/","title":{"rendered":"G\u0142owa, obszar czaszkowo-szyjny i g\u00f3rne \u015br\u00f3dpiersie: Hydrodynamika uk\u0142adu czaszkowo-kr\u0119gowego"},"content":{"rendered":"<p>W tym seminarium online na \u017cywo Christian Fossum przedstawia zagadnienia dotycz\u0105ce badania anatomicznych, funkcjonalnych i fizjologicznych powi\u0105za\u0144 mi\u0119dzy hydrodynamik\u0105 uk\u0142adu czaszkowo-kr\u0119gowego, uk\u0142adem ruchu, powi\u0119ziami i b\u0142onami, dynamik\u0105 ci\u015bnienia w jamach cia\u0142a oraz uk\u0142adem nerwowym.<\/p>\n<p><strong>UWAGA:<br \/>\n<\/strong>To webinarium odbywa si\u0119 na \u017cywo online i nie b\u0119dzie nagrywane!<\/p>\n<p><strong>Informacje o weekendowym seminarium z Christianem Fossum w dniach 17-19 kwietnia w Hamburgu znajdziesz tutaj:<\/strong><br \/>\n<strong> <a href=\"https:\/\/fortbildungen.osteopathie-schule.de\/pl\/kurse\/osteopatyczne-rozwazania-na-temat-bolu-kopie\/\" target=\"_blank\" rel=\"noopener\">G\u0142owa, region czaszkowo-szyjny i g\u00f3rne \u015br\u00f3dpiersie: Hydrodynamika uk\u0142adu czaszkowo-kr\u0119gowego<\/a> <\/strong><\/p>\n<p>&nbsp;<\/p>\n","protected":false},"excerpt":{"rendered":"<p>W tym seminarium online na \u017cywo Christian Fossum przedstawia zagadnienia dotycz\u0105ce badania anatomicznych, funkcjonalnych i fizjologicznych powi\u0105za\u0144 mi\u0119dzy hydrodynamik\u0105 uk\u0142adu czaszkowo-kr\u0119gowego, uk\u0142adem ruchu, powi\u0119ziami i b\u0142onami, dynamik\u0105 ci\u015bnienia w jamach cia\u0142a oraz uk\u0142adem nerwowym. UWAGA: To webinarium odbywa si\u0119 na \u017cywo online i nie b\u0119dzie nagrywane! Informacje o weekendowym seminarium z Christianem Fossum w dniach [&hellip;]<\/p>\n","protected":false},"featured_media":6250,"template":"","format":"standard","meta":{"_acf_changed":false,"_seopress_robots_primary_cat":"none","_seopress_titles_title":"","_seopress_titles_desc":"","_seopress_robots_index":""},"kategorie-kurs":[],"product_brand":[],"product_cat":[140,97],"product_tag":[],"class_list":{"0":"post-10427","1":"product","2":"type-product","3":"status-publish","4":"format-standard","5":"has-post-thumbnail","7":"product_cat-kursy-mistrzowskie","8":"product_cat-masterclasses-en","9":"tm-no-options","11":"first","12":"instock","13":"purchasable","14":"product-type-simple"},"acf":{"dozenten_relation":[11422],"doznew":["Christian Fossum (NOR)"],"anzahl-plaetze":100,"frage_sprache":"Deutsch","ort":"Online","kursgebuehr":"29","voraussetzungen":"W szkoleniu osteopatycznym ","kursbeginn":"20260305","kurs_ende":"20260305","Anzahl Kurstage":"","kursdauer":"1,5","kurszeiten":"19:30 - 21:00","frage_nach_teil_2":"Nein","kursbeginn-teil-2":null,"kursende-teil-2":null,"Anzahl_Kurstage_Teil2":"","frage_nach_teil_3":"Bitte ausw\u00e4hlen","kursbeginn-teil-3":null,"kursende-teil-3":null,"Anzahl_Kurstage_Teil3":""},"_links":{"self":[{"href":"https:\/\/fortbildungen.osteopathie-schule.de\/pl\/wp-json\/wp\/v2\/product\/10427","targetHints":{"allow":["GET"]}}],"collection":[{"href":"https:\/\/fortbildungen.osteopathie-schule.de\/pl\/wp-json\/wp\/v2\/product"}],"about":[{"href":"https:\/\/fortbildungen.osteopathie-schule.de\/pl\/wp-json\/wp\/v2\/types\/product"}],"acf:post":[{"embeddable":true,"href":"https:\/\/fortbildungen.osteopathie-schule.de\/pl\/wp-json\/wp\/v2\/dozent\/11422"}],"wp:featuredmedia":[{"embeddable":true,"href":"https:\/\/fortbildungen.osteopathie-schule.de\/pl\/wp-json\/wp\/v2\/media\/6250"}],"wp:attachment":[{"href":"https:\/\/fortbildungen.osteopathie-schule.de\/pl\/wp-json\/wp\/v2\/media?parent=10427"}],"wp:term":[{"taxonomy":"kategorie-kurs","embeddable":true,"href":"https:\/\/fortbildungen.osteopathie-schule.de\/pl\/wp-json\/wp\/v2\/kategorie-kurs?post=10427"},{"taxonomy":"product_brand","embeddable":true,"href":"https:\/\/fortbildungen.osteopathie-schule.de\/pl\/wp-json\/wp\/v2\/product_brand?post=10427"},{"taxonomy":"product_cat","embeddable":true,"href":"https:\/\/fortbildungen.osteopathie-schule.de\/pl\/wp-json\/wp\/v2\/product_cat?post=10427"},{"taxonomy":"product_tag","embeddable":true,"href":"https:\/\/fortbildungen.osteopathie-schule.de\/pl\/wp-json\/wp\/v2\/product_tag?post=10427"}],"curies":[{"name":"wp","href":"https:\/\/api.w.org\/{rel}","templated":true}]}}