{"id":10640,"date":"2026-02-26T11:17:37","date_gmt":"2026-02-26T10:17:37","guid":{"rendered":"https:\/\/fortbildungen.osteopathie-schule.de\/?post_type=product&#038;p=10640"},"modified":"2026-02-26T16:03:53","modified_gmt":"2026-02-26T15:03:53","slug":"odzywianie-w-leczeniu-osteopatycznym-kopie-2","status":"publish","type":"product","link":"https:\/\/fortbildungen.osteopathie-schule.de\/pl\/kurse\/odzywianie-w-leczeniu-osteopatycznym-kopie-2\/","title":{"rendered":"Coaching osteopatyczny uk\u0142adu odporno\u015bciowego"},"content":{"rendered":"<ul>\n<li>Sk\u0142adniki uk\u0142adu odporno\u015bciowego i ich funkcje<\/li>\n<li>Wzorce reakcji na patogeny wirusowe i mo\u017cliwe allostazy<\/li>\n<li>Wzorce reakcji na patogeny bakteryjne i mo\u017cliwe allostazy<\/li>\n<li>Bariera jamy ustnej i strategie coachingowe<\/li>\n<li>Bariera jelitowa, zesp\u00f3\u0142 nieszczelnego jelita i strategie coachingowe<\/li>\n<li>Bariera sk\u00f3rna i strategie coachingowe<\/li>\n<li>Bariera p\u0142ucna i strategie coachingowe<\/li>\n<li>Mikrobiom i strategie coachingowe<\/li>\n<li>Procesy zapalne i strategie coachingowe<\/li>\n<\/ul>\n<p><span style=\"color: #ffffff;\">Wyk\u0142adowca: Torsten Liem<\/span><\/p>\n","protected":false},"excerpt":{"rendered":"<p>Sk\u0142adniki uk\u0142adu odporno\u015bciowego i ich funkcje Wzorce reakcji na patogeny wirusowe i mo\u017cliwe allostazy Wzorce reakcji na patogeny bakteryjne i mo\u017cliwe allostazy Bariera jamy ustnej i strategie coachingowe Bariera jelitowa, zesp\u00f3\u0142 nieszczelnego jelita i strategie coachingowe Bariera sk\u00f3rna i strategie coachingowe Bariera p\u0142ucna i strategie coachingowe Mikrobiom i strategie coachingowe Procesy zapalne i strategie coachingowe [&hellip;]<\/p>\n","protected":false},"featured_media":6350,"template":"","format":"standard","meta":{"_acf_changed":false,"_seopress_robots_primary_cat":"none","_seopress_titles_title":"","_seopress_titles_desc":"","_seopress_robots_index":""},"kategorie-kurs":[150,141],"product_brand":[],"product_cat":[140,97],"product_tag":[],"class_list":{"0":"post-10640","1":"product","2":"type-product","3":"status-publish","4":"format-standard","5":"has-post-thumbnail","7":"kategorie-kurs-seminarium-online","8":"kategorie-kurs-uklad-limfatyczny-i-odpornosciowy","9":"product_cat-kursy-mistrzowskie","10":"product_cat-masterclasses-en","11":"tm-no-options","13":"first","14":"instock","15":"purchasable","16":"product-type-simple"},"acf":{"dozenten_relation":[11428],"doznew":["Torsten Liem (DEU)"],"anzahl-plaetze":30,"frage_sprache":"Deutsch","ort":"Online","kursgebuehr":"396","voraussetzungen":"uko\u0144czone szkolenie z osteopatii, w trakcie szkolenia z osteopatii (3 rok)","kursbeginn":"20271203","kurs_ende":"20271204","Anzahl Kurstage":"2","kursdauer":"","kurszeiten":"Pi\u0105tek. \r\n09:00-17:00 sob. 9:00-15:00 ","frage_nach_teil_2":"Nein","kursbeginn-teil-2":null,"kursende-teil-2":null,"Anzahl_Kurstage_Teil2":"","frage_nach_teil_3":"Bitte ausw\u00e4hlen","kursbeginn-teil-3":null,"kursende-teil-3":null,"Anzahl_Kurstage_Teil3":""},"_links":{"self":[{"href":"https:\/\/fortbildungen.osteopathie-schule.de\/pl\/wp-json\/wp\/v2\/product\/10640","targetHints":{"allow":["GET"]}}],"collection":[{"href":"https:\/\/fortbildungen.osteopathie-schule.de\/pl\/wp-json\/wp\/v2\/product"}],"about":[{"href":"https:\/\/fortbildungen.osteopathie-schule.de\/pl\/wp-json\/wp\/v2\/types\/product"}],"acf:post":[{"embeddable":true,"href":"https:\/\/fortbildungen.osteopathie-schule.de\/pl\/wp-json\/wp\/v2\/dozent\/11428"}],"wp:featuredmedia":[{"embeddable":true,"href":"https:\/\/fortbildungen.osteopathie-schule.de\/pl\/wp-json\/wp\/v2\/media\/6350"}],"wp:attachment":[{"href":"https:\/\/fortbildungen.osteopathie-schule.de\/pl\/wp-json\/wp\/v2\/media?parent=10640"}],"wp:term":[{"taxonomy":"kategorie-kurs","embeddable":true,"href":"https:\/\/fortbildungen.osteopathie-schule.de\/pl\/wp-json\/wp\/v2\/kategorie-kurs?post=10640"},{"taxonomy":"product_brand","embeddable":true,"href":"https:\/\/fortbildungen.osteopathie-schule.de\/pl\/wp-json\/wp\/v2\/product_brand?post=10640"},{"taxonomy":"product_cat","embeddable":true,"href":"https:\/\/fortbildungen.osteopathie-schule.de\/pl\/wp-json\/wp\/v2\/product_cat?post=10640"},{"taxonomy":"product_tag","embeddable":true,"href":"https:\/\/fortbildungen.osteopathie-schule.de\/pl\/wp-json\/wp\/v2\/product_tag?post=10640"}],"curies":[{"name":"wp","href":"https:\/\/api.w.org\/{rel}","templated":true}]}}