{"id":10647,"date":"2024-01-21T10:46:59","date_gmt":"2024-01-21T09:46:59","guid":{"rendered":"https:\/\/fortbildungen.osteopathie-schule.de\/?post_type=product&#038;p=10647"},"modified":"2026-03-02T14:15:37","modified_gmt":"2026-03-02T13:15:37","slug":"suche-iglowanie-stymulacja-domiesniowa-ims-kopie-4","status":"publish","type":"product","link":"https:\/\/fortbildungen.osteopathie-schule.de\/pl\/kurse\/suche-iglowanie-stymulacja-domiesniowa-ims-kopie-4\/","title":{"rendered":"Dry Needling &#8211; Stymulacja domi\u0119\u015bniowa (IMS) ZAAWANSOWANY"},"content":{"rendered":"<p><b>DZIE\u0143 1 \u2013 G\u0141OWA, TWARZ, KLATKA PIERSIOWA I ZESPO\u0141Y UCISKU NERW\u00d3W<\/b><\/p>\n<p><b>DZIE\u0143 2 &#8211; PRZEDPO\u0141UDNIE<\/b><\/p>\n<p>TMD i b\u00f3le orofacjalne<\/p>\n<p><i>(Mi\u0119\u015bnie skroniowy, skrzyd\u0142owy boczny i przy\u015brodkowy, \u017cwacz, mi\u0119\u015bnie mimiczne: procerus, buccinator, corrugator, platysma)<\/i><\/p>\n<p><b>1. Przegl\u0105d kliniczny<\/b><\/p>\n<p><b>Dlaczego TMD i b\u00f3le twarzy s\u0105 cz\u0119sto b\u0142\u0119dnie diagnozowane:<\/b><\/p>\n<ul>\n<li>\u201eB\u00f3l z\u0119ba\u201d, kt\u00f3ry jest w rzeczywisto\u015bci b\u00f3lem mi\u0119\u015bniowym<\/li>\n<li>Ci\u0105g\u0142o\u015b\u0107 b\u00f3lu g\u0142owy, szcz\u0119ki i szyi<\/li>\n<li>Jak okluzja i postawa wsp\u00f3\u0142dzia\u0142aj\u0105 z kraniofacjalnymi punktami spustowymi<\/li>\n<li>Uwra\u017cliwienie dr\u00f3g nerwu tr\u00f3jdzielnego \u2192 szeroko rozpowszechnione objawy<\/li>\n<li>Dlaczego obrazowanie rzadko pomaga<\/li>\n<\/ul>\n<p><b>2. Przypadek 1 \u2013 Jednostronny b\u00f3l szcz\u0119ki + trzaski w stawie (\u201eKlasyczne, ale myl\u0105ce TMD\u201d)<\/b><\/p>\n<p><b>Cz\u0119ste b\u0142\u0119dne diagnozy:<\/b><\/p>\n<ul>\n<li>Zwyrodnieniowa choroba staw\u00f3w<\/li>\n<li>\u201ePrzemieszczenie kr\u0105\u017cka\u201d<\/li>\n<li>Wada zgryzu<\/li>\n<\/ul>\n<p><b>Punkty spustowe:<\/b><\/p>\n<ul>\n<li>Mi\u0119sie\u0144 skrzyd\u0142owy boczny (b\u00f3l wewn\u0105trzstawowy, reprodukcja trzask\u00f3w stawowych)<\/li>\n<li>Mi\u0119sie\u0144 skrzyd\u0142owy przy\u015brodkowy (b\u00f3l gard\u0142a, g\u0142\u0119boki b\u00f3l szcz\u0119ki)<\/li>\n<li>Mi\u0119sie\u0144 \u017cwacz (b\u00f3l z\u0119ba)<\/li>\n<\/ul>\n<p><b>Mo\u017cliwe czynniki mi\u0119\u015bniowe:<\/b><\/p>\n<ul>\n<li><i>Corrugator<\/i> (b\u00f3l czo\u0142a\/oczu)<\/li>\n<li><i>Procerus<\/i> (ucisk na czo\u0142o)<\/li>\n<li><i>Buccinator<\/i> (dyskomfort w policzku \u2192 dyskomfort z\u0119bowy)<\/li>\n<li><i>Platysma<\/i> (przednia cz\u0119\u015b\u0107 gard\u0142a, dyskomfort szcz\u0119ki)<\/li>\n<\/ul>\n<p><b>DZIE\u0143 1 &#8211; POPO\u0141UDNIE<\/b><\/p>\n<p><b>B\u00f3l w klatce piersiowej i zespo\u0142y ucisku nerw\u00f3w<\/b><\/p>\n<p><b><i>(Mi\u0119sie\u0144 piersiowy mniejszy, mi\u0119sie\u0144 piersiowy wi\u0119kszy, mi\u0119sie\u0144 z\u0119baty przedni \u00b7 mi\u0119sie\u0144 nawrotny ob\u0142y \u00b7 \u201ekoncepcje podw\u00f3jnego ucisku\u201d)<\/i><\/b><\/p>\n<p><b>1. Przegl\u0105d kliniczny<\/b><\/p>\n<p><b>Dlaczego 30% \u201eb\u00f3lu w klatce piersiowej\u201d ma charakter mi\u0119\u015bniowo-szkieletowy:<\/b><\/p>\n<ul>\n<li>L\u0119k i mechanika oddechowa<\/li>\n<li>Przeniesienie b\u00f3lu z mi\u0119\u015bnia piersiowego mniejszego na \u015bcian\u0119 klatki piersiowej i \u0142opatk\u0119<\/li>\n<li>B\u00f3l \u017ceber\/boku od mi\u0119\u015bnia z\u0119batego przedniego, b\u0142\u0119dnie interpretowany jako trzewny<\/li>\n<\/ul>\n<p><b>Ortopedyczna diagnoza wykluczenia:<\/b><\/p>\n<ul>\n<li>Oznaki ostrzegawcze (sercowe, zapalenie chrz\u0105stki \u017cebrowej, p\u0142ucne)<\/li>\n<li>Proste testy spr\u0119\u017cynowania \u017ceber<\/li>\n<\/ul>\n<p><b>2. Przypadek 1 \u2013 Ucisk w klatce piersiowej, stany l\u0119kowe, parestezje w ramieniu<\/b><\/p>\n<p><b>Cz\u0119ste b\u0142\u0119dne diagnozy:<\/b><\/p>\n<ul>\n<li>Zapalenie chrz\u0105stki \u017cebrowej<\/li>\n<li>Badanie serca z negatywnymi wynikami<\/li>\n<\/ul>\n<p><b>Wa\u017cne mi\u0119\u015bnie:<\/b><\/p>\n<ul>\n<li>Mi\u0119sie\u0144 piersiowy mniejszy (g\u0142\u00f3wny)<\/li>\n<li>Mi\u0119sie\u0144 z\u0119baty przedni<\/li>\n<li>Mi\u0119sie\u0144 piersiowy wi\u0119kszy (cz\u0119\u015bci mostkowa i obojczykowa)<\/li>\n<\/ul>\n<p><b>3. Przypadek 2 \u2013 Uci\u015bni\u0119cie nerwu po\u015brodkowego (zesp\u00f3\u0142 mi\u0119\u015bnia nawrotnego ob\u0142ego vs. kana\u0142 nadgarstka)<\/b><\/p>\n<p><b>DZIE\u0143 2 \u2013 MIEDNICA, BRZUCH, TRZEWNE B\u00d3LE ODNIESIONE, PRZEDRAMI\u0118 I D\u0141O\u0143<\/b><\/p>\n<p><b>DZIE\u0143 2 \u2013 PRZEDPO\u0141UDNIE<\/b><\/p>\n<p><b>B\u00f3l miednicy (w tym konteksty ginekologiczne) + b\u00f3le brzucha i trzewno-somatyczne<\/b><\/p>\n<p><b><i>(Przywodziciele, kompleks GiGO, mi\u0119sie\u0144 zas\u0142onowy wewn\u0119trzny; mi\u0119sie\u0144 sko\u015bny zewn\u0119trzny brzucha, mi\u0119sie\u0144 prosty brzucha, mi\u0119sie\u0144 l\u0119d\u017awiowy wi\u0119kszy)<\/i><\/b><\/p>\n<p><b>1. Przegl\u0105d kliniczny<\/b><\/p>\n<p><b>Zrozumienie miednicy jako neuromi\u0119\u015bniowo-powi\u0119ziowego w\u0119z\u0142a:<\/b><\/p>\n<ul>\n<li>Dno miednicy \u2013 rotator biodra \u2013 \u0142a\u0144cuch mi\u0119\u015bni brzucha<\/li>\n<li>Trzewno-somatyczne odniesienie (jelito grube, p\u0119cherz, macica, jajniki)<\/li>\n<li>Jak punkty spustowe imituj\u0105 b\u00f3l trzewny<\/li>\n<li>Dlaczego przewlek\u0142y b\u00f3l miednicy rzadko jest spowodowany \u201etylko dnem miednicy\u201d<\/li>\n<\/ul>\n<p><b>2. Przypadek 1 \u2013 B\u00f3l ginekologiczny (ale pochodzenia mi\u0119\u015bniowo-szkieletowego)<\/b><\/p>\n<p><b>Obecne objawy:<\/b><\/p>\n<ul>\n<li>B\u00f3l podczas stosunku<\/li>\n<li>G\u0142\u0119boki b\u00f3l miednicy<\/li>\n<li>B\u00f3l pachwiny przy rotacji biodra<\/li>\n<\/ul>\n<p><b>Mi\u0119\u015bnie:<\/b><\/p>\n<ul>\n<li>Mi\u0119sie\u0144 zas\u0142onowy wewn\u0119trzny<\/li>\n<li>Kompleks GiGO<\/li>\n<li>Przywodziciele<\/li>\n<\/ul>\n<p><b>3. Przypadek 2 \u2013 B\u00f3l brzucha: Trzewny vs. mi\u0119\u015bniowo-powi\u0119ziowy<\/b><\/p>\n<p><b>Objawy:<\/b><\/p>\n<ul>\n<li>\u201eK\u0142ucie\u201d w mi\u0119\u015bniu sko\u015bnym zewn\u0119trznym i prostym brzucha<\/li>\n<li>Objawy rzekomego zapalenia wyrostka robaczkowego<\/li>\n<li>B\u00f3l j\u0105der i b\u00f3l PID<\/li>\n<li>B\u00f3l ginekologiczny<\/li>\n<\/ul>\n<p><b>Mi\u0119\u015bnie:<\/b><\/p>\n<ul>\n<li>Mi\u0119sie\u0144 sko\u015bny zewn\u0119trzny brzucha<\/li>\n<li>Mi\u0119sie\u0144 prosty brzucha<\/li>\n<li>Mi\u0119sie\u0144 l\u0119d\u017awiowy wi\u0119kszy<\/li>\n<\/ul>\n<p><b>Aspekt neurologiczny:<\/b><\/p>\n<p><b>Drogi trzewno-somatyczne:<\/b><\/p>\n<ul>\n<li>Jak podra\u017cnienia narz\u0105d\u00f3w uwra\u017cliwiaj\u0105 odpowiednie segmenty kr\u0119gos\u0142upa<\/li>\n<li>Punkty spustowe jako strefy wzmocnienia rdzenia kr\u0119gowego<\/li>\n<\/ul>\n<p><b>4. Synteza:<\/b><\/p>\n<p><b>Algorytm miedniczno-brzuszny<\/b><\/p>\n<ul>\n<li>Pierwotne czynniki miedniczne<\/li>\n<li>Czynniki brzuszne<\/li>\n<li>Mimikra trzewna<\/li>\n<li>Jak sekwencjonowa\u0107 IMS w przewlek\u0142ym, nierozwi\u0105zanym b\u00f3lu miednicy<\/li>\n<\/ul>\n<p><b>DZIE\u0143 2 \u2013 POPO\u0141UDNIE<\/b><\/p>\n<p><b>Systemy zginaczy ko\u0144czyn g\u00f3rnych oraz mi\u0119\u015bnie wewn\u0119trzne d\u0142oni i st\u00f3p<\/b><\/p>\n<p><b><i>(Mi\u0119sie\u0144 zginacz promieniowy nadgarstka, mi\u0119sie\u0144 d\u0142oniowy d\u0142ugi, mi\u0119sie\u0144 zginacz powierzchowny i g\u0142\u0119boki palc\u00f3w, mi\u0119\u015bnie mi\u0119dzykostne d\u0142oni; mi\u0119\u015bnie wewn\u0119trzne stopy)<\/i><\/b><\/p>\n<p><b>1. Przegl\u0105d kliniczny<\/b><\/p>\n<p><b>Dlaczego grupy zginaczy przedramienia powoduj\u0105 uporczywe objawy w d\u0142oni:<\/b><\/p>\n<ul>\n<li>Obci\u0105\u017cenie chwytem + powtarzaj\u0105ce si\u0119 obci\u0105\u017cenie<\/li>\n<li>Wk\u0142ad odcinka szyjnego kr\u0119gos\u0142upa<\/li>\n<li>Dlaczego samo leczenie nadgarstka zawodzi<\/li>\n<li>\u0141a\u0144cuch d\u0142o\u0144-przedrami\u0119-bark<\/li>\n<\/ul>\n<p><b>2. Przypadek 1 \u2013 Przy\u015brodkowy b\u00f3l przedramienia + s\u0142aby chwyt<\/b><\/p>\n<p><b>Cz\u0119sto b\u0142\u0119dnie diagnozowany jako:<\/b><\/p>\n<ul>\n<li>\u201e\u0141okie\u0107 golfisty\u201d<\/li>\n<li>Zesp\u00f3\u0142 cie\u015bni nadgarstka<\/li>\n<li>Tendinopatia<\/li>\n<\/ul>\n<p><b>Zaanga\u017cowane mi\u0119\u015bnie:<\/b><\/p>\n<ul>\n<li>Mi\u0119sie\u0144 zginacz promieniowy nadgarstka<\/li>\n<li>Mi\u0119sie\u0144 d\u0142oniowy d\u0142ugi<\/li>\n<li>Mi\u0119sie\u0144 zginacz powierzchowny i g\u0142\u0119boki palc\u00f3w<\/li>\n<\/ul>\n<p><b>3. Mi\u0119\u015bnie wewn\u0119trzne d\u0142oni i st\u00f3p (mini-modu\u0142)<\/b><\/p>\n<p><b>Zastosowania:<\/b><\/p>\n<ul>\n<li>Zesp\u00f3\u0142 RSI (Repetitive Strain Injury)<\/li>\n<li>Metatarsalgia<\/li>\n<li>Podeszwowy b\u00f3l pi\u0119ty<\/li>\n<\/ul>\n<p><b>Mi\u0119\u015bnie:<\/b><\/p>\n<ul>\n<li>Mi\u0119sie\u0144 czworoboczny podeszwy<\/li>\n<li>Mi\u0119\u015bnie glistowate<\/li>\n<li>Mi\u0119\u015bnie mi\u0119dzykostne<\/li>\n<li>Mi\u0119sie\u0144 odwodziciel palucha<\/li>\n<li>Mi\u0119sie\u0144 zginacz kr\u00f3tki palucha<\/li>\n<li>Mi\u0119\u015bnie mi\u0119dzykostne stopy<\/li>\n<\/ul>\n<p>&nbsp;<\/p>\n<p>&nbsp;<\/p>\n","protected":false},"excerpt":{"rendered":"<p>DZIE\u0143 1 \u2013 G\u0141OWA, TWARZ, KLATKA PIERSIOWA I ZESPO\u0141Y UCISKU NERW\u00d3W DZIE\u0143 2 &#8211; PRZEDPO\u0141UDNIE TMD i b\u00f3le orofacjalne (Mi\u0119\u015bnie skroniowy, skrzyd\u0142owy boczny i przy\u015brodkowy, \u017cwacz, mi\u0119\u015bnie mimiczne: procerus, buccinator, corrugator, platysma) 1. Przegl\u0105d kliniczny Dlaczego TMD i b\u00f3le twarzy s\u0105 cz\u0119sto b\u0142\u0119dnie diagnozowane: \u201eB\u00f3l z\u0119ba\u201d, kt\u00f3ry jest w rzeczywisto\u015bci b\u00f3lem mi\u0119\u015bniowym Ci\u0105g\u0142o\u015b\u0107 b\u00f3lu g\u0142owy, [&hellip;]<\/p>\n","protected":false},"featured_media":6125,"template":"","format":"standard","meta":{"_acf_changed":false,"_seopress_robots_primary_cat":"none","_seopress_titles_title":"","_seopress_titles_desc":"","_seopress_robots_index":""},"kategorie-kurs":[173],"product_brand":[],"product_cat":[140,47],"product_tag":[],"class_list":{"0":"post-10647","1":"product","2":"type-product","3":"status-publish","4":"format-standard","5":"has-post-thumbnail","7":"kategorie-kurs-przewlekly-bol","8":"product_cat-kursy-mistrzowskie","9":"product_cat-masterclasses","10":"tm-no-options","12":"first","13":"instock","14":"purchasable","15":"product-type-simple"},"acf":{"anzahl-plaetze":32,"frage_sprache":"Englisch mit deutscher \u00dcbersetzung","ort":"OSD Berlin, ul. Oudenarder 16, 13347 Berlin","kursgebuehr":"596","voraussetzungen":"Udzia\u0142 w poprzednim kursie: Dry Needling _ Stymulacja domi\u0119\u015bniowa (IMS)","dozent":"Simeon Niel-Asher (GBR)","dozent_kurzbeschreibung":"Osteopata Simeons Niel-Asher jest starszym instruktorem w Izraelskim Towarzystwie Medycyny Mi\u0119\u015bniowo-Szkieletowej i autorem dw\u00f3ch podr\u0119cznik\u00f3w dotycz\u0105cych punkt\u00f3w spustowych.","frage_dozent_2":"Ja","dozent_2":"Prof. Bob Gerwin (USA)","dozent_kurzbeschreibung_2":"Prof. Bob Gerwin jest neurologiem i by\u0142ym szefem medycyny b\u00f3lu na Uniwersytecie Johnsa Hopkinsa. Jest jednym z za\u0142o\u017cycieli ruchu punkt\u00f3w spustowych i wprowadzi\u0142 dr Travell i dr Simons. Publikowa\u0142 obszernie na temat medycyny punkt\u00f3w spustowych i jest uznawany za \u015bwiatowego lidera w dziedzinie g\u0142\u0119bokiego suchego ig\u0142owania - stymulacji domi\u0119\u015bniowej (IMS).  ","alle_dozenten":"","kursbeginn":"20260906","kurs_ende":"20260907","Anzahl Kurstage":"2","kursdauer":"","kurszeiten":"Niedziela: 9:00-18:00\nPoniedzia\u0142ek: 9:00-16:00","frage_nach_teil_2":"Nein","kursbeginn-teil-2":null,"kursende-teil-2":null,"Anzahl_Kurstage_Teil2":"","frage_nach_teil_3":"","kursbeginn-teil-3":null,"kursende-teil-3":null,"Anzahl_Kurstage_Teil3":"","link":"","doznew":["Bob Gerwin (USA)","Simeon Niel-Asher (GBR)"]},"_links":{"self":[{"href":"https:\/\/fortbildungen.osteopathie-schule.de\/pl\/wp-json\/wp\/v2\/product\/10647","targetHints":{"allow":["GET"]}}],"collection":[{"href":"https:\/\/fortbildungen.osteopathie-schule.de\/pl\/wp-json\/wp\/v2\/product"}],"about":[{"href":"https:\/\/fortbildungen.osteopathie-schule.de\/pl\/wp-json\/wp\/v2\/types\/product"}],"wp:featuredmedia":[{"embeddable":true,"href":"https:\/\/fortbildungen.osteopathie-schule.de\/pl\/wp-json\/wp\/v2\/media\/6125"}],"wp:attachment":[{"href":"https:\/\/fortbildungen.osteopathie-schule.de\/pl\/wp-json\/wp\/v2\/media?parent=10647"}],"wp:term":[{"taxonomy":"kategorie-kurs","embeddable":true,"href":"https:\/\/fortbildungen.osteopathie-schule.de\/pl\/wp-json\/wp\/v2\/kategorie-kurs?post=10647"},{"taxonomy":"product_brand","embeddable":true,"href":"https:\/\/fortbildungen.osteopathie-schule.de\/pl\/wp-json\/wp\/v2\/product_brand?post=10647"},{"taxonomy":"product_cat","embeddable":true,"href":"https:\/\/fortbildungen.osteopathie-schule.de\/pl\/wp-json\/wp\/v2\/product_cat?post=10647"},{"taxonomy":"product_tag","embeddable":true,"href":"https:\/\/fortbildungen.osteopathie-schule.de\/pl\/wp-json\/wp\/v2\/product_tag?post=10647"}],"curies":[{"name":"wp","href":"https:\/\/api.w.org\/{rel}","templated":true}]}}