{"id":10652,"date":"2024-01-10T13:10:25","date_gmt":"2024-01-10T12:10:25","guid":{"rendered":"https:\/\/fortbildungen.osteopathie-schule.de\/?post_type=product&#038;p=10652"},"modified":"2026-03-31T13:17:17","modified_gmt":"2026-03-31T11:17:17","slug":"coaching-osteopatyczny-ukladu-odpornosciowego-kopie","status":"publish","type":"product","link":"https:\/\/fortbildungen.osteopathie-schule.de\/pl\/kurse\/coaching-osteopatyczny-ukladu-odpornosciowego-kopie\/","title":{"rendered":"Problemy z niep\u0142odno\u015bci\u0105 a o\u015b m\u00f3zg-jelita-miednica \u2013 osteopatyczne podej\u015bcie integracyjne"},"content":{"rendered":"<p>Problemy z niep\u0142odno\u015bci\u0105 a o\u015b m\u00f3zg-jelita-miednica \u2013 osteopatyczne podej\u015bcie integracyjne<\/p>\n<p>To seminarium online na \u017cywo prowadzi do\u015bwiadczona wyk\u0142adowczyni Nathalie Camirand. Tematyka obejmuje pierwsze spojrzenie na problemy z niep\u0142odno\u015bci\u0105 oraz o\u015b m\u00f3zg-jelita-miednica w praktyce osteopatycznej. <\/p>\n<p>To wydarzenie odbywa si\u0119 online na \u017cywo. Seminarium nie b\u0119dzie t\u0142umaczone na niemiecki i nie zostanie udost\u0119pnione \u017cadne nagranie! <\/p>\n<p><span style=\"color: #ffffff;\">Wyk\u0142adowca: Torsten Liem<\/span><\/p>\n","protected":false},"excerpt":{"rendered":"<p>Problemy z niep\u0142odno\u015bci\u0105 a o\u015b m\u00f3zg-jelita-miednica \u2013 osteopatyczne podej\u015bcie integracyjne To seminarium online na \u017cywo prowadzi do\u015bwiadczona wyk\u0142adowczyni Nathalie Camirand. Tematyka obejmuje pierwsze spojrzenie na problemy z niep\u0142odno\u015bci\u0105 oraz o\u015b m\u00f3zg-jelita-miednica w praktyce osteopatycznej. To wydarzenie odbywa si\u0119 online na \u017cywo. Seminarium nie b\u0119dzie t\u0142umaczone na niemiecki i nie zostanie udost\u0119pnione \u017cadne nagranie! Wyk\u0142adowca: Torsten [&hellip;]<\/p>\n","protected":false},"featured_media":5724,"template":"","format":"standard","meta":{"_acf_changed":false,"_seopress_robots_primary_cat":"none","_seopress_titles_title":"","_seopress_titles_desc":"","_seopress_robots_index":""},"kategorie-kurs":[163,150],"product_brand":[],"product_cat":[140,47],"product_tag":[],"class_list":{"0":"post-10652","1":"product","2":"type-product","3":"status-publish","4":"format-standard","5":"has-post-thumbnail","7":"kategorie-kurs-ginekologia","8":"kategorie-kurs-seminarium-online","9":"product_cat-kursy-mistrzowskie","10":"product_cat-masterclasses","11":"tm-no-options","13":"first","14":"instock","15":"purchasable","16":"product-type-simple"},"acf":{"anzahl-plaetze":100,"frage_sprache":"Englisch","ort":"Online","kursgebuehr":"29","voraussetzungen":"uko\u0144czone szkolenie z osteopatii, w trakcie szkolenia z osteopatii (3 rok)","dozent":"Nathalie Camirand D.O. (FRA)","dozent_kurzbeschreibung":"Nathalie Camirand, D.O. to renomowana osteopatka z Kanady. Specjalizuje si\u0119 w skuteczno\u015bci leczenia osteopatycznego kobiet z r\u00f3\u017cnymi dolegliwo\u015bciami uro-ginekologicznymi i jest znana ze swoich publikacji w tej dziedzinie. Z dyplomem z osteopatii i tytu\u0142em magistra nauk biomedycznych, jej badania koncentruj\u0105 si\u0119 na biomechanicznych i fizjologicznych aspektach technik osteopatycznych. Wraz z m\u0119\u017cem Dino Muzzi prowadzi jedn\u0105 z najwi\u0119kszych klinik osteopatycznych w Montrealu, Clinique Camirand Muzzi, w kt\u00f3rej obecnie pracuje 40 terapeut\u00f3w.   ","frage_dozent_2":"Nein","dozent_2":"","dozent_kurzbeschreibung_2":"","alle_dozenten":"","kursbeginn":"20260528","kurs_ende":"20260528","Anzahl Kurstage":"2","kursdauer":"1,5","kurszeiten":"19:30\u201321:00","frage_nach_teil_2":"Nein","kursbeginn-teil-2":null,"kursende-teil-2":null,"Anzahl_Kurstage_Teil2":"","frage_nach_teil_3":"Bitte ausw\u00e4hlen","kursbeginn-teil-3":null,"kursende-teil-3":null,"Anzahl_Kurstage_Teil3":"","link":"","doznew":["Nathalie Camirand (CAN)"]},"_links":{"self":[{"href":"https:\/\/fortbildungen.osteopathie-schule.de\/pl\/wp-json\/wp\/v2\/product\/10652","targetHints":{"allow":["GET"]}}],"collection":[{"href":"https:\/\/fortbildungen.osteopathie-schule.de\/pl\/wp-json\/wp\/v2\/product"}],"about":[{"href":"https:\/\/fortbildungen.osteopathie-schule.de\/pl\/wp-json\/wp\/v2\/types\/product"}],"wp:featuredmedia":[{"embeddable":true,"href":"https:\/\/fortbildungen.osteopathie-schule.de\/pl\/wp-json\/wp\/v2\/media\/5724"}],"wp:attachment":[{"href":"https:\/\/fortbildungen.osteopathie-schule.de\/pl\/wp-json\/wp\/v2\/media?parent=10652"}],"wp:term":[{"taxonomy":"kategorie-kurs","embeddable":true,"href":"https:\/\/fortbildungen.osteopathie-schule.de\/pl\/wp-json\/wp\/v2\/kategorie-kurs?post=10652"},{"taxonomy":"product_brand","embeddable":true,"href":"https:\/\/fortbildungen.osteopathie-schule.de\/pl\/wp-json\/wp\/v2\/product_brand?post=10652"},{"taxonomy":"product_cat","embeddable":true,"href":"https:\/\/fortbildungen.osteopathie-schule.de\/pl\/wp-json\/wp\/v2\/product_cat?post=10652"},{"taxonomy":"product_tag","embeddable":true,"href":"https:\/\/fortbildungen.osteopathie-schule.de\/pl\/wp-json\/wp\/v2\/product_tag?post=10652"}],"curies":[{"name":"wp","href":"https:\/\/api.w.org\/{rel}","templated":true}]}}