{"id":10680,"date":"2026-02-06T10:20:35","date_gmt":"2026-02-06T09:20:35","guid":{"rendered":"https:\/\/fortbildungen.osteopathie-schule.de\/?post_type=product&#038;p=10680"},"modified":"2026-02-26T16:05:19","modified_gmt":"2026-02-26T15:05:19","slug":"tmg-w-lancuchu-osteopatycznym-u-doroslych-kopie-2","status":"publish","type":"product","link":"https:\/\/fortbildungen.osteopathie-schule.de\/pl\/kurse\/tmg-w-lancuchu-osteopatycznym-u-doroslych-kopie-2\/","title":{"rendered":"TMG w \u0142a\u0144cuchu osteopatycznym u doros\u0142ych"},"content":{"rendered":"<p>Leczenie TMG u doros\u0142ych znacznie r\u00f3\u017cni si\u0119 od leczenia u dzieci.<\/p>\n<ul>\n<li>Podej\u015bcie do z\u0142o\u017cono\u015bci dolegliwo\u015bci TMG u doros\u0142ych<\/li>\n<li>Uwzgl\u0119dnienie wieloczynnikowej genezy w diagnozie<\/li>\n<li>Wielowymiarowe koncepcje leczenia dolegliwo\u015bci TMG<\/li>\n<li>Interakcja z przewlek\u0142ymi\/nawracaj\u0105cymi b\u00f3lami, szumami usznymi, b\u00f3lami g\u0142owy typu napi\u0119ciowego, b\u00f3lami szyi, b\u00f3lami l\u0119d\u017awiowymi<\/li>\n<\/ul>\n<p>&nbsp;<\/p>\n","protected":false},"excerpt":{"rendered":"<p>Leczenie TMG u doros\u0142ych znacznie r\u00f3\u017cni si\u0119 od leczenia u dzieci. Podej\u015bcie do z\u0142o\u017cono\u015bci dolegliwo\u015bci TMG u doros\u0142ych Uwzgl\u0119dnienie wieloczynnikowej genezy w diagnozie Wielowymiarowe koncepcje leczenia dolegliwo\u015bci TMG Interakcja z przewlek\u0142ymi\/nawracaj\u0105cymi b\u00f3lami, szumami usznymi, b\u00f3lami g\u0142owy typu napi\u0119ciowego, b\u00f3lami szyi, b\u00f3lami l\u0119d\u017awiowymi &nbsp;<\/p>\n","protected":false},"featured_media":6262,"template":"","format":"standard","meta":{"_acf_changed":false,"_seopress_robots_primary_cat":"none","_seopress_titles_title":"","_seopress_titles_desc":"","_seopress_robots_index":""},"kategorie-kurs":[155],"product_brand":[],"product_cat":[140],"product_tag":[],"class_list":{"0":"post-10680","1":"product","2":"type-product","3":"status-publish","4":"format-standard","5":"has-post-thumbnail","7":"kategorie-kurs-staw-szczekowy","8":"product_cat-kursy-mistrzowskie","9":"tm-no-options","11":"first","12":"instock","13":"purchasable","14":"product-type-simple"},"acf":{"dozenten_relation":[11444],"doznew":["Philip van Caille (CHE)"],"anzahl-plaetze":28,"frage_sprache":"Deutsch","ort":"OSD Hamburg, Weidestr. 118c, 22083 Hamburg ","kursgebuehr":"396","voraussetzungen":"uko\u0144czone szkolenie osteopatyczne","kursbeginn":"20271002","kurs_ende":"20271003","Anzahl Kurstage":"2","kursdauer":"","kurszeiten":"Sobota: 9\u201318\r\nNiedziela: 9\u201316","frage_nach_teil_2":"Nein","kursbeginn-teil-2":null,"kursende-teil-2":null,"Anzahl_Kurstage_Teil2":"","frage_nach_teil_3":"Bitte ausw\u00e4hlen","kursbeginn-teil-3":null,"kursende-teil-3":null,"Anzahl_Kurstage_Teil3":""},"_links":{"self":[{"href":"https:\/\/fortbildungen.osteopathie-schule.de\/pl\/wp-json\/wp\/v2\/product\/10680","targetHints":{"allow":["GET"]}}],"collection":[{"href":"https:\/\/fortbildungen.osteopathie-schule.de\/pl\/wp-json\/wp\/v2\/product"}],"about":[{"href":"https:\/\/fortbildungen.osteopathie-schule.de\/pl\/wp-json\/wp\/v2\/types\/product"}],"acf:post":[{"embeddable":true,"href":"https:\/\/fortbildungen.osteopathie-schule.de\/pl\/wp-json\/wp\/v2\/dozent\/11444"}],"wp:featuredmedia":[{"embeddable":true,"href":"https:\/\/fortbildungen.osteopathie-schule.de\/pl\/wp-json\/wp\/v2\/media\/6262"}],"wp:attachment":[{"href":"https:\/\/fortbildungen.osteopathie-schule.de\/pl\/wp-json\/wp\/v2\/media?parent=10680"}],"wp:term":[{"taxonomy":"kategorie-kurs","embeddable":true,"href":"https:\/\/fortbildungen.osteopathie-schule.de\/pl\/wp-json\/wp\/v2\/kategorie-kurs?post=10680"},{"taxonomy":"product_brand","embeddable":true,"href":"https:\/\/fortbildungen.osteopathie-schule.de\/pl\/wp-json\/wp\/v2\/product_brand?post=10680"},{"taxonomy":"product_cat","embeddable":true,"href":"https:\/\/fortbildungen.osteopathie-schule.de\/pl\/wp-json\/wp\/v2\/product_cat?post=10680"},{"taxonomy":"product_tag","embeddable":true,"href":"https:\/\/fortbildungen.osteopathie-schule.de\/pl\/wp-json\/wp\/v2\/product_tag?post=10680"}],"curies":[{"name":"wp","href":"https:\/\/api.w.org\/{rel}","templated":true}]}}