{"id":10749,"date":"2026-03-02T15:25:09","date_gmt":"2026-03-02T14:25:09","guid":{"rendered":"https:\/\/fortbildungen.osteopathie-schule.de\/kurse\/pakiet-holistycznej-medycyny-posturalnej-dla-osteopatow-czesc-1-czesc-3\/"},"modified":"2026-03-02T15:43:25","modified_gmt":"2026-03-02T14:43:25","slug":"pakiet-holistycznej-medycyny-posturalnej-dla-osteopatow-czesc-1-czesc-3","status":"publish","type":"product","link":"https:\/\/fortbildungen.osteopathie-schule.de\/pl\/kurse\/pakiet-holistycznej-medycyny-posturalnej-dla-osteopatow-czesc-1-czesc-3\/","title":{"rendered":"Pakiet Holistycznej Medycyny Posturalnej dla Osteopat\u00f3w (Cz\u0119\u015b\u0107 1 &#8211; Cz\u0119\u015b\u0107 3)"},"content":{"rendered":"<p><strong>Zawarto\u015b\u0107 kursu:<\/strong><\/p>\n<p>Cz\u0119\u015b\u0107 1: Postawa holistycznie \u2013 od stopy po z\u0105b: czy wszystko jest dobrze ustawione?<\/p>\n<ul>\n<li>Interdyscyplinarna i integracyjna prezentacja wad postawy i ich obraz\u00f3w klinicznych (CMD itp.), przyczyn i skutk\u00f3w, podej\u015b\u0107 terapeutycznych<\/li>\n<\/ul>\n<p>Cz\u0119\u015b\u0107 2: Postawa holistycznie \u2013 co ma do tego jelito?<\/p>\n<ul>\n<li>Interdyscyplinarna i integracyjna prezentacja od\u017cywiania, cichego stanu zapalnego poprzez dysbiozy do nieszczelnego jelita i znaczenia tych rzeczy dla postawy, przyczyn i skutk\u00f3w, podej\u015b\u0107 terapeutycznych<\/li>\n<\/ul>\n<p>Cz\u0119\u015b\u0107 3: Postawa holistycznie \u2013 \u015brodowisko i stres<\/p>\n<ul>\n<li>Interdyscyplinarna i integracyjna prezentacja czynnik\u00f3w obci\u0105\u017cenia \u015brodowiskowego, takich jak obci\u0105\u017cenie metalami ci\u0119\u017ckimi, dysbalans uk\u0142adu nerwowego wegetatywnego poprzez genetyk\u0119\/epigenetyk\u0119, diagnostyk\u0119 p\u00f3l zak\u0142\u00f3ce\u0144 itp., przyczyn i skutk\u00f3w, podej\u015b\u0107 terapeutycznych<\/li>\n<\/ul>\n<p>&nbsp;<\/p>\n<p>&nbsp;<\/p>\n","protected":false},"excerpt":{"rendered":"<p>Zawarto\u015b\u0107 kursu: Cz\u0119\u015b\u0107 1: Postawa holistycznie \u2013 od stopy po z\u0105b: czy wszystko jest dobrze ustawione? Interdyscyplinarna i integracyjna prezentacja wad postawy i ich obraz\u00f3w klinicznych (CMD itp.), przyczyn i skutk\u00f3w, podej\u015b\u0107 terapeutycznych Cz\u0119\u015b\u0107 2: Postawa holistycznie \u2013 co ma do tego jelito? Interdyscyplinarna i integracyjna prezentacja od\u017cywiania, cichego stanu zapalnego poprzez dysbiozy do nieszczelnego [&hellip;]<\/p>\n","protected":false},"featured_media":0,"template":"","format":"standard","meta":{"_acf_changed":false,"_seopress_robots_primary_cat":"none","_seopress_titles_title":"","_seopress_titles_desc":"","_seopress_robots_index":""},"kategorie-kurs":[],"product_brand":[],"product_cat":[73,146],"product_tag":[],"class_list":{"0":"post-10749","1":"product","2":"type-product","3":"status-publish","4":"format-standard","6":"product_cat-pakete","7":"product_cat-pakiety","8":"tm-no-options","10":"first","11":"instock","12":"purchasable","13":"product-type-woosb"},"acf":[],"_links":{"self":[{"href":"https:\/\/fortbildungen.osteopathie-schule.de\/pl\/wp-json\/wp\/v2\/product\/10749","targetHints":{"allow":["GET"]}}],"collection":[{"href":"https:\/\/fortbildungen.osteopathie-schule.de\/pl\/wp-json\/wp\/v2\/product"}],"about":[{"href":"https:\/\/fortbildungen.osteopathie-schule.de\/pl\/wp-json\/wp\/v2\/types\/product"}],"wp:attachment":[{"href":"https:\/\/fortbildungen.osteopathie-schule.de\/pl\/wp-json\/wp\/v2\/media?parent=10749"}],"wp:term":[{"taxonomy":"kategorie-kurs","embeddable":true,"href":"https:\/\/fortbildungen.osteopathie-schule.de\/pl\/wp-json\/wp\/v2\/kategorie-kurs?post=10749"},{"taxonomy":"product_brand","embeddable":true,"href":"https:\/\/fortbildungen.osteopathie-schule.de\/pl\/wp-json\/wp\/v2\/product_brand?post=10749"},{"taxonomy":"product_cat","embeddable":true,"href":"https:\/\/fortbildungen.osteopathie-schule.de\/pl\/wp-json\/wp\/v2\/product_cat?post=10749"},{"taxonomy":"product_tag","embeddable":true,"href":"https:\/\/fortbildungen.osteopathie-schule.de\/pl\/wp-json\/wp\/v2\/product_tag?post=10749"}],"curies":[{"name":"wp","href":"https:\/\/api.w.org\/{rel}","templated":true}]}}