{"id":10940,"date":"2024-01-06T10:12:07","date_gmt":"2024-01-06T09:12:07","guid":{"rendered":"https:\/\/fortbildungen.osteopathie-schule.de\/?post_type=product&#038;p=10940"},"modified":"2026-03-27T09:45:59","modified_gmt":"2026-03-27T08:45:59","slug":"bone-strain-relief-kosc-w-centrum-leczenia-osteopatycznego-kopie","status":"publish","type":"product","link":"https:\/\/fortbildungen.osteopathie-schule.de\/pl\/kurse\/bone-strain-relief-kosc-w-centrum-leczenia-osteopatycznego-kopie\/","title":{"rendered":"Holistyczna medycyna postawy dla osteopat\u00f3w"},"content":{"rendered":"<p>Postawa holistycznie \u2013 dobrze ustawiona od stopy po z\u0105b<\/p>\n<ul>\n<li>Interdyscyplinarne i integracyjne uj\u0119cie wad postawy i ich obraz\u00f3w klinicznych (CMD itp.)<\/li>\n<li>Przyczyny i skutki<\/li>\n<li>Podej\u015bcia terapeutyczne<\/li>\n<\/ul>\n<p>Wi\u0119cej o Christophie B\u00e4umerze i jego sposobie pracy dowiesz si\u0119 z naszego wywiadu na YouTube <a href=\"https:\/\/www.youtube.com\/watch?v=5FXqM1ap7d0\" target=\"_blank\" rel=\"noopener\">We need to talk about OSTEOPATHY \u2013 Dr. Christoph B\u00e4umer<\/a><\/p>\n<p><strong>UWAGA:<br \/>\n<\/strong>To webinarium odbywa si\u0119 na \u017cywo online!<\/p>\n<p><strong>Informacje o cyklu kurs\u00f3w Holistyczna medycyna postawy dla osteopat\u00f3w<\/strong><strong> z dr. Christophem B\u00e4umerem znajdziecie tutaj:<\/strong><\/p>\n<p><strong><a href=\"https:\/\/fortbildungen.osteopathie-schule.de\/?_dozenten_doznew=christoph-j--baeumer-%28deu%29\" target=\"_blank\" rel=\"noopener\"> Holistyczna medycyna postawy dla osteopat\u00f3w<\/a><\/strong><\/p>\n<p>&nbsp;<\/p>\n<p>&nbsp;<\/p>\n","protected":false},"excerpt":{"rendered":"<p>Postawa holistycznie \u2013 dobrze ustawiona od stopy po z\u0105b Interdyscyplinarne i integracyjne uj\u0119cie wad postawy i ich obraz\u00f3w klinicznych (CMD itp.) Przyczyny i skutki Podej\u015bcia terapeutyczne Wi\u0119cej o Christophie B\u00e4umerze i jego sposobie pracy dowiesz si\u0119 z naszego wywiadu na YouTube We need to talk about OSTEOPATHY \u2013 Dr. Christoph B\u00e4umer UWAGA: To webinarium odbywa [&hellip;]<\/p>\n","protected":false},"featured_media":0,"template":"","format":"standard","meta":{"_acf_changed":false,"_seopress_robots_primary_cat":"none","_seopress_titles_title":"","_seopress_titles_desc":"","_seopress_robots_index":""},"kategorie-kurs":[],"product_brand":[],"product_cat":[140,47],"product_tag":[],"class_list":{"0":"post-10940","1":"product","2":"type-product","3":"status-publish","4":"format-standard","6":"product_cat-kursy-mistrzowskie","7":"product_cat-masterclasses","8":"tm-no-options","10":"first","11":"outofstock","12":"purchasable","13":"product-type-simple"},"acf":{"anzahl-plaetze":80,"frage_sprache":"Deutsch","ort":"Online","kursgebuehr":"29","voraussetzungen":"W szkoleniu osteopatycznym ","dozent":"Dr n. med. Christoph B\u00e4umer","dozent_kurzbeschreibung":"Dr med. Christoph B\u00e4umer DO (EROP\/DAAO), MS paed ost (DEU). Filozoficzne i merytoryczne niezadowolenie z g\u0142\u00f3wnej specjalizacji, jak\u0105 jest ortopedia, sk\u0142oni\u0142o dr. med. Christopha B\u00e4umera do zaj\u0119cia si\u0119 terapi\u0105 b\u00f3lu, psychosomatyk\u0105, osteopati\u0105 uniwersyteck\u0105 i dzieci\u0119c\u0105, medycyn\u0105 sportow\u0105, TCM, a ostatecznie funkcjonaln\u0105 medycyn\u0105 postawy, medycyn\u0105 \u017cywieniow\u0105 i mitochondrialn\u0105. Praca w dziedzinie ortopedii, terapii b\u00f3lu oraz medycyny postawy wielokrotnie owocowa\u0142a kontaktami z zarz\u0105dzaniem zdrowiem w przedsi\u0119biorstwach, kt\u00f3re stanowi dzi\u015b wa\u017cn\u0105 cz\u0119\u015b\u0107 \u017cycia zawodowego. Poza prac\u0105 dr B\u00e4umer opracowa\u0142 innowacyjn\u0105 wk\u0142adk\u0119 do but\u00f3w (SmartFoot), kt\u00f3ra \u2013 podobnie jak on \u2013 \u201eidzie inn\u0105 drog\u0105\u201d.   Dzi\u015b jest lekarzem holistycznym w swojej praktyce, prowadzonej razem z \u017con\u0105, kt\u00f3ra w tym samym budynku ma gabinet urologii, medycyny naturalnej i medycyny \u017cywienia.","frage_dozent_2":"Nein","dozent_2":"","dozent_kurzbeschreibung_2":"","alle_dozenten":"","kursbeginn":"20260416","kurs_ende":"20260416","Anzahl Kurstage":"","kursdauer":"1,5","kurszeiten":"19:30 - 21:00","frage_nach_teil_2":"Nein","kursbeginn-teil-2":null,"kursende-teil-2":null,"Anzahl_Kurstage_Teil2":"","frage_nach_teil_3":"Bitte ausw\u00e4hlen","kursbeginn-teil-3":null,"kursende-teil-3":null,"Anzahl_Kurstage_Teil3":"","link":"","doznew":["Christoph J. B\u00e4umer (DEU)"]},"_links":{"self":[{"href":"https:\/\/fortbildungen.osteopathie-schule.de\/pl\/wp-json\/wp\/v2\/product\/10940","targetHints":{"allow":["GET"]}}],"collection":[{"href":"https:\/\/fortbildungen.osteopathie-schule.de\/pl\/wp-json\/wp\/v2\/product"}],"about":[{"href":"https:\/\/fortbildungen.osteopathie-schule.de\/pl\/wp-json\/wp\/v2\/types\/product"}],"wp:attachment":[{"href":"https:\/\/fortbildungen.osteopathie-schule.de\/pl\/wp-json\/wp\/v2\/media?parent=10940"}],"wp:term":[{"taxonomy":"kategorie-kurs","embeddable":true,"href":"https:\/\/fortbildungen.osteopathie-schule.de\/pl\/wp-json\/wp\/v2\/kategorie-kurs?post=10940"},{"taxonomy":"product_brand","embeddable":true,"href":"https:\/\/fortbildungen.osteopathie-schule.de\/pl\/wp-json\/wp\/v2\/product_brand?post=10940"},{"taxonomy":"product_cat","embeddable":true,"href":"https:\/\/fortbildungen.osteopathie-schule.de\/pl\/wp-json\/wp\/v2\/product_cat?post=10940"},{"taxonomy":"product_tag","embeddable":true,"href":"https:\/\/fortbildungen.osteopathie-schule.de\/pl\/wp-json\/wp\/v2\/product_tag?post=10940"}],"curies":[{"name":"wp","href":"https:\/\/api.w.org\/{rel}","templated":true}]}}