{"id":10946,"date":"2024-01-21T10:40:36","date_gmt":"2024-01-21T09:40:36","guid":{"rendered":"https:\/\/fortbildungen.osteopathie-schule.de\/?post_type=product&#038;p=10946"},"modified":"2026-03-17T14:09:44","modified_gmt":"2026-03-17T13:09:44","slug":"glowa-obszar-czaszkowo-szyjny-i-gorne-srodpiersie-hydrodynamika-ukladu-czaszkowo-kregowego-kopie","status":"publish","type":"product","link":"https:\/\/fortbildungen.osteopathie-schule.de\/pl\/kurse\/glowa-obszar-czaszkowo-szyjny-i-gorne-srodpiersie-hydrodynamika-ukladu-czaszkowo-kregowego-kopie\/","title":{"rendered":"Model oddechowo-kr\u0105\u017ceniowy wed\u0142ug Zinka"},"content":{"rendered":"<p>Ten kurs przedstawia model oddechowo-kr\u0105\u017ceniowy leczenia osteopatycznego jako podej\u015bcie holistyczne, oparte na zasadach podkre\u015blanych przez J. Gordona Zinka i innych. Podstawowym celem jest przekazanie modelu klinicznego, kt\u00f3ry umo\u017cliwia efektywn\u0105 ocen\u0119 i leczenie cia\u0142a w celu poprawy pojemno\u015bci oddechowej pacjent\u00f3w, waha\u0144 gradientu ci\u015bnienia w jamach cia\u0142a oraz ruchu tkanek i p\u0142yn\u00f3w ustrojowych. Po uko\u0144czeniu kursu uczestnicy powinni by\u0107 w stanie natychmiast zastosowa\u0107 to podej\u015bcie w swojej praktyce klinicznej.  <\/p>\n","protected":false},"excerpt":{"rendered":"<p>Ten kurs przedstawia model oddechowo-kr\u0105\u017ceniowy leczenia osteopatycznego jako podej\u015bcie holistyczne, oparte na zasadach podkre\u015blanych przez J. Gordona Zinka i innych. Podstawowym celem jest przekazanie modelu klinicznego, kt\u00f3ry umo\u017cliwia efektywn\u0105 ocen\u0119 i leczenie cia\u0142a w celu poprawy pojemno\u015bci oddechowej pacjent\u00f3w, waha\u0144 gradientu ci\u015bnienia w jamach cia\u0142a oraz ruchu tkanek i p\u0142yn\u00f3w ustrojowych. Po uko\u0144czeniu kursu uczestnicy [&hellip;]<\/p>\n","protected":false},"featured_media":10952,"template":"","format":"standard","meta":{"_acf_changed":false,"_seopress_robots_primary_cat":"none","_seopress_titles_title":"","_seopress_titles_desc":"","_seopress_robots_index":""},"kategorie-kurs":[],"product_brand":[],"product_cat":[140,47],"product_tag":[],"class_list":{"0":"post-10946","1":"product","2":"type-product","3":"status-publish","4":"format-standard","5":"has-post-thumbnail","7":"product_cat-kursy-mistrzowskie","8":"product_cat-masterclasses","9":"tm-no-options","11":"first","12":"instock","13":"purchasable","14":"product-type-simple"},"acf":{"anzahl-plaetze":28,"frage_sprache":"Deutsch","ort":"OSD Berlin, ul. Oudenarder 16, 13347 Berlin","kursgebuehr":"594","voraussetzungen":"uko\u0144czone szkolenie osteopatyczne","dozent":"Ass. Prof. Christian Fossum DO (NOR)","dozent_kurzbeschreibung":"Profesor nadzwyczajny na Wydziale Nauk o Zdrowiu w Kristiania University College w Oslo, Norwegia.","frage_dozent_2":"Nein","dozent_2":"","dozent_kurzbeschreibung_2":"","alle_dozenten":"","kursbeginn":"20260904","kurs_ende":"20260906","Anzahl Kurstage":"3","kursdauer":"","kurszeiten":"Pi\u0105tek i sobota: 9-18\nNiedziela: 9-16","frage_nach_teil_2":"Nein","kursbeginn-teil-2":null,"kursende-teil-2":null,"Anzahl_Kurstage_Teil2":"","frage_nach_teil_3":"Bitte ausw\u00e4hlen","kursbeginn-teil-3":null,"kursende-teil-3":null,"Anzahl_Kurstage_Teil3":"","link":"","doznew":["Christian Fossum (NOR)"]},"_links":{"self":[{"href":"https:\/\/fortbildungen.osteopathie-schule.de\/pl\/wp-json\/wp\/v2\/product\/10946","targetHints":{"allow":["GET"]}}],"collection":[{"href":"https:\/\/fortbildungen.osteopathie-schule.de\/pl\/wp-json\/wp\/v2\/product"}],"about":[{"href":"https:\/\/fortbildungen.osteopathie-schule.de\/pl\/wp-json\/wp\/v2\/types\/product"}],"wp:featuredmedia":[{"embeddable":true,"href":"https:\/\/fortbildungen.osteopathie-schule.de\/pl\/wp-json\/wp\/v2\/media\/10952"}],"wp:attachment":[{"href":"https:\/\/fortbildungen.osteopathie-schule.de\/pl\/wp-json\/wp\/v2\/media?parent=10946"}],"wp:term":[{"taxonomy":"kategorie-kurs","embeddable":true,"href":"https:\/\/fortbildungen.osteopathie-schule.de\/pl\/wp-json\/wp\/v2\/kategorie-kurs?post=10946"},{"taxonomy":"product_brand","embeddable":true,"href":"https:\/\/fortbildungen.osteopathie-schule.de\/pl\/wp-json\/wp\/v2\/product_brand?post=10946"},{"taxonomy":"product_cat","embeddable":true,"href":"https:\/\/fortbildungen.osteopathie-schule.de\/pl\/wp-json\/wp\/v2\/product_cat?post=10946"},{"taxonomy":"product_tag","embeddable":true,"href":"https:\/\/fortbildungen.osteopathie-schule.de\/pl\/wp-json\/wp\/v2\/product_tag?post=10946"}],"curies":[{"name":"wp","href":"https:\/\/api.w.org\/{rel}","templated":true}]}}