{"id":10998,"date":"2025-01-14T15:05:03","date_gmt":"2025-01-14T14:05:03","guid":{"rendered":"https:\/\/fortbildungen.osteopathie-schule.de\/?post_type=product&#038;p=10998"},"modified":"2026-03-31T09:35:29","modified_gmt":"2026-03-31T07:35:29","slug":"leczenie-narzadow-wewnetrznych-u-dzieci-kopie-2","status":"publish","type":"product","link":"https:\/\/fortbildungen.osteopathie-schule.de\/pl\/kurse\/leczenie-narzadow-wewnetrznych-u-dzieci-kopie-2\/","title":{"rendered":"Dzie\u0144 Mentoringu z Pascale-Julie Robinson: Impulsy dla pracy terapeutycznej z dzie\u0107mi"},"content":{"rendered":"<h3>Przegl\u0105d Mentoring Day z Pascale-Julie Robinson<\/h3>\n<p>W trakcie dnia b\u0119dziemy mie\u0107 okazj\u0119 powita\u0107 noworodki, niemowl\u0119ta i ma\u0142e dzieci na badania osteopatyczne w ramach zaj\u0119\u0107. Umo\u017cliwi to Pascale-Julie Robinson zademonstrowanie jej podej\u015bcia terapeutycznego w pracy z dzie\u0107mi. <\/p>\n<p>Cho\u0107 ksi\u0105\u017cki dostarczaj\u0105 cennej wiedzy teoretycznej, praca z dzie\u0107mi to do\u015bwiadczenie, kt\u00f3re trzeba prze\u017cy\u0107. Dzi\u0119ki swojej praktyce dydaktycznej Pascale-Julie Robinson przekona\u0142a si\u0119, \u017ce to niemowl\u0119ta s\u0105 prawdziwymi \u201enauczycielami\u201d, a uczestnicy najlepiej poznaj\u0105 osteopati\u0119 pediatryczn\u0105 poprzez bezpo\u015bredni\u0105 prac\u0119 z nimi. <\/p>\n<h3>Kluczowe cele nauczania<\/h3>\n<ol>\n<li>Uczestnicy naucz\u0105 si\u0119, jak przeprowadzi\u0107 wywiad specjalnie dostosowany do pacjent\u00f3w pediatrycznych. Obejmuje to zebranie istotnej historii medycznej i rozwojowej w spos\u00f3b uwzgl\u0119dniaj\u0105cy szczeg\u00f3lne potrzeby i style komunikacji dzieci oraz ich rodzin. <\/li>\n<li>Uczestnicy naucz\u0105 si\u0119, jak przeprowadzi\u0107 obiektywn\u0105 ocen\u0119 dostosowan\u0105 do grupy wiekowej dziecka. Nacisk po\u0142o\u017cony jest na strategie badania odpowiednie do wieku, kt\u00f3re zapewniaj\u0105 dok\u0142adne zrozumienie stanu dziecka, jednocze\u015bnie tworz\u0105c przyjemne \u015brodowisko dla m\u0142odych pacjent\u00f3w. <\/li>\n<li>Uczestnicy naucz\u0105 si\u0119, jak stworzy\u0107 plan leczenia dostosowany do ka\u017cdego dziecka i przeprowadzi\u0107 interwencj\u0119 osteopatyczn\u0105 u dzieci. Obejmuje to opracowanie indywidualnych strategii terapeutycznych i zastosowanie praktycznych technik odpowiednich dla przypadk\u00f3w pediatrycznych. <\/li>\n<li>Program omawia, jak dostosowa\u0107 techniki integracyjne do specyficznych potrzeb pacjent\u00f3w pediatrycznych, zapewniaj\u0105c, \u017ce ka\u017cda interwencja odpowiada stadium rozwojowemu i poziomowi komfortu dziecka.<\/li>\n<li>Na zako\u0144czenie uczestnicy naucz\u0105 si\u0119, jak zako\u0144czy\u0107 ka\u017cd\u0105 wizyt\u0119, udzielaj\u0105c rodzicom porad, praktycznych \u0107wicze\u0144 i wskaz\u00f3wek dotycz\u0105cych pozycjonowania zwi\u0105zanych z leczeniem, wspieraj\u0105c w ten spos\u00f3b skuteczn\u0105 opiek\u0119 poza ramami klinicznymi.<\/li>\n<\/ol>\n<p>Po ka\u017cdym badaniu i leczeniu osteopatycznym odbywa si\u0119 runda dyskusyjna, aby lepiej zrozumie\u0107 zastosowane podej\u015bcie.<\/p>\n","protected":false},"excerpt":{"rendered":"<p>Przegl\u0105d Mentoring Day z Pascale-Julie Robinson W trakcie dnia b\u0119dziemy mie\u0107 okazj\u0119 powita\u0107 noworodki, niemowl\u0119ta i ma\u0142e dzieci na badania osteopatyczne w ramach zaj\u0119\u0107. Umo\u017cliwi to Pascale-Julie Robinson zademonstrowanie jej podej\u015bcia terapeutycznego w pracy z dzie\u0107mi. Cho\u0107 ksi\u0105\u017cki dostarczaj\u0105 cennej wiedzy teoretycznej, praca z dzie\u0107mi to do\u015bwiadczenie, kt\u00f3re trzeba prze\u017cy\u0107. Dzi\u0119ki swojej praktyce dydaktycznej Pascale-Julie [&hellip;]<\/p>\n","protected":false},"featured_media":7989,"template":"","format":"standard","meta":{"_acf_changed":false,"_seopress_robots_primary_cat":"none","_seopress_titles_title":"","_seopress_titles_desc":"","_seopress_robots_index":""},"kategorie-kurs":[],"product_brand":[],"product_cat":[140,47],"product_tag":[],"class_list":{"0":"post-10998","1":"product","2":"type-product","3":"status-publish","4":"format-standard","5":"has-post-thumbnail","7":"product_cat-kursy-mistrzowskie","8":"product_cat-masterclasses","9":"tm-no-options","11":"first","12":"instock","13":"purchasable","14":"product-type-simple"},"acf":{"anzahl-plaetze":28,"frage_sprache":"Englisch mit deutscher \u00dcbersetzung","ort":"OSD Hamburg, Weidestr. 118c, 22083 Hamburg ","kursgebuehr":"198","voraussetzungen":"uko\u0144czone szkolenie osteopatyczne","dozent":"Pascale-Julie Robinson (CAN)","dozent_kurzbeschreibung":"Osteopatka od 2004 roku (Le Coll\u00e8ge d\u2019\u00e9tudes Ost\u00e9opathiques de Montr\u00e9al), praktykuj\u0105ca od tego czasu (specjalizuje si\u0119 w dzieciach i rodzinie); od 2006 roku prowadzi mi\u0119dzynarodow\u0105 dzia\u0142alno\u015b\u0107 dydaktyczn\u0105 (Kanada, Niemcy i Francja) jako wyk\u0142adowca pediatrii oraz zaj\u0119\u0107 klinicznych, paraklinicznych i osteopatii dzieci\u0119cej; w OSD wyk\u0142adowca osteopatii dzieci\u0119cej.","frage_dozent_2":"Nein","dozent_2":"","dozent_kurzbeschreibung_2":"","alle_dozenten":"","kursbeginn":"20270124","kurs_ende":"20270124","Anzahl Kurstage":"1","kursdauer":"","kurszeiten":"9:00-17:00","frage_nach_teil_2":"Nein","kursbeginn-teil-2":null,"kursende-teil-2":null,"Anzahl_Kurstage_Teil2":"","frage_nach_teil_3":false,"kursbeginn-teil-3":null,"kursende-teil-3":null,"Anzahl_Kurstage_Teil3":"","link":"","doznew":["Pascale-Julie Robinson (CAN)"]},"_links":{"self":[{"href":"https:\/\/fortbildungen.osteopathie-schule.de\/pl\/wp-json\/wp\/v2\/product\/10998","targetHints":{"allow":["GET"]}}],"collection":[{"href":"https:\/\/fortbildungen.osteopathie-schule.de\/pl\/wp-json\/wp\/v2\/product"}],"about":[{"href":"https:\/\/fortbildungen.osteopathie-schule.de\/pl\/wp-json\/wp\/v2\/types\/product"}],"wp:featuredmedia":[{"embeddable":true,"href":"https:\/\/fortbildungen.osteopathie-schule.de\/pl\/wp-json\/wp\/v2\/media\/7989"}],"wp:attachment":[{"href":"https:\/\/fortbildungen.osteopathie-schule.de\/pl\/wp-json\/wp\/v2\/media?parent=10998"}],"wp:term":[{"taxonomy":"kategorie-kurs","embeddable":true,"href":"https:\/\/fortbildungen.osteopathie-schule.de\/pl\/wp-json\/wp\/v2\/kategorie-kurs?post=10998"},{"taxonomy":"product_brand","embeddable":true,"href":"https:\/\/fortbildungen.osteopathie-schule.de\/pl\/wp-json\/wp\/v2\/product_brand?post=10998"},{"taxonomy":"product_cat","embeddable":true,"href":"https:\/\/fortbildungen.osteopathie-schule.de\/pl\/wp-json\/wp\/v2\/product_cat?post=10998"},{"taxonomy":"product_tag","embeddable":true,"href":"https:\/\/fortbildungen.osteopathie-schule.de\/pl\/wp-json\/wp\/v2\/product_tag?post=10998"}],"curies":[{"name":"wp","href":"https:\/\/api.w.org\/{rel}","templated":true}]}}