{"id":11007,"date":"2026-01-22T17:32:28","date_gmt":"2026-01-22T16:32:28","guid":{"rendered":"https:\/\/fortbildungen.osteopathie-schule.de\/?post_type=product&#038;p=11007"},"modified":"2026-04-02T10:33:49","modified_gmt":"2026-04-02T08:33:49","slug":"dzien-mentoringu-z-pascale-julie-robinsons-impulsy-do-pracy-terapeutycznej-z-dziecmi-kopie-kopie","status":"publish","type":"product","link":"https:\/\/fortbildungen.osteopathie-schule.de\/pl\/kurse\/dzien-mentoringu-z-pascale-julie-robinsons-impulsy-do-pracy-terapeutycznej-z-dziecmi-kopie-kopie\/","title":{"rendered":"Mechanical Link: Krocze"},"content":{"rendered":"<h3>Opis kursu<\/h3>\n<p>Nasza pasja do osteopatii regularnie motywuje nas do pog\u0142\u0119biania wiedzy i doskonalenia metod leczenia naszych pacjent\u00f3w.<br \/>\nIstnieje obszar anatomiczny, kt\u00f3ry nasza kultura i\/lub wykszta\u0142cenie zdaj\u0105 si\u0119 sk\u0142ania\u0107 do zaniedbywania: <b>dno miednicy!<br \/>\n<\/b> Chocia\u017c wi\u0105\u017ce si\u0119 ono z funkcjami \u017cyciowymi (oddawanie moczu, wypr\u00f3\u017cnianie, prokreacja) oraz mechanicznymi (funkcja podporowa&#8230;), dno miednicy jest zazwyczaj trudne do wyobra\u017cenia, s\u0142abo rozumiane i cz\u0119sto pomijane.<br \/>\nR\u00f3wnie\u017c w naszej \u201esztuce osteopatycznej\u201d jest ono cz\u0119sto odsuwane na bok lub zbyt skomplikowane w realizacji (techniki wewn\u0119trzne), co pozostawia luk\u0119 w ca\u0142o\u015bciowym zrozumieniu pacjenta.<br \/>\nZaniedbanie jakiego\u015b obszaru lub struktury potencjalnie pozbawia terapeut\u0119 jednego lub wi\u0119cej kluczy do rozwi\u0105zania problemu.<br \/>\nCi\u0105g\u0142y rozw\u00f3j metody <em>LMO-Mechanical Link<\/em> (M\u00e9thode Paul CHAUFFOUR-Eric PRAT), opracowanej przez Paula CHAUFFOURA, sprawi\u0142, \u017ce w ostatnich latach dno miednicy zyska\u0142o sta\u0142e miejsce w systematyce bada\u0144.<br \/>\nZgodnie z zasadami Mechanical Link (systematyczne badanie struktur anatomicznych, dost\u0119p zewn\u0119trzny, okre\u015blenie globalnej zmiany, hierarchizacja zmian i leczenie technik\u0105 Recoil), badanie mo\u017ce odbywa\u0107 si\u0119 w spos\u00f3b prosty, precyzyjny i pe\u0142en \u017cyczliwo\u015bci.<\/p>\n<p><b><u>Cele<\/u>:<\/b><\/p>\n<ul>\n<li>Wizualizacja i zrozumienie anatomii krocza oraz dna miednicy<\/li>\n<li>Ich relacje z narz\u0105dami miednicy<\/li>\n<li>Ich funkcje<\/li>\n<li>Wizualizacja i zrozumienie jamy brzusznej oraz jej po\u0142\u0105cze\u0144 z obszarem krocza<\/li>\n<li>Osteopatyczne mo\u017cliwo\u015bci oceny i leczenia zgodnie z metodyk\u0105 LMO<\/li>\n<\/ul>\n<h4><b>DZIE\u0143 1<\/b><\/h4>\n<h5>PRZEDPO\u0141UDNIE<\/h5>\n<p>Anatomia praktyczna<\/p>\n<ul>\n<li>Anatomia opisowa krocza i dna miednicy.<\/li>\n<li>Fizjologia trzymania moczu i stolca (pojemno\u015b\u0107, kierunek parcia&#8230;)<\/li>\n<\/ul>\n<p>Praktyka pod kierunkiem<br \/>\nWarunki dost\u0119pu zewn\u0119trznego do okolic krocza<\/p>\n<p>Krocze tylne:<\/p>\n<ul>\n<li>Testy nici ko\u0144cowej, rozworu wewn\u0105trzkostnego, stawowej i kostnej cz\u0119\u015bci ko\u015bci guzicznej, linii si\u0142 miednicy<\/li>\n<li>Dost\u0119p do krocza tylnego<\/li>\n<li>Ocena (testy) struktur: szew odbytowo-guziczny, wi\u0119zad\u0142o krzy\u017cowo-kolcowe, wi\u0119zad\u0142o krzy\u017cowo-guzowe, kana\u0142 Alcocka, p\u0119czek naczyniowo-nerwowy sromowy<\/li>\n<li>Test odbytnicy przez dost\u0119p zewn\u0119trzny (rozszerzenie, ty\u0142opochylenie, rectocele&#8230;)<\/li>\n<\/ul>\n<h5>POPO\u0141UDNIE<\/h5>\n<p>Praktyka pod kierunkiem (kontynuacja)<\/p>\n<ul>\n<li>Zewn\u0119trzne badanie szyjki macicy w po\u0142ogu.<\/li>\n<\/ul>\n<p>Anatomia kliniczna<br \/>\nOmawiamy g\u0142\u00f3wne przyczyny uszkodze\u0144 krocza:<\/p>\n<ul>\n<li>Nadmierne obci\u0105\u017cenie (niekt\u00f3re dyscypliny sportu&#8230;)<\/li>\n<li>Mechanizmy uraz\u00f3w po\u0142o\u017cniczych (naci\u0119cie krocza, p\u0119kni\u0119cia, przetoki, uszkodzenia neurologiczne, LOSA&#8230;)<\/li>\n<li>Przemoc seksualna<\/li>\n<li>Kontekst emocjonalny (pochwica&#8230;)<\/li>\n<\/ul>\n<h4><b>DZIE\u0143 2<\/b><\/h4>\n<h5>PRZEDPO\u0141UDNIE<\/h5>\n<p>Praktyka pod kierunkiem<br \/>\nZewn\u0119trzna ocena struktur krocza przedniego:<\/p>\n<ul>\n<li>Linia si\u0142 i okostna ga\u0142\u0119zi kulszowo-\u0142onowej<\/li>\n<li>globalny test krocza przedniego (testy specyficzne i analityczne)<\/li>\n<li>wi\u0119zad\u0142o poprzeczne \u0142onowe, p\u0119cherz, prostata, p\u0119czek naczyniowo-nerwowy&#8230;<\/li>\n<\/ul>\n<h5>POPO\u0141UDNIE<\/h5>\n<p>Teoria i praktyka pod kierunkiem<\/p>\n<ul>\n<li>Anatomia pow\u0142ok brzusznych, synergia mi\u0119dzy brzuchem a dnem miednicy.<\/li>\n<li>Ocena osteopatycznych zmian pow\u0142ok brzusznych w po\u0142ogu (sk\u00f3ra w\u0142a\u015bciwa, powi\u0119zi, rozej\u015bcie kresy bia\u0142ej&#8230;).<\/li>\n<\/ul>\n<h4><b>DZIE\u0143 3<\/b><\/h4>\n<h5>PRZEDPO\u0141UDNIE<\/h5>\n<p>Teoria i praktyka pod kierunkiem (kontynuacja)<\/p>\n<ul>\n<li>Znieczulenie zewn\u0105trzoponowe, znieczulenie podpaj\u0119czyn\u00f3wkowe, ocena miejsca wk\u0142ucia (sk\u00f3ra w\u0142a\u015bciwa, wi\u0119zad\u0142a kr\u0119gos\u0142upa, segment kr\u0119gowy).<\/li>\n<li>Koncepcja LMO: zmiana globalna, r\u00f3wnowaga inhibicyjna, recoil.<\/li>\n<\/ul>\n<h5>POPO\u0141UDNIE<\/h5>\n<p>Teoria i praktyka pod kierunkiem<br \/>\nPrzeanalizujemy propozycj\u0119 regulacji u pacjentki po porodzie, oceniaj\u0105c zgodnie z koncepcj\u0105 LMO nast\u0119puj\u0105ce elementy:<\/p>\n<ul>\n<li>Kostna struktura miednicy (wewn\u0105trzkostna, linie si\u0142, okostna)<\/li>\n<li>Miednica stawowa (rozej\u015bcie)<\/li>\n<li>Narz\u0105dy miednicy mniejszej i uk\u0142adu pokarmowego<\/li>\n<li>Nerwy i t\u0119tnice miednicy<\/li>\n<li>Sk\u00f3ra w\u0142a\u015bciwa i powi\u0119zi brzucha<\/li>\n<li>Krocze<\/li>\n<\/ul>\n","protected":false},"excerpt":{"rendered":"<p>Opis kursu Nasza pasja do osteopatii regularnie motywuje nas do pog\u0142\u0119biania wiedzy i doskonalenia metod leczenia naszych pacjent\u00f3w. Istnieje obszar anatomiczny, kt\u00f3ry nasza kultura i\/lub wykszta\u0142cenie zdaj\u0105 si\u0119 sk\u0142ania\u0107 do zaniedbywania: dno miednicy! Chocia\u017c wi\u0105\u017ce si\u0119 ono z funkcjami \u017cyciowymi (oddawanie moczu, wypr\u00f3\u017cnianie, prokreacja) oraz mechanicznymi (funkcja podporowa&#8230;), dno miednicy jest zazwyczaj trudne do wyobra\u017cenia, [&hellip;]<\/p>\n","protected":false},"featured_media":11155,"template":"","format":"standard","meta":{"_acf_changed":false,"_seopress_robots_primary_cat":"none","_seopress_titles_title":"","_seopress_titles_desc":"","_seopress_robots_index":""},"kategorie-kurs":[163,101,194,193],"product_brand":[],"product_cat":[140,47],"product_tag":[],"class_list":{"0":"post-11007","1":"product","2":"type-product","3":"status-publish","4":"format-standard","5":"has-post-thumbnail","7":"kategorie-kurs-ginekologia","8":"kategorie-kurs-gynecology-en","9":"kategorie-kurs-mechanical-link","10":"kategorie-kurs-polaczenie-mechaniczne","11":"product_cat-kursy-mistrzowskie","12":"product_cat-masterclasses","13":"tm-no-options","15":"first","16":"instock","17":"purchasable","18":"product-type-simple"},"acf":{"anzahl-plaetze":28,"frage_sprache":"Franz\u00f6sisch mit deutscher \u00dcbersetzung","ort":"OSD Hamburg, Weidestr. 118c, 22083 Hamburg ","kursgebuehr":"594","voraussetzungen":"uko\u0144czone szkolenie osteopatyczne","dozent":"Pierre Achery DO","dozent_kurzbeschreibung":"Pierre Achery DO\nPo uko\u0144czeniu studi\u00f3w fizjoterapeutycznych w Grenoble (dyplom w 1993 r.) w latach 1995\u20132001 odby\u0142 szkolenie osteopatyczne w CIDO w Saint-\u00c9tienne. W latach 2001\u20132002 kontynuowa\u0142 nauk\u0119 w zakresie Lien M\u00e9canique Ost\u00e9opathique (LMO). W 2003 roku zosta\u0142 asystentem Paula Chauffoura. Od 2009 roku jest wyk\u0142adowc\u0105 metody Paula Chauffoura i Erica Prata, prowadz\u0105c szkolenia na ca\u0142ym \u015bwiecie, m.in. w Europie i Kanadzie. Wsp\u00f3lnie z Erikiem Pratem opracowa\u0142 kursy mistrzowskie LMO oraz seminaria tematyczne.\nW swojej praktyce zawodowej skupia si\u0119 na leczeniu kobiet w ci\u0105\u017cy i niemowl\u0105t, wsp\u00f3\u0142pracuj\u0105c interdyscyplinarnie z ginekologami i po\u0142o\u017cnymi.    ","frage_dozent_2":"Nein","dozent_2":"","dozent_kurzbeschreibung_2":"","alle_dozenten":"","kursbeginn":"20270423","kurs_ende":"20270425","Anzahl Kurstage":"3","kursdauer":"","kurszeiten":"Pi\u0105tek i sobota: od 9 do 18\nNiedziela: od 9 do 16","frage_nach_teil_2":"Nein","kursbeginn-teil-2":null,"kursende-teil-2":null,"Anzahl_Kurstage_Teil2":"","frage_nach_teil_3":false,"kursbeginn-teil-3":null,"kursende-teil-3":null,"Anzahl_Kurstage_Teil3":"","link":"","doznew":["Pierre Achery (FRA)"]},"_links":{"self":[{"href":"https:\/\/fortbildungen.osteopathie-schule.de\/pl\/wp-json\/wp\/v2\/product\/11007","targetHints":{"allow":["GET"]}}],"collection":[{"href":"https:\/\/fortbildungen.osteopathie-schule.de\/pl\/wp-json\/wp\/v2\/product"}],"about":[{"href":"https:\/\/fortbildungen.osteopathie-schule.de\/pl\/wp-json\/wp\/v2\/types\/product"}],"wp:featuredmedia":[{"embeddable":true,"href":"https:\/\/fortbildungen.osteopathie-schule.de\/pl\/wp-json\/wp\/v2\/media\/11155"}],"wp:attachment":[{"href":"https:\/\/fortbildungen.osteopathie-schule.de\/pl\/wp-json\/wp\/v2\/media?parent=11007"}],"wp:term":[{"taxonomy":"kategorie-kurs","embeddable":true,"href":"https:\/\/fortbildungen.osteopathie-schule.de\/pl\/wp-json\/wp\/v2\/kategorie-kurs?post=11007"},{"taxonomy":"product_brand","embeddable":true,"href":"https:\/\/fortbildungen.osteopathie-schule.de\/pl\/wp-json\/wp\/v2\/product_brand?post=11007"},{"taxonomy":"product_cat","embeddable":true,"href":"https:\/\/fortbildungen.osteopathie-schule.de\/pl\/wp-json\/wp\/v2\/product_cat?post=11007"},{"taxonomy":"product_tag","embeddable":true,"href":"https:\/\/fortbildungen.osteopathie-schule.de\/pl\/wp-json\/wp\/v2\/product_tag?post=11007"}],"curies":[{"name":"wp","href":"https:\/\/api.w.org\/{rel}","templated":true}]}}