{"id":11107,"date":"2025-12-09T09:43:34","date_gmt":"2025-12-09T08:43:34","guid":{"rendered":"https:\/\/fortbildungen.osteopathie-schule.de\/?post_type=product&#038;p=11107"},"modified":"2026-04-09T10:23:47","modified_gmt":"2026-04-09T08:23:47","slug":"leczenie-osteopatyczne-dzieci-kopie-4","status":"publish","type":"product","link":"https:\/\/fortbildungen.osteopathie-schule.de\/pl\/kurse\/leczenie-osteopatyczne-dzieci-kopie-4\/","title":{"rendered":"Integracja emocjonalna w osteopatii"},"content":{"rendered":"<h2><b><strong>Tre\u015b\u0107 kursu<\/strong><\/b><\/h2>\n<h4><b><strong>Cele tego warsztatu:<\/strong><\/b><\/h4>\n<ul>\n<li>Rozw\u00f3j umiej\u0119tno\u015bci dostrzegania i palpacyjnego wyczuwania emocjonalnych \u015blad\u00f3w w ciele pacjenta.<\/li>\n<li>Przekszta\u0142canie emocjonalnych ran w si\u0142\u0119 \u017cyciow\u0105 wspieraj\u0105c\u0105 zdrowie fizyczne i psychiczne.<\/li>\n<li>Eksperymentowanie z kluczowymi poj\u0119ciami, takimi jak \u201ewibruj\u0105cy punkt podparcia\u201d czy \u201ecisza tkanek\u201d.<\/li>\n<li>Odkrywanie zasob\u00f3w wewn\u0119trznych oraz zasob\u00f3w natury, by skutecznie pokonywa\u0107 l\u0119ki i op\u00f3r.<\/li>\n<\/ul>\n<p>Szkolenie jest skierowane do praktyk\u00f3w, kt\u00f3rzy znaj\u0105 zagadnienia tkanek i morfodynamiki.<\/p>\n<h4><b><strong>Po uko\u0144czeniu kursu uczestnicy powinni potrafi\u0107:<\/strong><\/b><\/h4>\n<ul>\n<li>Rozpoznawa\u0107 emocjonalne \u015blady w ciele pacjenta i interpretowa\u0107 je poprzez palpacj\u0119.<\/li>\n<li>Przekszta\u0142ca\u0107 traumatyczne do\u015bwiadczenia emocjonalne w zasoby energetyczne wspieraj\u0105ce zdrowie i witalno\u015b\u0107.<\/li>\n<li>Stosowa\u0107 kluczowe poj\u0119cia osteopatii biodynamicznej, takie jak \u201ewibracyjny punkt podparcia\u201d i \u201ecisza tkanek\u201d.<\/li>\n<li>Wykorzystywa\u0107 zasoby wewn\u0119trzne i naturalne, by wspiera\u0107 proces terapeutyczny oraz przezwyci\u0119\u017ca\u0107 l\u0119ki i op\u00f3r pacjenta.<\/li>\n<li>W\u0142\u0105cza\u0107 wiedz\u0119 o tkankach i morfodynamice do praktyki klinicznej.<\/li>\n<\/ul>\n<h4><b>Zakres szkolenia:<\/b><\/h4>\n<ul>\n<li>Zintegrowana anatomia relacji \u2013 podstawa praktyki osteopatycznej.<\/li>\n<li>Percepcja sensoryczna i aferencje \u2013 rozw\u00f3j wra\u017cliwo\u015bci na sygna\u0142y z cia\u0142a.<\/li>\n<li>Uk\u0142ad nerwowy i hormonalny w podej\u015bciu poliwagalnym \u2013 integracja fizjologii z prac\u0105 manualn\u0105.<\/li>\n<li>Synchronizacja, cisza tkanek i punkty podparcia drga\u0144 \u2013 narz\u0119dzia do pracy z cia\u0142em i emocjami.<\/li>\n<li>Werbalizacja i dialog werbalny \u2013 wspieranie dialogu tkanek poprzez komunikacj\u0119.<\/li>\n<li>Relacja praktyk\u2013pacjent\u2013otoczenie \u2013 holistyczne podej\u015bcie do procesu terapeutycznego.<\/li>\n<li>Refleksyjna superwizja praktyki \u2013 rozw\u00f3j \u015bwiadomo\u015bci w\u0142asnej pracy.<\/li>\n<li>Odpowiedzi na pytania \u2013 wsparcie i doprecyzowanie tre\u015bci kursu.<\/li>\n<li>Sprawdzenie wiedzy \u2013 test wielokrotnego wyboru weryfikuj\u0105cy przekazane tre\u015bci.<\/li>\n<li>Praktyki kliniczne \u2013 szkolenie ma g\u0142\u00f3wnie charakter praktyczny i obejmuje: prac\u0119 nad sob\u0105, \u0107wiczenia w wodzie (basen i morze) oraz w lesie.<\/li>\n<\/ul>\n<h4><b>Przebieg szkolenia:<\/b><\/h4>\n<ul>\n<li>Powitanie uczestnik\u00f3w w przeznaczonej do tego sali szkoleniowej.<\/li>\n<li>Analiza przypadk\u00f3w klinicznych \u2013 om\u00f3wienie i dyskusja realnych sytuacji terapeutycznych.<\/li>\n<li>Praktyczne zastosowanie i ocena umiej\u0119tno\u015bci \u2013 \u0107wiczenia w sali, w wodzie (je\u015bli to mo\u017cliwe) oraz w naturze.<\/li>\n<li>Dost\u0119p online do materia\u0142\u00f3w towarzysz\u0105cych po zako\u0144czeniu szkolenia.<\/li>\n<\/ul>\n<h4><b>Plan szkolenia<\/b><\/h4>\n<h5><b><strong>Dzie\u0144 1<\/strong><\/b><\/h5>\n<ul>\n<li>Rozw\u00f3j koncepcji osteopatycznych; osteopatia biomechaniczna, funkcjonalna, biodynamiczna, wodna i integracyjna. Podej\u015bcie biopsychospo\u0142eczne. <\/li>\n<li>Praktyczne zastosowanie zasad: linia \u015brodkowa; uziemienie; anatomia relacyjna.<\/li>\n<li>Powi\u0119zi i macierz zewn\u0105trzkom\u00f3rkowa; eksperymenty in vivo z J.C. Guimberteau.<\/li>\n<li>Praca praktyczna w parach.<\/li>\n<\/ul>\n<h5><b>Dzie\u0144 2<\/b><\/h5>\n<ul>\n<li>Samoobserwacja w kontakcie z natur\u0105 \u2013 \u0107wiczenia zwi\u0119kszaj\u0105ce \u015bwiadomo\u015b\u0107 cia\u0142a i odczuwanie cia\u0142a.<\/li>\n<li>Tr\u00f3jdzielne podej\u015bcie do uk\u0142adu nerwowego \u2013 o\u015brodkowy i autonomiczny uk\u0142ad nerwowy oraz woda jako \u201ekom\u00f3rkowy uk\u0142ad nerwowy\u201d; kontekst poliwagalny.<\/li>\n<li>Praktyki pe\u0142nego skanowania cia\u0142a \u2013 rozw\u00f3j wra\u017cliwo\u015bci dotykowej i percepcji.<\/li>\n<li>Punkt podparcia drga\u0144, interfejs i synchronizacja \u2013 anatomia, fizjologia i aktualne badania naukowe.<\/li>\n<li>Po\u0142\u0105czenie uk\u0142adu nerwowego z uk\u0142adem emocjonalnym \u2013 najnowsze ustalenia neuronauki i ich praktyczne zastosowanie.<\/li>\n<\/ul>\n<h5><b><strong>Dzie\u0144 3<\/strong><\/b><\/h5>\n<ul>\n<li>Samoobserwacja w kontakcie z natur\u0105 \u2013 \u0107wiczenia zwi\u0119kszaj\u0105ce \u015bwiadomo\u015b\u0107 w\u0142asnego cia\u0142a i w\u0142asnych odczu\u0107.<\/li>\n<li>P\u0142odno\u015b\u0107 koncepcji somato-emocjonalnej. Przerwa terapeutyczna z pacjentem. <\/li>\n<li>Neutralny stan praktyka.<\/li>\n<li>Werbalizacja i dialog.<\/li>\n<li>Po\u0142\u0105czenie z otoczeniem.<\/li>\n<li>\u0106wiczenia globalne w tr\u00f3jkach z uwzgl\u0119dnieniem element\u00f3w somato-emocjonalnych.<\/li>\n<li>\u0106wiczenia globalne w tr\u00f3jkach \u2013 kolejne \u0107wiczenia i integracja.<\/li>\n<li>Refleksyjne podej\u015bcie do \u0107wicze\u0144 \u2013 superwizja i refleksje uczestnik\u00f3w nad do\u015bwiadczeniami<\/li>\n<\/ul>\n","protected":false},"excerpt":{"rendered":"<p>Tre\u015b\u0107 kursu Cele tego warsztatu: Rozw\u00f3j umiej\u0119tno\u015bci dostrzegania i palpacyjnego wyczuwania emocjonalnych \u015blad\u00f3w w ciele pacjenta. Przekszta\u0142canie emocjonalnych ran w si\u0142\u0119 \u017cyciow\u0105 wspieraj\u0105c\u0105 zdrowie fizyczne i psychiczne. Eksperymentowanie z kluczowymi poj\u0119ciami, takimi jak \u201ewibruj\u0105cy punkt podparcia\u201d czy \u201ecisza tkanek\u201d. Odkrywanie zasob\u00f3w wewn\u0119trznych oraz zasob\u00f3w natury, by skutecznie pokonywa\u0107 l\u0119ki i op\u00f3r. Szkolenie jest skierowane do [&hellip;]<\/p>\n","protected":false},"featured_media":11115,"template":"","format":"standard","meta":{"_acf_changed":false,"_seopress_robots_primary_cat":"none","_seopress_titles_title":"","_seopress_titles_desc":"","_seopress_robots_index":""},"kategorie-kurs":[145],"product_brand":[],"product_cat":[140,47],"product_tag":[],"class_list":{"0":"post-11107","1":"product","2":"type-product","3":"status-publish","4":"format-standard","5":"has-post-thumbnail","7":"kategorie-kurs-psychika-i-trauma","8":"product_cat-kursy-mistrzowskie","9":"product_cat-masterclasses","10":"tm-no-options","12":"first","13":"instock","14":"sale","15":"purchasable","16":"product-type-simple"},"acf":{"anzahl-plaetze":20,"frage_sprache":"Englisch mit polnischer \u00dcbersetzung","ort":"OSD Polska, Centrum Okopowa - Caritas Polska ul. Okopowa 55 01-043 Warszawa ","kursgebuehr":"680","voraussetzungen":"uko\u0144czone szkolenie z osteopatii (min. 4 lata)","dozent":"Bruno Ducoux DO, DPO (FRA)","dozent_kurzbeschreibung":"Od 1984 roku prywatna praktyka osteopatii; od 2002 roku dodatkowa praktyka w Clinique Saint Martin z noworodkami; tytu\u0142 Master (Human Sciences) na Uniwersytecie w Tours, Francja; od 1985 roku cz\u0142onek francuskiego rejestru osteopat\u00f3w (ROF); w 1997 roku za\u0142o\u017cyciel Francuskiej Akademii Osteopatii; redaktor czasopisma \u201eApostill\u201d; od 2004 roku: cz\u0142onek Komitetu Wykonawczego \u201eWorld Osteopathic Health Organization\u201d; mi\u0119dzynarodowy wyk\u0142adowca i nauczyciel w USA, Kanadzie, Anglii, Hiszpanii, W\u0142oszech, Francji i w OSD. W zarz\u0105dzie Europejskiego Towarzystwa Osteopatii Dzieci\u0119cej. ","frage_dozent_2":"Nein","dozent_2":"","dozent_kurzbeschreibung_2":"","alle_dozenten":"","kursbeginn":"20270226","kurs_ende":"20270228","Anzahl Kurstage":"3","kursdauer":"","kurszeiten":"Pi\u0105tek i sobota: 9-18\nNiedziela: 9-16","frage_nach_teil_2":"Nein","kursbeginn-teil-2":null,"kursende-teil-2":null,"Anzahl_Kurstage_Teil2":"","frage_nach_teil_3":false,"kursbeginn-teil-3":null,"kursende-teil-3":null,"Anzahl_Kurstage_Teil3":"","link":"","doznew":["Bruno Ducoux (FRA)"]},"_links":{"self":[{"href":"https:\/\/fortbildungen.osteopathie-schule.de\/pl\/wp-json\/wp\/v2\/product\/11107","targetHints":{"allow":["GET"]}}],"collection":[{"href":"https:\/\/fortbildungen.osteopathie-schule.de\/pl\/wp-json\/wp\/v2\/product"}],"about":[{"href":"https:\/\/fortbildungen.osteopathie-schule.de\/pl\/wp-json\/wp\/v2\/types\/product"}],"wp:featuredmedia":[{"embeddable":true,"href":"https:\/\/fortbildungen.osteopathie-schule.de\/pl\/wp-json\/wp\/v2\/media\/11115"}],"wp:attachment":[{"href":"https:\/\/fortbildungen.osteopathie-schule.de\/pl\/wp-json\/wp\/v2\/media?parent=11107"}],"wp:term":[{"taxonomy":"kategorie-kurs","embeddable":true,"href":"https:\/\/fortbildungen.osteopathie-schule.de\/pl\/wp-json\/wp\/v2\/kategorie-kurs?post=11107"},{"taxonomy":"product_brand","embeddable":true,"href":"https:\/\/fortbildungen.osteopathie-schule.de\/pl\/wp-json\/wp\/v2\/product_brand?post=11107"},{"taxonomy":"product_cat","embeddable":true,"href":"https:\/\/fortbildungen.osteopathie-schule.de\/pl\/wp-json\/wp\/v2\/product_cat?post=11107"},{"taxonomy":"product_tag","embeddable":true,"href":"https:\/\/fortbildungen.osteopathie-schule.de\/pl\/wp-json\/wp\/v2\/product_tag?post=11107"}],"curies":[{"name":"wp","href":"https:\/\/api.w.org\/{rel}","templated":true}]}}