{"id":11123,"date":"2024-01-10T13:06:27","date_gmt":"2024-01-10T12:06:27","guid":{"rendered":"https:\/\/fortbildungen.osteopathie-schule.de\/?post_type=product&#038;p=11123"},"modified":"2026-03-31T13:17:39","modified_gmt":"2026-03-31T11:17:39","slug":"problemy-z-nieplodnoscia-a-os-mozg-jelita-miednica-osteopatyczne-podejscie-integracyjne-kopie","status":"publish","type":"product","link":"https:\/\/fortbildungen.osteopathie-schule.de\/pl\/kurse\/problemy-z-nieplodnoscia-a-os-mozg-jelita-miednica-osteopatyczne-podejscie-integracyjne-kopie\/","title":{"rendered":"Wspieranie powrotu do zdrowia po wstrz\u0105\u015bnieniu m\u00f3zgu dzi\u0119ki osteopatii opartej na dowodach"},"content":{"rendered":"<p><strong>Wspieranie powrotu do zdrowia po wstrz\u0105\u015bnieniu m\u00f3zgu dzi\u0119ki osteopatii opartej na dowodach<\/strong><\/p>\n<p>W naszym seminarium online na \u017cywo z ameryka\u0144skim osteopat\u0105 Sheldonem C. Yao skupimy si\u0119 na wspieraniu powrotu do zdrowia po wstrz\u0105\u015bnieniu m\u00f3zgu dzi\u0119ki osteopatycznemu leczeniu opartemu na dowodach.<\/p>\n<p>To wydarzenie odbywa si\u0119 online na \u017cywo. Seminarium nie b\u0119dzie t\u0142umaczone na niemiecki i nie zostanie udost\u0119pnione \u017cadne nagranie! <\/p>\n<p><span style=\"color: #ffffff;\">Wyk\u0142adowca: Torsten Liem<\/span><\/p>\n","protected":false},"excerpt":{"rendered":"<p>Wspieranie powrotu do zdrowia po wstrz\u0105\u015bnieniu m\u00f3zgu dzi\u0119ki osteopatii opartej na dowodach W naszym seminarium online na \u017cywo z ameryka\u0144skim osteopat\u0105 Sheldonem C. Yao skupimy si\u0119 na wspieraniu powrotu do zdrowia po wstrz\u0105\u015bnieniu m\u00f3zgu dzi\u0119ki osteopatycznemu leczeniu opartemu na dowodach. To wydarzenie odbywa si\u0119 online na \u017cywo. Seminarium nie b\u0119dzie t\u0142umaczone na niemiecki i nie [&hellip;]<\/p>\n","protected":false},"featured_media":11127,"template":"","format":"standard","meta":{"_acf_changed":false,"_seopress_robots_primary_cat":"none","_seopress_titles_title":"","_seopress_titles_desc":"","_seopress_robots_index":""},"kategorie-kurs":[145,150,154],"product_brand":[],"product_cat":[140,47],"product_tag":[],"class_list":{"0":"post-11123","1":"product","2":"type-product","3":"status-publish","4":"format-standard","5":"has-post-thumbnail","7":"kategorie-kurs-psychika-i-trauma","8":"kategorie-kurs-seminarium-online","9":"kategorie-kurs-w-tym-uklad-nerwowy-mozg","10":"product_cat-kursy-mistrzowskie","11":"product_cat-masterclasses","12":"tm-no-options","14":"first","15":"instock","16":"purchasable","17":"product-type-simple"},"acf":{"anzahl-plaetze":100,"frage_sprache":"Englisch","ort":"Online","kursgebuehr":"29","voraussetzungen":"uko\u0144czone szkolenie z osteopatii, w trakcie szkolenia z osteopatii (3 rok)","dozent":"Dr Sheldon C. Yao (USA)","dozent_kurzbeschreibung":"Ameryka\u0144ski lekarz i osteopata Sheldon C. Yao, DO, FAAO, jest profesorem i kierownikiem Katedry Osteopathic Manipulative Medicine w New York Institute of Technology College of Osteopathic Medicine, a tak\u017ce wyk\u0142ada w programie rezydenckim NMM\/OMM w St. Barnabas Hospital.\nDr Yao uko\u0144czy\u0142 studia osteopatyczne w NYIT College of Osteopathic Medicine, a nast\u0119pnie odby\u0142 specjalizacj\u0119 z medycyny rodzinnej oraz program fellowship z Neuromusculoskeletal Medicine\/Osteopathic Manipulative Medicine.\nAktywnie dzia\u0142a w badaniach i dydaktyce, opublikowa\u0142 liczne prace o skuteczno\u015bci manipulacji osteopatycznych i anga\u017cuje si\u0119 jako recenzent w czasopismach specjalistycznych o profilu osteopatycznym.\nW 2025 r. zosta\u0142 wybrany na President-Elect American Academy of Osteopathy, a w latach 2026\u201327 b\u0119dzie pe\u0142ni\u0142 funkcj\u0119 prezydenta najwi\u0119kszego w USA medycznego towarzystwa osteopatycznego.","frage_dozent_2":"Nein","dozent_2":"","dozent_kurzbeschreibung_2":"","alle_dozenten":"","kursbeginn":"20260521","kurs_ende":"20260521","Anzahl Kurstage":"2","kursdauer":"1,5","kurszeiten":"19:30\u201321:00","frage_nach_teil_2":"Nein","kursbeginn-teil-2":null,"kursende-teil-2":null,"Anzahl_Kurstage_Teil2":"","frage_nach_teil_3":"Bitte ausw\u00e4hlen","kursbeginn-teil-3":null,"kursende-teil-3":null,"Anzahl_Kurstage_Teil3":"","link":"","doznew":["_"]},"_links":{"self":[{"href":"https:\/\/fortbildungen.osteopathie-schule.de\/pl\/wp-json\/wp\/v2\/product\/11123","targetHints":{"allow":["GET"]}}],"collection":[{"href":"https:\/\/fortbildungen.osteopathie-schule.de\/pl\/wp-json\/wp\/v2\/product"}],"about":[{"href":"https:\/\/fortbildungen.osteopathie-schule.de\/pl\/wp-json\/wp\/v2\/types\/product"}],"wp:featuredmedia":[{"embeddable":true,"href":"https:\/\/fortbildungen.osteopathie-schule.de\/pl\/wp-json\/wp\/v2\/media\/11127"}],"wp:attachment":[{"href":"https:\/\/fortbildungen.osteopathie-schule.de\/pl\/wp-json\/wp\/v2\/media?parent=11123"}],"wp:term":[{"taxonomy":"kategorie-kurs","embeddable":true,"href":"https:\/\/fortbildungen.osteopathie-schule.de\/pl\/wp-json\/wp\/v2\/kategorie-kurs?post=11123"},{"taxonomy":"product_brand","embeddable":true,"href":"https:\/\/fortbildungen.osteopathie-schule.de\/pl\/wp-json\/wp\/v2\/product_brand?post=11123"},{"taxonomy":"product_cat","embeddable":true,"href":"https:\/\/fortbildungen.osteopathie-schule.de\/pl\/wp-json\/wp\/v2\/product_cat?post=11123"},{"taxonomy":"product_tag","embeddable":true,"href":"https:\/\/fortbildungen.osteopathie-schule.de\/pl\/wp-json\/wp\/v2\/product_tag?post=11123"}],"curies":[{"name":"wp","href":"https:\/\/api.w.org\/{rel}","templated":true}]}}