{"id":11292,"date":"2024-02-02T23:24:25","date_gmt":"2024-02-02T22:24:25","guid":{"rendered":"https:\/\/fortbildungen.osteopathie-schule.de\/?post_type=product&#038;p=11292"},"modified":"2026-04-20T12:25:28","modified_gmt":"2026-04-20T10:25:28","slug":"bone-strain-relief-kosc-w-centrum-leczenia-osteopatycznego-kopie-2","status":"publish","type":"product","link":"https:\/\/fortbildungen.osteopathie-schule.de\/pl\/kurse\/bone-strain-relief-kosc-w-centrum-leczenia-osteopatycznego-kopie-2\/","title":{"rendered":"Kongres Specjalny! Bone Strain Relief &#8211; Ko\u015b\u0107 w centrum leczenia osteopatycznego"},"content":{"rendered":"<p>Podczas gdy mi\u0119\u015bnie, powi\u0119zi i \u015bci\u0119gna od dawna znajduj\u0105 si\u0119 w centrum nowoczesnej terapii b\u00f3lu, jeden kluczowy czynnik cz\u0119sto pozostaje niezauwa\u017cony: ko\u015b\u0107.<\/p>\n<p>W swojej koncepcji leczenia dr Hartwig Liedtke skupia si\u0119 na tym, co cz\u0119sto jest pomijane \u2013 napi\u0119ciu ko\u015bci jako cz\u0119stej i g\u0142\u0119bokiej przyczynie przewlek\u0142ego, opornego na terapi\u0119 b\u00f3lu.<\/p>\n<p>Ko\u015bci s\u0105 bardziej elastyczne, plastyczne i zdolne do adaptacji, ni\u017c wielu s\u0105dzi. Jednak w\u0142a\u015bnie te cechy nios\u0105 ze sob\u0105 ryzyko: po urazach, przeci\u0105\u017ceniach czy skr\u0119ceniach nie zawsze wracaj\u0105 do pierwotnego po\u0142o\u017cenia \u2013 pozostaje wzorzec napi\u0119ciowy z mikronapi\u0119ciami, a si\u0142y samoleczenia zawodz\u0105. Skutek: kompensacje w ca\u0142ym aparacie ruchu i uporczywe dolegliwo\u015bci, kt\u00f3re wydaj\u0105 si\u0119 odporne na wszelkie terapie.  <\/p>\n<p>Odkryj ko\u015b\u0107 jako niedocenian\u0105 d\u017awigni\u0119 w terapii b\u00f3lu \u2013 i rozszerz swoje spektrum terapeutyczne o ten kluczowy element!<\/p>\n<p>&nbsp;<\/p>\n","protected":false},"excerpt":{"rendered":"<p>Podczas gdy mi\u0119\u015bnie, powi\u0119zi i \u015bci\u0119gna od dawna znajduj\u0105 si\u0119 w centrum nowoczesnej terapii b\u00f3lu, jeden kluczowy czynnik cz\u0119sto pozostaje niezauwa\u017cony: ko\u015b\u0107. W swojej koncepcji leczenia dr Hartwig Liedtke skupia si\u0119 na tym, co cz\u0119sto jest pomijane \u2013 napi\u0119ciu ko\u015bci jako cz\u0119stej i g\u0142\u0119bokiej przyczynie przewlek\u0142ego, opornego na terapi\u0119 b\u00f3lu. Ko\u015bci s\u0105 bardziej elastyczne, plastyczne [&hellip;]<\/p>\n","protected":false},"featured_media":10973,"template":"","format":"standard","meta":{"_acf_changed":false,"_seopress_robots_primary_cat":"none","_seopress_titles_title":"","_seopress_titles_desc":"","_seopress_robots_index":""},"kategorie-kurs":[],"product_brand":[],"product_cat":[140,47],"product_tag":[],"class_list":{"0":"post-11292","1":"product","2":"type-product","3":"status-publish","4":"format-standard","5":"has-post-thumbnail","7":"product_cat-kursy-mistrzowskie","8":"product_cat-masterclasses","9":"tm-no-options","11":"first","12":"instock","13":"purchasable","14":"product-type-simple"},"acf":{"anzahl-plaetze":28,"frage_sprache":"Deutsch","ort":"OSD Berlin, ul. Oudenarder 16, 13347 Berlin","kursgebuehr":"198","voraussetzungen":"Lekarki, lekarze, osoby z uko\u0144czonym wykszta\u0142ceniem w dziedzinie osteopatii lub studenci 4. roku","dozent":"Dr med. Hartwig Liedtke","dozent_kurzbeschreibung":"Z do\u015bwiadczeniem jako chirurg, chirurg urazowy i chirurg r\u0119ki, dr Hartwig Liedtke przez wiele lat pracowa\u0142 jako starszy lekarz w specjalistycznej klinice chirurgii urazowej, chirurgii r\u0119ki i chirurgii rekonstrukcyjnej, zanim za\u0142o\u017cy\u0142 w\u0142asn\u0105 praktyk\u0119.\nWcze\u015bnie zda\u0142 sobie spraw\u0119, \u017ce same konwencjonalne metody nie zawsze wystarczaj\u0105 do trwa\u0142ego leczenia b\u00f3lu w uk\u0142adzie mi\u0119\u015bniowo-szkieletowym - dlatego ju\u017c podczas pracy w klinice zacz\u0105\u0142 intensywnie zajmowa\u0107 si\u0119 chiroterapi\u0105 i osteopati\u0105.\nNa podstawie tej interdyscyplinarnej wiedzy z zakresu osteopatii, ortopedii i chirurgii urazowej opracowa\u0142 nowatorsk\u0105 metod\u0119 terapeutyczn\u0105, kt\u00f3ra \u0142\u0105czy nowoczesne podej\u015bcia osteopatyczne z jego do\u015bwiadczeniem chirurgicznym i ortopedycznym, cz\u0119sto pomagaj\u0105c tam, gdzie inne metody osi\u0105gaj\u0105 swoje granice.\nRezultat:\n \u0141agodna, wysoce skuteczna metoda, kt\u00f3ra cz\u0119sto pozwala na znaczn\u0105 ulg\u0119 nawet u pacjent\u00f3w z przewlek\u0142ym b\u00f3lem ju\u017c podczas pierwszej sesji - ca\u0142kowicie bez lek\u00f3w lub inwazyjnych zabieg\u00f3w \n- cz\u0119sto po raz pierwszy od lat.\nDr Liedtke reprezentuje medyczn\u0105 precyzj\u0119 po\u0142\u0105czon\u0105 z innowacyjnym my\u015bleniem - przywracaj\u0105c nadziej\u0119 i jako\u015b\u0107 \u017cycia.","frage_dozent_2":"Nein","dozent_2":"","dozent_kurzbeschreibung_2":"","alle_dozenten":"","kursbeginn":"20261119","kurs_ende":"20261119","Anzahl Kurstage":"1","kursdauer":"","kurszeiten":"Czwartek: 9:00-18:00\n","frage_nach_teil_2":"Bitte ausw\u00e4hlen","kursbeginn-teil-2":null,"kursende-teil-2":null,"Anzahl_Kurstage_Teil2":"","frage_nach_teil_3":false,"kursbeginn-teil-3":null,"kursende-teil-3":null,"Anzahl_Kurstage_Teil3":"","link":"","doznew":["Hartwig Liedtke"]},"_links":{"self":[{"href":"https:\/\/fortbildungen.osteopathie-schule.de\/pl\/wp-json\/wp\/v2\/product\/11292","targetHints":{"allow":["GET"]}}],"collection":[{"href":"https:\/\/fortbildungen.osteopathie-schule.de\/pl\/wp-json\/wp\/v2\/product"}],"about":[{"href":"https:\/\/fortbildungen.osteopathie-schule.de\/pl\/wp-json\/wp\/v2\/types\/product"}],"wp:featuredmedia":[{"embeddable":true,"href":"https:\/\/fortbildungen.osteopathie-schule.de\/pl\/wp-json\/wp\/v2\/media\/10973"}],"wp:attachment":[{"href":"https:\/\/fortbildungen.osteopathie-schule.de\/pl\/wp-json\/wp\/v2\/media?parent=11292"}],"wp:term":[{"taxonomy":"kategorie-kurs","embeddable":true,"href":"https:\/\/fortbildungen.osteopathie-schule.de\/pl\/wp-json\/wp\/v2\/kategorie-kurs?post=11292"},{"taxonomy":"product_brand","embeddable":true,"href":"https:\/\/fortbildungen.osteopathie-schule.de\/pl\/wp-json\/wp\/v2\/product_brand?post=11292"},{"taxonomy":"product_cat","embeddable":true,"href":"https:\/\/fortbildungen.osteopathie-schule.de\/pl\/wp-json\/wp\/v2\/product_cat?post=11292"},{"taxonomy":"product_tag","embeddable":true,"href":"https:\/\/fortbildungen.osteopathie-schule.de\/pl\/wp-json\/wp\/v2\/product_tag?post=11292"}],"curies":[{"name":"wp","href":"https:\/\/api.w.org\/{rel}","templated":true}]}}