{"id":11298,"date":"2024-02-02T23:11:31","date_gmt":"2024-02-02T22:11:31","guid":{"rendered":"https:\/\/fortbildungen.osteopathie-schule.de\/kurse\/kongres-specjalny-osteopatyczne-leczenie-osi-hormonalnej-wspoldzialanie-fizjologii-sil-emocjonalnych-i-regulacji-neuroendokrynnej\/"},"modified":"2026-04-20T12:26:07","modified_gmt":"2026-04-20T10:26:07","slug":"kongres-specjalny-osteopatyczne-leczenie-osi-hormonalnej-wspoldzialanie-fizjologii-sil-emocjonalnych-i-regulacji-neuroendokrynnej","status":"publish","type":"product","link":"https:\/\/fortbildungen.osteopathie-schule.de\/pl\/kurse\/kongres-specjalny-osteopatyczne-leczenie-osi-hormonalnej-wspoldzialanie-fizjologii-sil-emocjonalnych-i-regulacji-neuroendokrynnej\/","title":{"rendered":"Kongres Specjalny! Osteopatyczne leczenie osi hormonalnej: wsp\u00f3\u0142dzia\u0142anie fizjologii, si\u0142 emocjonalnych i regulacji neuroendokrynnej"},"content":{"rendered":"<p>Osteopatyczne leczenie osi hormonalnej wymaga g\u0142\u0119bokiego zrozumienia wra\u017cliwego wsp\u00f3\u0142dzia\u0142ania mi\u0119dzy fizjologi\u0105, wp\u0142ywami emocjonalnymi a regulacj\u0105 neuroendokrynn\u0105. W tym kursie Genevi\u00e8ve Kermorgant przedstawia podej\u015bcie integracyjne, kt\u00f3re w leczeniu zaburze\u0144 r\u00f3wnowagi hormonalnej uwzgl\u0119dnia aspekty strukturalne, trzewne i emocjonalne. Celem jest wypracowanie strategii terapeutycznych, kt\u00f3re d\u0142ugofalowo wspieraj\u0105 samoregulacj\u0119 organizmu.  <\/p>\n<div class=\"elementor-element elementor-element-b3712af elementor-widget elementor-widget-text-editor\" data-id=\"b3712af\" data-element_type=\"widget\" data-e-type=\"widget\" data-widget_type=\"text-editor.default\">\n<div class=\"elementor-widget-container\"><\/div>\n<\/div>\n","protected":false},"excerpt":{"rendered":"<p>Osteopatyczne leczenie osi hormonalnej wymaga g\u0142\u0119bokiego zrozumienia wra\u017cliwego wsp\u00f3\u0142dzia\u0142ania mi\u0119dzy fizjologi\u0105, wp\u0142ywami emocjonalnymi a regulacj\u0105 neuroendokrynn\u0105. W tym kursie Genevi\u00e8ve Kermorgant przedstawia podej\u015bcie integracyjne, kt\u00f3re w leczeniu zaburze\u0144 r\u00f3wnowagi hormonalnej uwzgl\u0119dnia aspekty strukturalne, trzewne i emocjonalne. Celem jest wypracowanie strategii terapeutycznych, kt\u00f3re d\u0142ugofalowo wspieraj\u0105 samoregulacj\u0119 organizmu.<\/p>\n","protected":false},"featured_media":0,"template":"","format":"standard","meta":{"_acf_changed":false,"_seopress_robots_primary_cat":"none","_seopress_titles_title":"","_seopress_titles_desc":"","_seopress_robots_index":""},"kategorie-kurs":[163,101],"product_brand":[],"product_cat":[140,47],"product_tag":[],"class_list":{"0":"post-11298","1":"product","2":"type-product","3":"status-publish","4":"format-standard","6":"kategorie-kurs-ginekologia","7":"kategorie-kurs-gynecology-en","8":"product_cat-kursy-mistrzowskie","9":"product_cat-masterclasses","10":"tm-no-options","12":"first","13":"instock","14":"purchasable","15":"product-type-simple"},"acf":{"dozenten_relation":[11458],"doznew":["Genevi\u00e8ve Kermorgant (FRA)"],"anzahl-plaetze":28,"frage_sprache":"Franz\u00f6sisch mit deutscher \u00dcbersetzung","ort":"OSD Berlin, ul. Oudenarder 16, 13347 Berlin","kursgebuehr":"396","voraussetzungen":"uko\u0144czone szkolenie z osteopatii, w trakcie szkolenia osteopatycznego (4. rok)","kursbeginn":"20261118","kurs_ende":"20261119","Anzahl Kurstage":"2","kursdauer":"","kurszeiten":"\u015aroda: 9:00\u201318:00\nCzwartek: 9:00\u201316:00","frage_nach_teil_2":"Bitte ausw\u00e4hlen","kursbeginn-teil-2":null,"kursende-teil-2":null,"Anzahl_Kurstage_Teil2":"","frage_nach_teil_3":false,"kursbeginn-teil-3":null,"kursende-teil-3":null,"Anzahl_Kurstage_Teil3":""},"_links":{"self":[{"href":"https:\/\/fortbildungen.osteopathie-schule.de\/pl\/wp-json\/wp\/v2\/product\/11298","targetHints":{"allow":["GET"]}}],"collection":[{"href":"https:\/\/fortbildungen.osteopathie-schule.de\/pl\/wp-json\/wp\/v2\/product"}],"about":[{"href":"https:\/\/fortbildungen.osteopathie-schule.de\/pl\/wp-json\/wp\/v2\/types\/product"}],"acf:post":[{"embeddable":true,"href":"https:\/\/fortbildungen.osteopathie-schule.de\/pl\/wp-json\/wp\/v2\/dozent\/11458"}],"wp:attachment":[{"href":"https:\/\/fortbildungen.osteopathie-schule.de\/pl\/wp-json\/wp\/v2\/media?parent=11298"}],"wp:term":[{"taxonomy":"kategorie-kurs","embeddable":true,"href":"https:\/\/fortbildungen.osteopathie-schule.de\/pl\/wp-json\/wp\/v2\/kategorie-kurs?post=11298"},{"taxonomy":"product_brand","embeddable":true,"href":"https:\/\/fortbildungen.osteopathie-schule.de\/pl\/wp-json\/wp\/v2\/product_brand?post=11298"},{"taxonomy":"product_cat","embeddable":true,"href":"https:\/\/fortbildungen.osteopathie-schule.de\/pl\/wp-json\/wp\/v2\/product_cat?post=11298"},{"taxonomy":"product_tag","embeddable":true,"href":"https:\/\/fortbildungen.osteopathie-schule.de\/pl\/wp-json\/wp\/v2\/product_tag?post=11298"}],"curies":[{"name":"wp","href":"https:\/\/api.w.org\/{rel}","templated":true}]}}