{"id":11330,"date":"2026-01-29T10:22:58","date_gmt":"2026-01-29T09:22:58","guid":{"rendered":"https:\/\/fortbildungen.osteopathie-schule.de\/?post_type=product&#038;p=11330"},"modified":"2026-04-23T15:16:16","modified_gmt":"2026-04-23T13:16:16","slug":"kurs-manipulacji-dla-kobiet-kregoslup-i-biodra-kopie","status":"publish","type":"product","link":"https:\/\/fortbildungen.osteopathie-schule.de\/pl\/kurse\/kurs-manipulacji-dla-kobiet-kregoslup-i-biodra-kopie\/","title":{"rendered":"Kurs manipulacji dla kobiet: kr\u0119gos\u0142up i biodra"},"content":{"rendered":"<p>Zawarto\u015b\u0107 kursu:<\/p>\n<ul>\n<li>Pozycjonowanie cia\u0142a pacjenta i terapeuty w celu poprawy wykonywania technik<\/li>\n<li>Integracja biomechaniki posturalnej w odniesieniu do terapeuty, aby poprawi\u0107 si\u0142\u0119, wytrzyma\u0142o\u015b\u0107 i precyzj\u0119 w wykonywaniu ka\u017cdej techniki manipulacyjnej<\/li>\n<li>Przegl\u0105d jako\u015bci palpacji przed i w trakcie wykonywania techniki, aby zidentyfikowa\u0107, co mog\u0142oby potencjalnie uniemo\u017cliwi\u0107 skuteczne wykonanie techniki<\/li>\n<li>Co robi\u0107, gdy pacjent jest fizycznie wi\u0119kszy, ci\u0119\u017cszy lub silniejszy od terapeuty?<\/li>\n<li>Indywidualny nadz\u00f3r, aby pom\u00f3c ka\u017cdej uczestniczce w przezwyci\u0119\u017ceniu w\u0142asnych trudno\u015bci zwi\u0105zanych z technikami strukturalnymi<\/li>\n<\/ul>\n<p>Ten kurs jest ograniczony do 22 uczestnik\u00f3w.<\/p>\n","protected":false},"excerpt":{"rendered":"<p>Zawarto\u015b\u0107 kursu: Pozycjonowanie cia\u0142a pacjenta i terapeuty w celu poprawy wykonywania technik Integracja biomechaniki posturalnej w odniesieniu do terapeuty, aby poprawi\u0107 si\u0142\u0119, wytrzyma\u0142o\u015b\u0107 i precyzj\u0119 w wykonywaniu ka\u017cdej techniki manipulacyjnej Przegl\u0105d jako\u015bci palpacji przed i w trakcie wykonywania techniki, aby zidentyfikowa\u0107, co mog\u0142oby potencjalnie uniemo\u017cliwi\u0107 skuteczne wykonanie techniki Co robi\u0107, gdy pacjent jest fizycznie wi\u0119kszy, [&hellip;]<\/p>\n","protected":false},"featured_media":6247,"template":"","format":"standard","meta":{"_acf_changed":false,"_seopress_robots_primary_cat":"none","_seopress_titles_title":"","_seopress_titles_desc":"","_seopress_robots_index":""},"kategorie-kurs":[153,142,144],"product_brand":[],"product_cat":[140,47],"product_tag":[],"class_list":{"0":"post-11330","1":"product","2":"type-product","3":"status-publish","4":"format-standard","5":"has-post-thumbnail","7":"kategorie-kurs-kosci-i-stawy","8":"kategorie-kurs-kregoslup","9":"kategorie-kurs-manipulacje","10":"product_cat-kursy-mistrzowskie","11":"product_cat-masterclasses","12":"tm-no-options","14":"first","15":"instock","16":"purchasable","17":"product-type-simple"},"acf":{"anzahl-plaetze":22,"frage_sprache":"Franz\u00f6sisch mit deutscher \u00dcbersetzung","ort":"OSD Hamburg, Weidestr. 118c, 22083 Hamburg ","kursgebuehr":"594","voraussetzungen":"uko\u0144czone szkolenie z osteopatii, w trakcie szkolenia z osteopatii (3 rok)","dozent":"Lucia Pereira PGDO, B.Sc. (Hons) Ost., DO (FRA)","dozent_kurzbeschreibung":"Lucia Pereira studiowa\u0142a osteopati\u0119 w European School of Osteopathy, uko\u0144czy\u0142a studia w 1996 roku. Uwa\u017ca sw\u00f3j niski wzrost i niewielk\u0105 wag\u0119 za zalet\u0119, a nie przeszkod\u0119, podczas wykonywania manipulacji. ","frage_dozent_2":"Nein","dozent_2":"","dozent_kurzbeschreibung_2":"","alle_dozenten":"","kursbeginn":"20270917","kurs_ende":"20270919","Anzahl Kurstage":"3","kursdauer":"","kurszeiten":"Pi\u0105tek-sobota: 9:00-18:00\nNiedziela: 9:00-16:00  ","frage_nach_teil_2":"Nein","kursbeginn-teil-2":null,"kursende-teil-2":null,"Anzahl_Kurstage_Teil2":"","frage_nach_teil_3":"Bitte ausw\u00e4hlen","kursbeginn-teil-3":null,"kursende-teil-3":null,"Anzahl_Kurstage_Teil3":"","link":"","doznew":["Lucia Pereira (FRA)"]},"_links":{"self":[{"href":"https:\/\/fortbildungen.osteopathie-schule.de\/pl\/wp-json\/wp\/v2\/product\/11330","targetHints":{"allow":["GET"]}}],"collection":[{"href":"https:\/\/fortbildungen.osteopathie-schule.de\/pl\/wp-json\/wp\/v2\/product"}],"about":[{"href":"https:\/\/fortbildungen.osteopathie-schule.de\/pl\/wp-json\/wp\/v2\/types\/product"}],"wp:featuredmedia":[{"embeddable":true,"href":"https:\/\/fortbildungen.osteopathie-schule.de\/pl\/wp-json\/wp\/v2\/media\/6247"}],"wp:attachment":[{"href":"https:\/\/fortbildungen.osteopathie-schule.de\/pl\/wp-json\/wp\/v2\/media?parent=11330"}],"wp:term":[{"taxonomy":"kategorie-kurs","embeddable":true,"href":"https:\/\/fortbildungen.osteopathie-schule.de\/pl\/wp-json\/wp\/v2\/kategorie-kurs?post=11330"},{"taxonomy":"product_brand","embeddable":true,"href":"https:\/\/fortbildungen.osteopathie-schule.de\/pl\/wp-json\/wp\/v2\/product_brand?post=11330"},{"taxonomy":"product_cat","embeddable":true,"href":"https:\/\/fortbildungen.osteopathie-schule.de\/pl\/wp-json\/wp\/v2\/product_cat?post=11330"},{"taxonomy":"product_tag","embeddable":true,"href":"https:\/\/fortbildungen.osteopathie-schule.de\/pl\/wp-json\/wp\/v2\/product_tag?post=11330"}],"curies":[{"name":"wp","href":"https:\/\/api.w.org\/{rel}","templated":true}]}}