{"id":11376,"date":"2026-04-28T12:25:44","date_gmt":"2026-04-28T10:25:44","guid":{"rendered":"https:\/\/fortbildungen.osteopathie-schule.de\/kurse\/pakiet-kongresowy-bilet-3-dniowy-bone-strain-relief\/"},"modified":"2026-04-28T12:26:09","modified_gmt":"2026-04-28T10:26:09","slug":"pakiet-kongresowy-bilet-3-dniowy-bone-strain-relief","status":"publish","type":"product","link":"https:\/\/fortbildungen.osteopathie-schule.de\/pl\/kurse\/pakiet-kongresowy-bilet-3-dniowy-bone-strain-relief\/","title":{"rendered":"Pakiet kongresowy: bilet 3-dniowy + Bone Strain Relief"},"content":{"rendered":"<p><strong>(bilet 3-dniowy + 1-dniowy warsztat przedkonferencyjny)<\/strong><\/p>\n<p>Ten pakiet \u0142\u0105czy bilet na <strong>Kongres Osteopatii 2026<\/strong> z warsztatem przedkonferencyjnym \u201e<a href=\"https:\/\/fortbildungen.osteopathie-schule.de\/pl\/kurse\/bone-strain-relief-kosc-w-centrum-leczenia-osteopatycznego-kopie-2\/\" target=\"_blank\" rel=\"noopener\"><strong>Bone Strain Relief \u2013 ko\u015b\u0107 w centrum uwagi leczenia osteopatycznego<\/strong><\/a>\u201d.<\/p>\n<p>Tw\u00f3j bilet na kongres uprawnia Ci\u0119 do udzia\u0142u w ca\u0142ym programie wyk\u0142ad\u00f3w oraz w czterech wybranych warsztatach.<\/p>\n<p>Dodatkowy warsztat przedkonferencyjny z dr. Hartwigiem Liedtke odb\u0119dzie si\u0119 w czwartek, 19.11.2026 r., w godzinach 9:00\u201318:00.<\/p>\n<p><strong>Warsztat przedkonferencyjny<\/strong><\/p>\n<ul>\n<li>Czwartek, 19.11.2026 | 9:00\u201318:00<\/li>\n<\/ul>\n<p><strong>Wyk\u0142ady<\/strong><\/p>\n<ul>\n<li>Pi\u0105tek, 20.11.2026 | 8:30-12:45 | 14:45-18:00<\/li>\n<\/ul>\n<p><strong>Warsztaty<\/strong><\/p>\n<ul>\n<li>Sobota, 21.11.2026 | 9:30-12:30 | 14:30-17:30<\/li>\n<li>Niedziela, 22.11.2026 | 9:30-12:30 | 14:30-17:30<\/li>\n<\/ul>\n","protected":false},"excerpt":{"rendered":"<p><strong>(bilet 3-dniowy + 1-dniowy warsztat przedkonferencyjny)<\/strong><\/p>\n<p>Ten pakiet \u0142\u0105czy bilet na <strong>Kongres Osteopatii 2026<\/strong> z warsztatem przedkonferencyjnym \u201e<a href=\"https:\/\/fortbildungen.osteopathie-schule.de\/pl\/kurse\/bone-strain-relief-kosc-w-centrum-leczenia-osteopatycznego-kopie-2\/\" target=\"_blank\" rel=\"noopener\"><strong>Bone Strain Relief \u2013 ko\u015b\u0107 w centrum uwagi leczenia osteopatycznego<\/strong><\/a>\u201d.<\/p>\n<p>Tw\u00f3j bilet na kongres uprawnia Ci\u0119 do udzia\u0142u w ca\u0142ym programie wyk\u0142ad\u00f3w oraz w czterech wybranych warsztatach.<\/p>\n<p>Dodatkowy warsztat przedkonferencyjny z dr. Hartwigiem Liedtke odb\u0119dzie si\u0119 w czwartek, 19.11.2026 r., w godzinach 9:00\u201318:00.<\/p>\n<p><strong>Warsztat przedkonferencyjny<\/strong><\/p>\n<ul>\n<li>Czwartek, 19.11.2026 | 9:00\u201318:00<\/li>\n<\/ul>\n<p><strong>Wyk\u0142ady<\/strong><\/p>\n<ul>\n<li>Pi\u0105tek, 20.11.2026 | 8:30-12:45 | 14:45-18:00<\/li>\n<\/ul>\n<p><strong>Warsztaty<\/strong><\/p>\n<ul>\n<li>Sobota, 21.11.2026 | 9:30-12:30 | 14:30-17:30<\/li>\n<li>Niedziela, 22.11.2026 | 9:30-12:30 | 14:30-17:30<\/li>\n<\/ul>\n","protected":false},"featured_media":0,"template":"","format":"standard","meta":{"_acf_changed":false,"_seopress_robots_primary_cat":"none","_seopress_titles_title":"","_seopress_titles_desc":"","_seopress_robots_index":""},"kategorie-kurs":[],"product_brand":[],"product_cat":[151,48,73,146],"product_tag":[],"class_list":{"0":"post-11376","1":"product","2":"type-product","3":"status-publish","4":"format-standard","6":"product_cat-kongres","7":"product_cat-kongress","8":"product_cat-pakete","9":"product_cat-pakiety","10":"tm-no-options","12":"first","13":"instock","14":"purchasable","15":"product-type-woosb"},"acf":[],"_links":{"self":[{"href":"https:\/\/fortbildungen.osteopathie-schule.de\/pl\/wp-json\/wp\/v2\/product\/11376","targetHints":{"allow":["GET"]}}],"collection":[{"href":"https:\/\/fortbildungen.osteopathie-schule.de\/pl\/wp-json\/wp\/v2\/product"}],"about":[{"href":"https:\/\/fortbildungen.osteopathie-schule.de\/pl\/wp-json\/wp\/v2\/types\/product"}],"wp:attachment":[{"href":"https:\/\/fortbildungen.osteopathie-schule.de\/pl\/wp-json\/wp\/v2\/media?parent=11376"}],"wp:term":[{"taxonomy":"kategorie-kurs","embeddable":true,"href":"https:\/\/fortbildungen.osteopathie-schule.de\/pl\/wp-json\/wp\/v2\/kategorie-kurs?post=11376"},{"taxonomy":"product_brand","embeddable":true,"href":"https:\/\/fortbildungen.osteopathie-schule.de\/pl\/wp-json\/wp\/v2\/product_brand?post=11376"},{"taxonomy":"product_cat","embeddable":true,"href":"https:\/\/fortbildungen.osteopathie-schule.de\/pl\/wp-json\/wp\/v2\/product_cat?post=11376"},{"taxonomy":"product_tag","embeddable":true,"href":"https:\/\/fortbildungen.osteopathie-schule.de\/pl\/wp-json\/wp\/v2\/product_tag?post=11376"}],"curies":[{"name":"wp","href":"https:\/\/api.w.org\/{rel}","templated":true}]}}