{"id":5321,"date":"2023-11-14T15:32:57","date_gmt":"2023-11-14T14:32:57","guid":{"rendered":"https:\/\/fortbildungen.osteopathie-schule.de\/kurse\/pakiet-kursow-dotyczacych-gruczolow-dokrewnych-i-zewnatrzwydzielniczych\/"},"modified":"2025-10-22T12:42:18","modified_gmt":"2025-10-22T10:42:18","slug":"pakiet-kursow-dotyczacych-gruczolow-dokrewnych-i-zewnatrzwydzielniczych","status":"publish","type":"product","link":"https:\/\/fortbildungen.osteopathie-schule.de\/pl\/kurse\/pakiet-kursow-dotyczacych-gruczolow-dokrewnych-i-zewnatrzwydzielniczych\/","title":{"rendered":"Pakiet kurs\u00f3w dotycz\u0105cych gruczo\u0142\u00f3w dokrewnych i zewn\u0105trzwydzielniczych"},"content":{"rendered":"<p>Choroba <strong>Hashimoto, mastopatia i niewydolno\u015b\u0107 nadnerczy<\/strong> to coraz cz\u0119\u015bciej wyst\u0119puj\u0105ce zaburzenia hormonalne i immunologiczne w praktyce osteopatycznej. W oparciu o dok\u0142adn\u0105 zawarto\u015b\u0107 podstaw r\u00f3\u017cnych narz\u0105d\u00f3w, kurs zbada te zaburzenia osteopatycznie i wyci\u0105gnie wynikaj\u0105ce z nich implikacje osteopatyczne. Zawarto\u015b\u0107 w szczeg\u00f3\u0142ach: <strong>Tarczyca<\/strong> &#8211; &#8222;zapomniany&#8221; narz\u0105d w osteopatii. Wi\u0119cej informacji w opisach poszczeg\u00f3lnych kurs\u00f3w.<\/p>\n<p><a href=\"https:\/\/youtu.be\/DYQQUkUezWI\" target=\"_blank\" rel=\"noopener\"><strong>Wywiad z Jochenem Fr\u00fchweinem na temat jego kursu Gruczo\u0142y dokrewne i zewn\u0105trzwydzielnicze<\/strong><\/a><\/p>\n<p>&nbsp;<\/p>\n<p>&nbsp;<\/p>\n","protected":false},"excerpt":{"rendered":"<p>Ten pakiet kurs\u00f3w obejmuje dwie cz\u0119\u015bci serii kurs\u00f3w &#8222;Gruczo\u0142y dokrewne i zewn\u0105trzwydzielnicze&#8221; z Jochenem Fr\u00fchweinem w Hamburgu.<\/p>\n","protected":false},"featured_media":0,"template":"","format":"standard","meta":{"_acf_changed":false,"_seopress_robots_primary_cat":"","_seopress_titles_title":"","_seopress_titles_desc":"","_seopress_robots_index":""},"kategorie-kurs":[147,143],"product_brand":[],"product_cat":[146],"product_tag":[],"class_list":{"0":"post-5321","1":"product","2":"type-product","3":"status-publish","4":"format-standard","6":"kategorie-kurs-narzady-uklad-limfatyczny-i-odpornosciowy","7":"kategorie-kurs-nowosc","8":"product_cat-pakiety","9":"tm-no-options","11":"first","12":"instock","13":"purchasable","14":"product-type-woosb"},"acf":[],"_links":{"self":[{"href":"https:\/\/fortbildungen.osteopathie-schule.de\/pl\/wp-json\/wp\/v2\/product\/5321","targetHints":{"allow":["GET"]}}],"collection":[{"href":"https:\/\/fortbildungen.osteopathie-schule.de\/pl\/wp-json\/wp\/v2\/product"}],"about":[{"href":"https:\/\/fortbildungen.osteopathie-schule.de\/pl\/wp-json\/wp\/v2\/types\/product"}],"wp:attachment":[{"href":"https:\/\/fortbildungen.osteopathie-schule.de\/pl\/wp-json\/wp\/v2\/media?parent=5321"}],"wp:term":[{"taxonomy":"kategorie-kurs","embeddable":true,"href":"https:\/\/fortbildungen.osteopathie-schule.de\/pl\/wp-json\/wp\/v2\/kategorie-kurs?post=5321"},{"taxonomy":"product_brand","embeddable":true,"href":"https:\/\/fortbildungen.osteopathie-schule.de\/pl\/wp-json\/wp\/v2\/product_brand?post=5321"},{"taxonomy":"product_cat","embeddable":true,"href":"https:\/\/fortbildungen.osteopathie-schule.de\/pl\/wp-json\/wp\/v2\/product_cat?post=5321"},{"taxonomy":"product_tag","embeddable":true,"href":"https:\/\/fortbildungen.osteopathie-schule.de\/pl\/wp-json\/wp\/v2\/product_tag?post=5321"}],"curies":[{"name":"wp","href":"https:\/\/api.w.org\/{rel}","templated":true}]}}