{"id":5332,"date":"2024-11-21T01:46:13","date_gmt":"2024-11-21T00:46:13","guid":{"rendered":"https:\/\/fortbildungen.osteopathie-schule.de\/kurse\/bilet-szkoleniowy-osd\/"},"modified":"2025-09-26T14:25:15","modified_gmt":"2025-09-26T12:25:15","slug":"bilet-szkoleniowy-osd","status":"publish","type":"product","link":"https:\/\/fortbildungen.osteopathie-schule.de\/pl\/kurse\/bilet-szkoleniowy-osd\/","title":{"rendered":"Bilet szkoleniowy OSD"},"content":{"rendered":"<p><strong>(bilet 3-dniowy)<\/strong><\/p>\n<p>Bilet uprawnia do udzia\u0142u w Kongresie Osteopatii 2025 i obejmuje ca\u0142y program wyk\u0142ad\u00f3w oraz cztery wybrane warsztaty.<\/p>\n<p><strong><br \/>\nWyk\u0142ady<\/strong><\/p>\n<ul>\n<li>Pi\u0105tek, 14 listopada 2025 r. | 8:30-12:45 | 14:45-18:45<\/li>\n<\/ul>\n<p><strong><br \/>\nWarsztaty<\/strong><\/p>\n<ul>\n<li>Sobota, 15.11.2025 | 9:30-12:30 | 14:30-17:30<\/li>\n<li>Niedziela, 16 listopada 2025 r. | 9:30-12:30 | 14:30-17:30<\/li>\n<\/ul>\n","protected":false},"excerpt":{"rendered":"<p>(bilet 3-dniowy)<\/p>\n","protected":false},"featured_media":6816,"template":"","format":"standard","meta":{"_acf_changed":false,"_seopress_robots_primary_cat":"","_seopress_titles_title":"","_seopress_titles_desc":"","_seopress_robots_index":""},"kategorie-kurs":[],"product_brand":[],"product_cat":[151],"product_tag":[186],"class_list":{"0":"post-5332","1":"product","2":"type-product","3":"status-publish","4":"format-standard","5":"has-post-thumbnail","7":"product_cat-kongres","8":"product_tag-osteopatia-w-pediatrii","9":"tm-has-options","11":"first","12":"instock","13":"sold-individually","14":"purchasable","15":"product-type-simple"},"acf":[],"_links":{"self":[{"href":"https:\/\/fortbildungen.osteopathie-schule.de\/pl\/wp-json\/wp\/v2\/product\/5332","targetHints":{"allow":["GET"]}}],"collection":[{"href":"https:\/\/fortbildungen.osteopathie-schule.de\/pl\/wp-json\/wp\/v2\/product"}],"about":[{"href":"https:\/\/fortbildungen.osteopathie-schule.de\/pl\/wp-json\/wp\/v2\/types\/product"}],"wp:featuredmedia":[{"embeddable":true,"href":"https:\/\/fortbildungen.osteopathie-schule.de\/pl\/wp-json\/wp\/v2\/media\/6816"}],"wp:attachment":[{"href":"https:\/\/fortbildungen.osteopathie-schule.de\/pl\/wp-json\/wp\/v2\/media?parent=5332"}],"wp:term":[{"taxonomy":"kategorie-kurs","embeddable":true,"href":"https:\/\/fortbildungen.osteopathie-schule.de\/pl\/wp-json\/wp\/v2\/kategorie-kurs?post=5332"},{"taxonomy":"product_brand","embeddable":true,"href":"https:\/\/fortbildungen.osteopathie-schule.de\/pl\/wp-json\/wp\/v2\/product_brand?post=5332"},{"taxonomy":"product_cat","embeddable":true,"href":"https:\/\/fortbildungen.osteopathie-schule.de\/pl\/wp-json\/wp\/v2\/product_cat?post=5332"},{"taxonomy":"product_tag","embeddable":true,"href":"https:\/\/fortbildungen.osteopathie-schule.de\/pl\/wp-json\/wp\/v2\/product_tag?post=5332"}],"curies":[{"name":"wp","href":"https:\/\/api.w.org\/{rel}","templated":true}]}}