{"id":5363,"date":"2024-11-21T01:46:16","date_gmt":"2024-11-21T00:46:16","guid":{"rendered":"https:\/\/fortbildungen.osteopathie-schule.de\/kurse\/bilet-jednodniowy-na-kongres\/"},"modified":"2025-10-22T10:58:52","modified_gmt":"2025-10-22T08:58:52","slug":"bilet-jednodniowy-na-kongres","status":"publish","type":"product","link":"https:\/\/fortbildungen.osteopathie-schule.de\/pl\/kurse\/bilet-jednodniowy-na-kongres\/","title":{"rendered":"Bilet jednodniowy na kongres 2025"},"content":{"rendered":"<p><strong>(bilet 1-dniowy)<\/strong><\/p>\n<p>Tw\u00f3j bilet uprawnia Ci\u0119 do udzia\u0142u w programie wyk\u0142ad\u00f3w Kongresu Osteopatii 2025.<\/p>\n<p><strong><br \/>\nWyk\u0142ady<\/strong><\/p>\n<ul>\n<li>Pi\u0105tek, 14 listopada 2025 r. | 8:30-12:45 | 14:45-18:45<\/li>\n<\/ul>\n<p>&nbsp;<\/p>\n","protected":false},"excerpt":{"rendered":"<p>(bilet 1-dniowy)<\/p>\n","protected":false},"featured_media":6816,"template":"","format":"standard","meta":{"_acf_changed":false,"_seopress_robots_primary_cat":"","_seopress_titles_title":"","_seopress_titles_desc":"","_seopress_robots_index":""},"kategorie-kurs":[],"product_brand":[],"product_cat":[151],"product_tag":[157,186],"class_list":{"0":"post-5363","1":"product","2":"type-product","3":"status-publish","4":"format-standard","5":"has-post-thumbnail","7":"product_cat-kongres","8":"product_tag-bilet-dzienny","9":"product_tag-osteopatia-w-pediatrii","10":"tm-no-options","12":"first","13":"instock","14":"purchasable","15":"product-type-simple"},"acf":[],"_links":{"self":[{"href":"https:\/\/fortbildungen.osteopathie-schule.de\/pl\/wp-json\/wp\/v2\/product\/5363","targetHints":{"allow":["GET"]}}],"collection":[{"href":"https:\/\/fortbildungen.osteopathie-schule.de\/pl\/wp-json\/wp\/v2\/product"}],"about":[{"href":"https:\/\/fortbildungen.osteopathie-schule.de\/pl\/wp-json\/wp\/v2\/types\/product"}],"wp:featuredmedia":[{"embeddable":true,"href":"https:\/\/fortbildungen.osteopathie-schule.de\/pl\/wp-json\/wp\/v2\/media\/6816"}],"wp:attachment":[{"href":"https:\/\/fortbildungen.osteopathie-schule.de\/pl\/wp-json\/wp\/v2\/media?parent=5363"}],"wp:term":[{"taxonomy":"kategorie-kurs","embeddable":true,"href":"https:\/\/fortbildungen.osteopathie-schule.de\/pl\/wp-json\/wp\/v2\/kategorie-kurs?post=5363"},{"taxonomy":"product_brand","embeddable":true,"href":"https:\/\/fortbildungen.osteopathie-schule.de\/pl\/wp-json\/wp\/v2\/product_brand?post=5363"},{"taxonomy":"product_cat","embeddable":true,"href":"https:\/\/fortbildungen.osteopathie-schule.de\/pl\/wp-json\/wp\/v2\/product_cat?post=5363"},{"taxonomy":"product_tag","embeddable":true,"href":"https:\/\/fortbildungen.osteopathie-schule.de\/pl\/wp-json\/wp\/v2\/product_tag?post=5363"}],"curies":[{"name":"wp","href":"https:\/\/api.w.org\/{rel}","templated":true}]}}