{"id":5364,"date":"2024-05-15T13:23:23","date_gmt":"2024-05-15T11:23:23","guid":{"rendered":"https:\/\/fortbildungen.osteopathie-schule.de\/kurse\/osteopatia-geriatryczna\/"},"modified":"2026-02-17T10:55:33","modified_gmt":"2026-02-17T09:55:33","slug":"osteopatia-geriatryczna","status":"publish","type":"product","link":"https:\/\/fortbildungen.osteopathie-schule.de\/pl\/kurse\/osteopatia-geriatryczna\/","title":{"rendered":"Osteopatia geriatryczna"},"content":{"rendered":"<p><strong>Osi\u0105gni\u0119cie wy\u017cszej jako\u015bci \u017cycia os\u00f3b starszych dzi\u0119ki specjalistycznemu leczeniu osteopatycznemu.<\/strong><\/p>\n<p>W starszym wieku leczenie osteopatyczne staje si\u0119 niezb\u0119dne dla wielu os\u00f3b w celu z\u0142agodzenia b\u00f3lu i poprawy mobilno\u015bci. Nasz nowy 6-miesi\u0119czny program szkolenia podyplomowego &#8222;Osteopatia geriatryczna&#8221; zapewnia kompleksowe szkolenie w zakresie indywidualnych potrzeb i wymaga\u0144 pacjent\u00f3w w podesz\u0142ym wieku.<\/p>\n<p><strong>Dlaczego osteopatia w starszym wieku?<\/strong><\/p>\n<p>Leczenie osteopatyczne mo\u017ce z\u0142agodzi\u0107 r\u00f3\u017cne dolegliwo\u015bci u os\u00f3b starszych. Obejmuj\u0105 one:<\/p>\n<ul>\n<li>B\u00f3l<\/li>\n<li>Ograniczenia ruchu<\/li>\n<li>Zmiany w budowie cia\u0142a<\/li>\n<li>Inne problemy zdrowotne zwi\u0105zane z wiekiem<\/li>\n<\/ul>\n<p>Celem leczenia jest poprawa funkcjonalno\u015bci i mobilno\u015bci cia\u0142a, a tym samym podniesienie jako\u015bci \u017cycia pacjenta.<\/p>\n<p><strong>Zawarto\u015b\u0107 serii kurs\u00f3w<\/strong><\/p>\n<p>W serii kurs\u00f3w &#8222;Osteopatia geriatryczna&#8221; dowiesz si\u0119, jak zoptymalizowa\u0107 funkcjonalno\u015b\u0107 i mobilno\u015b\u0107 starszych pacjent\u00f3w poprzez delikatne zastosowanie technik osteopatycznych. Nasze kompleksowe kursy szkoleniowe oferuj\u0105:<\/p>\n<ul>\n<li>Wgl\u0105d w zwi\u0105zane z wiekiem zmiany w systemach fizycznych<\/li>\n<li>Techniki zapobiegania i \u0142agodzenia powik\u0142a\u0144<\/li>\n<li>Metody poprawy mobilno\u015bci i poziomu aktywno\u015bci<\/li>\n<\/ul>\n<p><strong>Zalety osteopatii geriatrycznej<\/strong><\/p>\n<p>Specjalne traktowanie pozwala na:<\/p>\n<ul>\n<li>Przeciwdzia\u0142anie oznakom zu\u017cycia zwi\u0105zanym z wiekiem<\/li>\n<li>Utrzymanie lub nawet poprawa mobilno\u015bci i poziomu aktywno\u015bci pacjent\u00f3w<\/li>\n<li>Poprawa og\u00f3lnej jako\u015bci \u017cycia pacjent\u00f3w<\/li>\n<\/ul>\n<p>Idealny dla pracownik\u00f3w s\u0142u\u017cby zdrowia<\/p>\n<p>Szkolenie to jest idealne dla osteopat\u00f3w i innych pracownik\u00f3w s\u0142u\u017cby zdrowia, kt\u00f3rzy chc\u0105 poszerzy\u0107 swoj\u0105 wiedz\u0119 i wyspecjalizowa\u0107 si\u0119 w leczeniu starszych pacjent\u00f3w. Dzi\u0119ki naszym praktycznym kursom online mo\u017cesz poszerza\u0107 swoj\u0105 wiedz\u0119 elastycznie i wygodnie z domu.<\/p>\n<p><strong>Rozpocznij dalsze szkolenie ju\u017c teraz!<\/strong><\/p>\n<p>Zarejestruj si\u0119 ju\u017c dzi\u015b i pom\u00f3\u017c osobom starszym poprawi\u0107 jako\u015b\u0107 \u017cycia dzi\u0119ki ukierunkowanym terapiom osteopatycznym. Razem mo\u017cemy z\u0142agodzi\u0107 b\u00f3l, promowa\u0107 mobilno\u015b\u0107 i u\u0142atwi\u0107 codzienne \u017cycie naszym starszym bli\u017anim.<\/p>\n","protected":false},"excerpt":{"rendered":"<p>Osi\u0105gni\u0119cie wy\u017cszej jako\u015bci \u017cycia os\u00f3b starszych dzi\u0119ki specjalistycznemu leczeniu osteopatycznemu. W starszym wieku leczenie osteopatyczne staje si\u0119 niezb\u0119dne dla wielu os\u00f3b w celu z\u0142agodzenia b\u00f3lu i poprawy mobilno\u015bci. Nasz nowy 6-miesi\u0119czny program szkolenia podyplomowego &#8222;Osteopatia geriatryczna&#8221; zapewnia kompleksowe szkolenie w zakresie indywidualnych potrzeb i wymaga\u0144 pacjent\u00f3w w podesz\u0142ym wieku. Dlaczego osteopatia w starszym wieku? Leczenie [&hellip;]<\/p>\n","protected":false},"featured_media":7208,"template":"","format":"standard","meta":{"_acf_changed":false,"_seopress_robots_primary_cat":"none","_seopress_titles_title":"","_seopress_titles_desc":"","_seopress_robots_index":""},"kategorie-kurs":[],"product_brand":[],"product_cat":[126,158],"product_tag":[],"class_list":{"0":"post-5364","1":"product","2":"type-product","3":"status-publish","4":"format-standard","5":"has-post-thumbnail","7":"product_cat-kursreihen","8":"product_cat-seria-kursow","9":"tm-no-options","11":"first","12":"instock","13":"sold-individually","14":"purchasable","15":"product-type-simple"},"acf":[],"_links":{"self":[{"href":"https:\/\/fortbildungen.osteopathie-schule.de\/pl\/wp-json\/wp\/v2\/product\/5364","targetHints":{"allow":["GET"]}}],"collection":[{"href":"https:\/\/fortbildungen.osteopathie-schule.de\/pl\/wp-json\/wp\/v2\/product"}],"about":[{"href":"https:\/\/fortbildungen.osteopathie-schule.de\/pl\/wp-json\/wp\/v2\/types\/product"}],"wp:featuredmedia":[{"embeddable":true,"href":"https:\/\/fortbildungen.osteopathie-schule.de\/pl\/wp-json\/wp\/v2\/media\/7208"}],"wp:attachment":[{"href":"https:\/\/fortbildungen.osteopathie-schule.de\/pl\/wp-json\/wp\/v2\/media?parent=5364"}],"wp:term":[{"taxonomy":"kategorie-kurs","embeddable":true,"href":"https:\/\/fortbildungen.osteopathie-schule.de\/pl\/wp-json\/wp\/v2\/kategorie-kurs?post=5364"},{"taxonomy":"product_brand","embeddable":true,"href":"https:\/\/fortbildungen.osteopathie-schule.de\/pl\/wp-json\/wp\/v2\/product_brand?post=5364"},{"taxonomy":"product_cat","embeddable":true,"href":"https:\/\/fortbildungen.osteopathie-schule.de\/pl\/wp-json\/wp\/v2\/product_cat?post=5364"},{"taxonomy":"product_tag","embeddable":true,"href":"https:\/\/fortbildungen.osteopathie-schule.de\/pl\/wp-json\/wp\/v2\/product_tag?post=5364"}],"curies":[{"name":"wp","href":"https:\/\/api.w.org\/{rel}","templated":true}]}}