{"id":5510,"date":"2024-06-27T14:37:14","date_gmt":"2024-06-27T12:37:14","guid":{"rendered":"https:\/\/fortbildungen.osteopathie-schule.de\/?post_type=product&#038;p=5510"},"modified":"2025-10-22T10:59:14","modified_gmt":"2025-10-22T08:59:14","slug":"bilet-jednodniowy-na-kongres-kopie","status":"publish","type":"product","link":"https:\/\/fortbildungen.osteopathie-schule.de\/pl\/kurse\/bilet-jednodniowy-na-kongres-kopie\/","title":{"rendered":"Gala-Dinner 2025 \u2013 Wiecz\u00f3r, kt\u00f3ry zachwyca!"},"content":{"rendered":"<p><strong>Miejsce:<\/strong><br \/>\nThe Mix<br \/>\nAroser Allee 80<br \/>\n13407 Berlin<\/p>\n<p><strong>Data:<\/strong><br \/>\nSobota, 15 listopada<\/p>\n<p><strong>Pocz\u0105tek:<\/strong><br \/>\n19:30<\/p>\n<p><strong>Koniec:<\/strong><br \/>\n02:00<\/p>\n<p><strong>Us\u0142ugi w cenie:<\/strong><br \/>\nBufet, muzyka i program ko\u0144cowy<\/p>\n<p>Czekamy na Ciebie!<\/p>\n","protected":false},"excerpt":{"rendered":"<p>Prze\u017cyj niezapomnian\u0105 noc pe\u0142n\u0105 przyjemno\u015bci i inspiracji! Czeka Ci\u0119 wykwintny bufet, porywaj\u0105ce wyst\u0119py na \u017cywo, muzyka i wiele wi\u0119cej w stylowej atmosferze The Mix w Berlinie. Nawi\u0105\u017c warto\u015bciowe kontakty, wymie\u0144 si\u0119 do\u015bwiadczeniami z renomowanymi prelegentami i podobnie my\u015bl\u0105cymi lud\u017ami z ca\u0142ego \u015bwiata i daj si\u0119 oczarowa\u0107 wyj\u0105tkowym wieczorem.  <\/p>\n<p><strong>Dost\u0119pna tylko ograniczona liczba bilet\u00f3w \u2013 zabezpiecz sobie miejsce ju\u017c teraz!<\/strong><\/p>\n","protected":false},"featured_media":5518,"template":"","format":"standard","meta":{"_acf_changed":false,"_seopress_robots_primary_cat":"","_seopress_titles_title":"","_seopress_titles_desc":"","_seopress_robots_index":""},"kategorie-kurs":[],"product_brand":[],"product_cat":[151],"product_tag":[161],"class_list":{"0":"post-5510","1":"product","2":"type-product","3":"status-publish","4":"format-standard","5":"has-post-thumbnail","7":"product_cat-kongres","8":"product_tag-uroczysta-kolacja","9":"tm-no-options","11":"first","12":"instock","13":"taxable","14":"shipping-taxable","15":"purchasable","16":"product-type-simple"},"acf":[],"_links":{"self":[{"href":"https:\/\/fortbildungen.osteopathie-schule.de\/pl\/wp-json\/wp\/v2\/product\/5510","targetHints":{"allow":["GET"]}}],"collection":[{"href":"https:\/\/fortbildungen.osteopathie-schule.de\/pl\/wp-json\/wp\/v2\/product"}],"about":[{"href":"https:\/\/fortbildungen.osteopathie-schule.de\/pl\/wp-json\/wp\/v2\/types\/product"}],"wp:featuredmedia":[{"embeddable":true,"href":"https:\/\/fortbildungen.osteopathie-schule.de\/pl\/wp-json\/wp\/v2\/media\/5518"}],"wp:attachment":[{"href":"https:\/\/fortbildungen.osteopathie-schule.de\/pl\/wp-json\/wp\/v2\/media?parent=5510"}],"wp:term":[{"taxonomy":"kategorie-kurs","embeddable":true,"href":"https:\/\/fortbildungen.osteopathie-schule.de\/pl\/wp-json\/wp\/v2\/kategorie-kurs?post=5510"},{"taxonomy":"product_brand","embeddable":true,"href":"https:\/\/fortbildungen.osteopathie-schule.de\/pl\/wp-json\/wp\/v2\/product_brand?post=5510"},{"taxonomy":"product_cat","embeddable":true,"href":"https:\/\/fortbildungen.osteopathie-schule.de\/pl\/wp-json\/wp\/v2\/product_cat?post=5510"},{"taxonomy":"product_tag","embeddable":true,"href":"https:\/\/fortbildungen.osteopathie-schule.de\/pl\/wp-json\/wp\/v2\/product_tag?post=5510"}],"curies":[{"name":"wp","href":"https:\/\/api.w.org\/{rel}","templated":true}]}}