{"id":5720,"date":"2024-01-16T05:30:44","date_gmt":"2024-01-16T04:30:44","guid":{"rendered":"https:\/\/fortbildungen.osteopathie-schule.de\/kurse\/nat-leczenie-zlozonego-bolu-barku-biodra-i-kregozmyku\/"},"modified":"2026-04-21T10:27:27","modified_gmt":"2026-04-21T08:27:27","slug":"nat-leczenie-zlozonego-bolu-barku-biodra-i-kregozmyku","status":"publish","type":"product","link":"https:\/\/fortbildungen.osteopathie-schule.de\/pl\/kurse\/nat-leczenie-zlozonego-bolu-barku-biodra-i-kregozmyku\/","title":{"rendered":"NAT &#8211; Leczenie z\u0142o\u017conego b\u00f3lu barku, biodra i kr\u0119gozmyku"},"content":{"rendered":"<p>Ciesz\u0105ce si\u0119 du\u017cym uznaniem 3-dniowe warsztaty Simeona po\u015bwi\u0119cone z\u0142o\u017conym problemom barku s\u0105 w 70% praktyczne, oparte na dowodach i zabawne. Ka\u017cdy opu\u015bci szkolenie z nowymi umiej\u0119tno\u015bciami i lepszym zrozumieniem szeregu z\u0142o\u017conych problem\u00f3w z barkiem oraz sposob\u00f3w ich leczenia. W tym kursie Simeon zaczyna od spojrzenia na zamro\u017cony bark, a nast\u0119pnie pokazuje, jak zrozumienie tej delikatnej kwestii prowadzi do g\u0142\u0119bszej prawdy i m\u0105dro\u015bci na temat barku i cia\u0142a w og\u00f3le. Jego podej\u015bcie opiera si\u0119 na tkankach mi\u0119kkich i punktach spustowych. Podczas tego trzydniowego warsztatu Simeon om\u00f3wi: zamro\u017cony bark, mankiet rotator\u00f3w, uderzenie barku, zapalenie stawu barkowego, zmiany SLAP bicepsa i stawu obojczykowo-barkowego.<\/p>\n<p>NAT to klinicznie sprawdzona technika opracowana przez osteopat\u00f3w, kt\u00f3ra dos\u0142ownie leczy b\u00f3l barku. Biodro dzia\u0142a podobnie jak rami\u0119, ale w odwrotnej kolejno\u015bci. NAT okaza\u0142 si\u0119 skuteczny w przypadku szerokiego zakresu problem\u00f3w z biodrami. NAT rozpoznaje m\u0105dro\u015b\u0107 cia\u0142a i spos\u00f3b, w jaki uk\u0142ad nerwowy zamyka si\u0119 w dyskretnych kompensacyjnych wzorcach utrzymywania po urazie.<\/p>\n<p>NAT wykorzystuje algorytmy punkt\u00f3w spustowych i tkanek mi\u0119kkich do zmiany reakcji somatosensorycznych.<\/p>\n<p>Leczenie biodra NAT pozwoli ci rozwi\u0105za\u0107 g\u0142\u00f3wne ograniczenia powszechnych zespo\u0142\u00f3w zmienionych wzorc\u00f3w ruchowych zwi\u0105zanych z dysfunkcjami stawu biodrowego (takimi jak choroba zwyrodnieniowa staw\u00f3w, FAI, uszkodzenie warg sromowych), zapewniaj\u0105c wyj\u0105tkow\u0105 okazj\u0119 do rozwoju zawodowego.<\/p>\n<p><b>Dlaczego warto skorzysta\u0107 z tej okazji?<\/b><\/p>\n<p>&#8211; Jest to wyj\u0105tkowa okazja szkoleniowa, kt\u00f3ra nigdy wcze\u015bniej nie by\u0142a oferowana w Izraelu i zapewnia uczestnikom przewag\u0119 konkurencyjn\u0105, kt\u00f3r\u0105 mog\u0105 wykorzysta\u0107 w swojej praktyce.<\/p>\n<p>&#8211; NAT &#8211; jest klinicznie sprawdzon\u0105 i opart\u0105 na dowodach technik\u0105 stosowan\u0105 przez ponad 40 000 terapeut\u00f3w na ca\u0142ym \u015bwiecie.<\/p>\n<p>&#8211; B\u0119dziesz w wyj\u0105tkowej sytuacji, aby pom\u00f3c innym, w tym obecnym pacjentom, w spos\u00f3b, w jaki wcze\u015bniej nie by\u0142e\u015b w stanie.<\/p>\n","protected":false},"excerpt":{"rendered":"<p>Ciesz\u0105ce si\u0119 du\u017cym uznaniem 3-dniowe warsztaty Simeona po\u015bwi\u0119cone z\u0142o\u017conym problemom barku s\u0105 w 70% praktyczne, oparte na dowodach i zabawne. Ka\u017cdy opu\u015bci szkolenie z nowymi umiej\u0119tno\u015bciami i lepszym zrozumieniem szeregu z\u0142o\u017conych problem\u00f3w z barkiem oraz sposob\u00f3w ich leczenia. W tym kursie Simeon zaczyna od spojrzenia na zamro\u017cony bark, a nast\u0119pnie pokazuje, jak zrozumienie tej delikatnej [&hellip;]<\/p>\n","protected":false},"featured_media":6116,"template":"","format":"standard","meta":{"_acf_changed":false,"_seopress_robots_primary_cat":"none","_seopress_titles_title":"","_seopress_titles_desc":"","_seopress_robots_index":""},"kategorie-kurs":[153,143,173,170],"product_brand":[],"product_cat":[140,47],"product_tag":[],"class_list":{"0":"post-5720","1":"product","2":"type-product","3":"status-publish","4":"format-standard","5":"has-post-thumbnail","7":"kategorie-kurs-kosci-i-stawy","8":"kategorie-kurs-nowosc","9":"kategorie-kurs-przewlekly-bol","10":"kategorie-kurs-punkty-spustowe","11":"product_cat-kursy-mistrzowskie","12":"product_cat-masterclasses","13":"tm-no-options","15":"first","16":"outofstock","17":"purchasable","18":"product-type-simple"},"acf":{"anzahl-plaetze":20,"frage_sprache":"Englisch mit deutscher \u00dcbersetzung","ort":"OSD Monachium, Quagliostra\u00dfe 9, 81543 Monachium","kursgebuehr":"594","voraussetzungen":"uko\u0144czone szkolenie osteopatyczne","dozent":"Simeon Niel-Asher B.Sc. East, BPhil (GBR)","dozent_kurzbeschreibung":"Pasja Simeona do leczenia bark\u00f3w rozpocz\u0119\u0142a si\u0119 w 1997 roku, kiedy zacz\u0105\u0142 leczy\u0107 zapalenie torebki stawowej (zesp\u00f3\u0142 zamro\u017conego barku). Jego pionierska praca w ci\u0105gu ostatnich 20 lat uczyni\u0142a go \u015bwiatowym ekspertem w osteopatycznym leczeniu kompleksowych bark\u00f3w. W latach 1999-2001 Simeon przeprowadzi\u0142 na Uniwersytecie Cambridge randomizowane, kontrolowane placebo badanie kliniczne dotycz\u0105ce leczenia zespo\u0142u zamro\u017conego barku, w kt\u00f3rym wykaza\u0142 znaczn\u0105 popraw\u0119 w swojej grupie pacjent\u00f3w w por\u00f3wnaniu z fizjoterapi\u0105 i placebo. Nast\u0119pnie Simeon opublikowa\u0142 dalsze wieloo\u015brodkowe badania i swoj\u0105 technik\u0119 w kilku mi\u0119dzynarodowych czasopismach bran\u017cowych. Simeon regularnie podr\u00f3\u017cuje po \u015bwiecie, aby uczy\u0107 o swoich pomys\u0142ach, i robi furor\u0119 na wielu konferencjach (m.in. na brytyjskiej konferencji iO w 2016 i 2017 roku, Myopain India 2018).    ","frage_dozent_2":"Bitte ausw\u00e4hlen","dozent_2":"","dozent_kurzbeschreibung_2":"","alle_dozenten":"","kursbeginn":"20260612","kurs_ende":"20260614","Anzahl Kurstage":"3","kursdauer":"","kurszeiten":"\n\nPi\u0105tek: 9:00 - 18:00 Sobota: 9:00 - 18:00 Niedziela: 9:00 - 16:00","frage_nach_teil_2":"Nein","kursbeginn-teil-2":null,"kursende-teil-2":null,"Anzahl_Kurstage_Teil2":"","frage_nach_teil_3":"","kursbeginn-teil-3":null,"kursende-teil-3":null,"Anzahl_Kurstage_Teil3":"","link":"","doznew":["Simeon Niel-Asher (GBR)"]},"_links":{"self":[{"href":"https:\/\/fortbildungen.osteopathie-schule.de\/pl\/wp-json\/wp\/v2\/product\/5720","targetHints":{"allow":["GET"]}}],"collection":[{"href":"https:\/\/fortbildungen.osteopathie-schule.de\/pl\/wp-json\/wp\/v2\/product"}],"about":[{"href":"https:\/\/fortbildungen.osteopathie-schule.de\/pl\/wp-json\/wp\/v2\/types\/product"}],"wp:featuredmedia":[{"embeddable":true,"href":"https:\/\/fortbildungen.osteopathie-schule.de\/pl\/wp-json\/wp\/v2\/media\/6116"}],"wp:attachment":[{"href":"https:\/\/fortbildungen.osteopathie-schule.de\/pl\/wp-json\/wp\/v2\/media?parent=5720"}],"wp:term":[{"taxonomy":"kategorie-kurs","embeddable":true,"href":"https:\/\/fortbildungen.osteopathie-schule.de\/pl\/wp-json\/wp\/v2\/kategorie-kurs?post=5720"},{"taxonomy":"product_brand","embeddable":true,"href":"https:\/\/fortbildungen.osteopathie-schule.de\/pl\/wp-json\/wp\/v2\/product_brand?post=5720"},{"taxonomy":"product_cat","embeddable":true,"href":"https:\/\/fortbildungen.osteopathie-schule.de\/pl\/wp-json\/wp\/v2\/product_cat?post=5720"},{"taxonomy":"product_tag","embeddable":true,"href":"https:\/\/fortbildungen.osteopathie-schule.de\/pl\/wp-json\/wp\/v2\/product_tag?post=5720"}],"curies":[{"name":"wp","href":"https:\/\/api.w.org\/{rel}","templated":true}]}}