{"id":7890,"date":"2024-01-24T10:00:03","date_gmt":"2024-01-24T09:00:03","guid":{"rendered":"https:\/\/fortbildungen.osteopathie-schule.de\/?post_type=product&#038;p=7890"},"modified":"2026-02-02T12:22:36","modified_gmt":"2026-02-02T11:22:36","slug":"uro-ginekologia-dzien-mentorski-z-nathalie-camirand-d-o-dla-osteopatow-kopie","status":"publish","type":"product","link":"https:\/\/fortbildungen.osteopathie-schule.de\/pl\/kurse\/uro-ginekologia-dzien-mentorski-z-nathalie-camirand-d-o-dla-osteopatow-kopie\/","title":{"rendered":"Uro-ginekologia \/ Dzie\u0144 mentoringu z Nathalie Camirand D.O. dla osteopatek"},"content":{"rendered":"<p>Z przyjemno\u015bci\u0105 informujemy, \u017ce Nathalie Camirand, D.O. &#8211; podczas swojego pobytu w Niemczech, opr\u00f3cz szkolenia z uro-ginekologii i po\u0142o\u017cnictwa &#8211; oferuje dodatkowe wydarzenie dla zainteresowanych osteopatek w naszej szkole w Hamburgu.<\/p>\n<p>W ramach tego jednodniowego warsztatu Nathalie Camirand przedstawi swoje szczeg\u00f3lne podej\u015bcie do pacjent\u00f3w oraz techniki leczenia. B\u0119dziesz mie\u0107 okazj\u0119 pozna\u0107 metod\u0119 pracy Nathalie. Jej celem jest pom\u00f3c Ci w jeszcze skuteczniejszym leczeniu pacjent\u00f3w i pog\u0142\u0119bieniu Twojej wiedzy. Nathalie odpowie na konkretne pytania i problemy, kt\u00f3re masz lub mo\u017cesz mie\u0107 podczas leczenia pacjent\u00f3w. Ponadto planuje przeprowadzi\u0107 leczenie dw\u00f3ch uczestniczek\/pacjentek na miejscu, dzi\u0119ki czemu b\u0119dziesz m\u00f3g\u0142 obserwowa\u0107 i oceni\u0107 zastosowanie poznanych koncepcji w pe\u0142nym leczeniu. Popo\u0142udnie b\u0119dzie po\u015bwi\u0119cone przegl\u0105dowi technik, mo\u017cliwe \u017ce r\u00f3wnie\u017c technik t\u0119tniczych, i zostanie dostosowane do Twoich konkretnych pr\u00f3\u015bb i potrzeb.     <\/p>\n<p>UWAGA:<\/p>\n<p>Warsztaty s\u0105 oferowane w j\u0119zyku angielskim, aby zminimalizowa\u0107 czas potrzebny na t\u0142umaczenia. W ka\u017cdym przypadku OSD zapewni osob\u0119 do pomocy w razie problem\u00f3w z komunikacj\u0105. <\/p>\n<p>&nbsp;<\/p>\n","protected":false},"excerpt":{"rendered":"<p>W ramach tego jednodniowego warsztatu Nathalie Camirand przedstawi swoje szczeg\u00f3lne podej\u015bcie do pacjent\u00f3w oraz techniki leczenia. B\u0119dziesz mie\u0107 okazj\u0119 pozna\u0107 metod\u0119 pracy Nathalie. Jej celem jest pom\u00f3c Ci w jeszcze skuteczniejszym leczeniu pacjent\u00f3w i pog\u0142\u0119bieniu Twojej wiedzy. Nathalie odpowie na konkretne pytania i problemy, kt\u00f3re masz lub mo\u017cesz mie\u0107 podczas leczenia pacjent\u00f3w. Ponadto planuje przeprowadzi\u0107 leczenie dw\u00f3ch uczestniczek\/pacjentek na miejscu, dzi\u0119ki czemu b\u0119dziesz m\u00f3g\u0142 obserwowa\u0107 i oceni\u0107 zastosowanie poznanych koncepcji w pe\u0142nym leczeniu. Popo\u0142udnie b\u0119dzie po\u015bwi\u0119cone przegl\u0105dowi technik, mo\u017cliwe \u017ce r\u00f3wnie\u017c technik t\u0119tniczych, i zostanie dostosowane do Twoich konkretnych pr\u00f3\u015bb i potrzeb.     <\/p>\n","protected":false},"featured_media":5729,"template":"","format":"standard","meta":{"_acf_changed":false,"_seopress_robots_primary_cat":"none","_seopress_titles_title":"","_seopress_titles_desc":"","_seopress_robots_index":""},"kategorie-kurs":[163,101,100,148],"product_brand":[],"product_cat":[140,47],"product_tag":[],"class_list":{"0":"post-7890","1":"product","2":"type-product","3":"status-publish","4":"format-standard","5":"has-post-thumbnail","7":"kategorie-kurs-ginekologia","8":"kategorie-kurs-gynecology-en","9":"kategorie-kurs-health-management-en","10":"kategorie-kurs-zarzadzanie-zdrowiem","11":"product_cat-kursy-mistrzowskie","12":"product_cat-masterclasses","13":"tm-no-options","15":"first","16":"instock","17":"purchasable","18":"product-type-simple"},"acf":{"anzahl-plaetze":28,"frage_sprache":"Englisch","ort":"OSD Hamburg, Weidestr. 118c, 22083 Hamburg ","kursgebuehr":"240","voraussetzungen":"Kobiety z uko\u0144czonym szkoleniem osteopatycznym","dozent":"Nathalie Camirand D.O. (CAN)","dozent_kurzbeschreibung":"Nathalie Camirand, D.O. to renomowana osteopatka z Kanady. Specjalizuje si\u0119 w skuteczno\u015bci leczenia osteopatycznego kobiet z r\u00f3\u017cnymi dolegliwo\u015bciami uro-ginekologicznymi i jest znana ze swoich publikacji w tej dziedzinie. Z dyplomem z osteopatii i tytu\u0142em magistra nauk biomedycznych, jej badania koncentruj\u0105 si\u0119 na biomechanicznych i fizjologicznych aspektach technik osteopatycznych. Wraz z m\u0119\u017cem Dino Muzzi prowadzi jedn\u0105 z najwi\u0119kszych klinik osteopatycznych w Montrealu, Clinique Camirand Muzzi, w kt\u00f3rej obecnie pracuje 40 terapeut\u00f3w.   ","frage_dozent_2":"Nein","dozent_2":"","dozent_kurzbeschreibung_2":"","alle_dozenten":"","kursbeginn":"20260927","kurs_ende":"20260927","Anzahl Kurstage":"1","kursdauer":"","kurszeiten":"Niedziela 9:00-18:00","frage_nach_teil_2":"Nein","kursbeginn-teil-2":null,"kursende-teil-2":null,"Anzahl_Kurstage_Teil2":"","frage_nach_teil_3":false,"kursbeginn-teil-3":null,"kursende-teil-3":null,"Anzahl_Kurstage_Teil3":"","link":"","doznew":["Nathalie Camirand (CAN)"]},"_links":{"self":[{"href":"https:\/\/fortbildungen.osteopathie-schule.de\/pl\/wp-json\/wp\/v2\/product\/7890","targetHints":{"allow":["GET"]}}],"collection":[{"href":"https:\/\/fortbildungen.osteopathie-schule.de\/pl\/wp-json\/wp\/v2\/product"}],"about":[{"href":"https:\/\/fortbildungen.osteopathie-schule.de\/pl\/wp-json\/wp\/v2\/types\/product"}],"wp:featuredmedia":[{"embeddable":true,"href":"https:\/\/fortbildungen.osteopathie-schule.de\/pl\/wp-json\/wp\/v2\/media\/5729"}],"wp:attachment":[{"href":"https:\/\/fortbildungen.osteopathie-schule.de\/pl\/wp-json\/wp\/v2\/media?parent=7890"}],"wp:term":[{"taxonomy":"kategorie-kurs","embeddable":true,"href":"https:\/\/fortbildungen.osteopathie-schule.de\/pl\/wp-json\/wp\/v2\/kategorie-kurs?post=7890"},{"taxonomy":"product_brand","embeddable":true,"href":"https:\/\/fortbildungen.osteopathie-schule.de\/pl\/wp-json\/wp\/v2\/product_brand?post=7890"},{"taxonomy":"product_cat","embeddable":true,"href":"https:\/\/fortbildungen.osteopathie-schule.de\/pl\/wp-json\/wp\/v2\/product_cat?post=7890"},{"taxonomy":"product_tag","embeddable":true,"href":"https:\/\/fortbildungen.osteopathie-schule.de\/pl\/wp-json\/wp\/v2\/product_tag?post=7890"}],"curies":[{"name":"wp","href":"https:\/\/api.w.org\/{rel}","templated":true}]}}