{"id":8603,"date":"2024-01-03T04:09:11","date_gmt":"2024-01-03T03:09:11","guid":{"rendered":"https:\/\/fortbildungen.osteopathie-schule.de\/?post_type=product&#038;p=8603"},"modified":"2026-03-13T08:17:36","modified_gmt":"2026-03-13T07:17:36","slug":"suche-iglowanie-stymulacja-domiesniowa-ims-kopie-3","status":"publish","type":"product","link":"https:\/\/fortbildungen.osteopathie-schule.de\/pl\/kurse\/suche-iglowanie-stymulacja-domiesniowa-ims-kopie-3\/","title":{"rendered":"Dry Needling &#8211; stymulacja domi\u0119\u015bniowa (IMS)"},"content":{"rendered":"<p>W<strong>yj\u0105tkowa okazja, aby uczy\u0107 si\u0119 od prof. Boba Gerwina i Simeona Niel-Ashera<\/strong>. Prawdopodobnie ostatnie tego typu wydarzenie w Niemczech, prof. Bob Gerwin dzieli si\u0119 swoj\u0105 wiedz\u0105 jako ekspert w tej dziedzinie.<\/p>\n<p>Teoria i praktyka akupunktury medycznej, oparta na naukach dr Travell i Simeona (tw\u00f3rc\u00f3w koncepcji punkt\u00f3w spustowych). Istnieje wiele podej\u015b\u0107 do ig\u0142owania pacjent\u00f3w, z kt\u00f3rych wiele jest nieprawid\u0142owych, a niekt\u00f3re s\u0105 niebezpieczne. Ten kurs jest skierowany zar\u00f3wno do absolutnie pocz\u0105tkuj\u0105cych, jak i tych, kt\u00f3rzy maj\u0105 ju\u017c do\u015bwiadczenie z akupunktur\u0105 medyczn\u0105 (suche ig\u0142owanie).<\/p>\n<p>Simeon Niel-Asher m\u00f3wi, dlaczego zdecydowanie powiniene\u015b wzi\u0105\u0107 udzia\u0142 w tym kursie:<\/p>\n<p><b>Bezpiecze\u0144stwo:<\/b> jest dla nas najwa\u017cniejsze. Po\u015bwi\u0119camy du\u017co czasu na om\u00f3wienie anatomii neurobiologicznej i nerwowo-naczyniowej oraz zademonstrowanie \u015brodk\u00f3w ostro\u017cno\u015bci i najbezpieczniejszych technik dla ka\u017cdego mi\u0119\u015bnia. Zajmujemy si\u0119 r\u00f3wnie\u017c leczeniem powik\u0142a\u0144 ig\u0142owania, w tym krwotok\u00f3w, infekcji i odmy op\u0142ucnowej (w okolicy klatki piersiowej).<\/p>\n<p><b>Czas trwania kursu:<\/b> Suche ig\u0142owanie opiera si\u0119 na anatomii, a osteopaci\/fizjoterapeuci\/chiropraktycy uko\u0144czyli setki godzin szkolenia z anatomii, sama technika jest bardzo \u0142atwa do nauczenia. Kluczem jest zrozumienie anatomii, a w szczeg\u00f3lno\u015bci kierunku w\u0142\u00f3kien. Szczeg\u00f3\u0142owo omawiamy anatomi\u0119 ka\u017cdego mi\u0119\u015bnia, zar\u00f3wno w teorii, jak i w praktyce.<\/p>\n<p>Zale\u017cy nam na bezpiecznych i skutecznych technikach oraz ustanowieniu z\u0142otego standardu ig\u0142owania.<\/p>\n<p><b>Triggerpoints3d<\/b>: Jednym z g\u0142\u00f3wnych problem\u00f3w po kursie jest to, \u017ce uczniowie cz\u0119sto wychodz\u0105 i zapominaj\u0105, jak wykonywa\u0107 prawid\u0142owe techniki. Asher i Gerwin rozwi\u0105zali ten problem, opracowuj\u0105c aplikacj\u0119, kt\u00f3ra zawiera ponad 400 film\u00f3w 4k z profesorem Gerwinem demonstruj\u0105cym z\u0142oty standard ig\u0142owania.<\/p>\n<p>&nbsp;<\/p>\n<p>&nbsp;<\/p>\n","protected":false},"excerpt":{"rendered":"<p>Wyj\u0105tkowa okazja, aby uczy\u0107 si\u0119 od prof. Boba Gerwina i Simeona Niel-Ashera. Prawdopodobnie ostatnie tego typu wydarzenie w Niemczech, prof. Bob Gerwin dzieli si\u0119 swoj\u0105 wiedz\u0105 jako ekspert w tej dziedzinie. Teoria i praktyka akupunktury medycznej, oparta na naukach dr Travell i Simeona (tw\u00f3rc\u00f3w koncepcji punkt\u00f3w spustowych). Istnieje wiele podej\u015b\u0107 do ig\u0142owania pacjent\u00f3w, z kt\u00f3rych [&hellip;]<\/p>\n","protected":false},"featured_media":6125,"template":"","format":"standard","meta":{"_acf_changed":false,"_seopress_robots_primary_cat":"none","_seopress_titles_title":"","_seopress_titles_desc":"","_seopress_robots_index":""},"kategorie-kurs":[174,118,169,100,173,170,171,148],"product_brand":[],"product_cat":[140,47],"product_tag":[],"class_list":{"0":"post-8603","1":"product","2":"type-product","3":"status-publish","4":"format-standard","5":"has-post-thumbnail","7":"kategorie-kurs-chronic-pain","8":"kategorie-kurs-fascia-en","9":"kategorie-kurs-fasciae","10":"kategorie-kurs-health-management-en","11":"kategorie-kurs-przewlekly-bol","12":"kategorie-kurs-punkty-spustowe","13":"kategorie-kurs-trigger-points","14":"kategorie-kurs-zarzadzanie-zdrowiem","15":"product_cat-kursy-mistrzowskie","16":"product_cat-masterclasses","17":"tm-no-options","19":"first","20":"instock","21":"purchasable","22":"product-type-simple"},"acf":{"anzahl-plaetze":32,"frage_sprache":"Englisch mit deutscher \u00dcbersetzung","ort":"OSD Hamburg, Weidestr. 118c, 22083 Hamburg ","kursgebuehr":"740","voraussetzungen":"W trakcie szkolenia osteopatycznego (ostatni rok), przeszkolony w zakresie fizjoterapii, przeszkolony w zakresie chiropraktyki, lekarz medycyny","dozent":"Simeon Niel-Asher B.Sc. East, BPhil (GBR)","dozent_kurzbeschreibung":"Osteopata Simeons Niel-Asher jest starszym instruktorem w Izraelskim Towarzystwie Medycyny Mi\u0119\u015bniowo-Szkieletowej i autorem dw\u00f3ch podr\u0119cznik\u00f3w dotycz\u0105cych punkt\u00f3w spustowych.","frage_dozent_2":"Ja","dozent_2":"Prof. Bob Gerwin (USA)","dozent_kurzbeschreibung_2":"Prof. Bob Gerwin jest neurologiem i by\u0142ym szefem medycyny b\u00f3lu na Uniwersytecie Johnsa Hopkinsa. Jest jednym z za\u0142o\u017cycieli ruchu punkt\u00f3w spustowych i wprowadzi\u0142 dr Travell i dr Simons. Publikowa\u0142 obszernie na temat medycyny punkt\u00f3w spustowych i jest uznawany za \u015bwiatowego lidera w dziedzinie g\u0142\u0119bokiego suchego ig\u0142owania - stymulacji domi\u0119\u015bniowej (IMS).  ","alle_dozenten":"","kursbeginn":"20260313","kurs_ende":"20260315","Anzahl Kurstage":"3","kursdauer":"","kurszeiten":"\n\nPi\u0105tek: 9:00 - 18:00 Sobota: 9:00 - 18:00 Niedziela: 9:00 - 16:00","frage_nach_teil_2":"Nein","kursbeginn-teil-2":null,"kursende-teil-2":null,"Anzahl_Kurstage_Teil2":"","frage_nach_teil_3":"","kursbeginn-teil-3":null,"kursende-teil-3":null,"Anzahl_Kurstage_Teil3":"","link":"","doznew":["Bob Gerwin (USA)","Simeon Niel-Asher (GBR)"]},"_links":{"self":[{"href":"https:\/\/fortbildungen.osteopathie-schule.de\/pl\/wp-json\/wp\/v2\/product\/8603","targetHints":{"allow":["GET"]}}],"collection":[{"href":"https:\/\/fortbildungen.osteopathie-schule.de\/pl\/wp-json\/wp\/v2\/product"}],"about":[{"href":"https:\/\/fortbildungen.osteopathie-schule.de\/pl\/wp-json\/wp\/v2\/types\/product"}],"wp:featuredmedia":[{"embeddable":true,"href":"https:\/\/fortbildungen.osteopathie-schule.de\/pl\/wp-json\/wp\/v2\/media\/6125"}],"wp:attachment":[{"href":"https:\/\/fortbildungen.osteopathie-schule.de\/pl\/wp-json\/wp\/v2\/media?parent=8603"}],"wp:term":[{"taxonomy":"kategorie-kurs","embeddable":true,"href":"https:\/\/fortbildungen.osteopathie-schule.de\/pl\/wp-json\/wp\/v2\/kategorie-kurs?post=8603"},{"taxonomy":"product_brand","embeddable":true,"href":"https:\/\/fortbildungen.osteopathie-schule.de\/pl\/wp-json\/wp\/v2\/product_brand?post=8603"},{"taxonomy":"product_cat","embeddable":true,"href":"https:\/\/fortbildungen.osteopathie-schule.de\/pl\/wp-json\/wp\/v2\/product_cat?post=8603"},{"taxonomy":"product_tag","embeddable":true,"href":"https:\/\/fortbildungen.osteopathie-schule.de\/pl\/wp-json\/wp\/v2\/product_tag?post=8603"}],"curies":[{"name":"wp","href":"https:\/\/api.w.org\/{rel}","templated":true}]}}