{"id":9248,"date":"2025-07-28T10:49:31","date_gmt":"2025-07-28T08:49:31","guid":{"rendered":"https:\/\/fortbildungen.osteopathie-schule.de\/kurse\/hormon-osteopatia-basic-integration-advanced-monachium\/"},"modified":"2026-02-13T13:03:36","modified_gmt":"2026-02-13T12:03:36","slug":"hormon-osteopatia-basic-integration-advanced-monachium","status":"publish","type":"product","link":"https:\/\/fortbildungen.osteopathie-schule.de\/pl\/kurse\/hormon-osteopatia-basic-integration-advanced-monachium\/","title":{"rendered":"Osteopatia hormonalna Basic, Integration &amp; Advanced \u2013 Bawaria"},"content":{"rendered":"<p><strong>Seria kurs\u00f3w Hormon-Osteopatia <\/strong><\/p>\n<p>W wi\u0119kszo\u015bci szkole\u0144 osteopatycznych gruczo\u0142y hormonalne i uk\u0142ad hormonalny s\u0105 zdecydowanie pomijane. Wielu osteopat\u00f3w i osteopatek ma zatem zbyt ma\u0142\u0105 wiedz\u0119 na temat uk\u0142adu hormonalnego, r\u00f3\u017cnych hormon\u00f3w i funkcjonalnych zaburze\u0144 hormonalnych. Z drugiej strony, w ostatnich latach wyra\u017anie wzrasta cz\u0119sto\u015b\u0107 wyst\u0119powania funkcjonalnych zaburze\u0144 hormonalnych (zaburzenia tarczycy zwi\u0105zane ze stresem, funkcjonalny niedob\u00f3r odporno\u015bci, przewlek\u0142e wyczerpanie nadnerczy, cykliczna mastopatia, przewlek\u0142a insulinooporno\u015b\u0107 i wiele innych).  <\/p>\n<p>Ta seria kurs\u00f3w Hormon-Osteopatia ma wype\u0142ni\u0107 to pole napi\u0119cia. Struktura serii kurs\u00f3w sk\u0142ada si\u0119 z 3 kurs\u00f3w <\/p>\n<p>Z tym pakietem otrzymujesz Hormon-Osteopati\u0119 (Basic), Hormon-Osteopati\u0119 (Integration) i Hormon-Osteopati\u0119 (Advanced) w ekskluzywnej cenie promocyjnej z 10% rabatem na op\u0142at\u0119 za kurs.<\/p>\n<p><strong>Osteopatia hormonalna (podstawy)<\/strong><\/p>\n<p>zajmuje si\u0119 zbyt ma\u0142o uwzgl\u0119dnianymi, cz\u0119\u015bciowo w og\u00f3le nie omawianymi gruczo\u0142ami hormonalnymi: tarczyc\u0105, grasic\u0105, gruczo\u0142em piersiowym i nadnerczami. Opr\u00f3cz podstaw dotycz\u0105cych r\u00f3\u017cnych gruczo\u0142\u00f3w hormonalnych omawiane s\u0105 najwa\u017cniejsze hormony i ich hormonalne wzajemne oddzia\u0142ywania mi\u0119dzy organami. Patologie szkolnomedyczne i funkcjonalne patofizjologie s\u0105 tematem tak samo jak diagnostyka osteopatyczna i osteopatyczne leczenie funkcjonalnych zaburze\u0144 hormonalnych tych organ\u00f3w.  <\/p>\n<p>Opracowywane s\u0105 niezwykle wa\u017cne i powszechne zaburzenia funkcjonalne i patologiczne, w tym ich badanie i leczenie osteopatyczne, np. Hashimoto, zaburzenia tarczycy zwi\u0105zane ze stresem, cykliczna mastopatia, funkcjonalne zaburzenia odporno\u015bci, wyczerpanie nadnerczy i inne. Te zaburzenia i ich leczenie nie s\u0105 omawiane w wielu szkoleniach osteopatycznych i s\u0105 nieznane wielu osteopatom i osteopatkom.<\/p>\n<p><strong>Osteopatia hormonalna (integracja)<\/strong><\/p>\n<p>zajmuje si\u0119 nadrz\u0119dn\u0105 kontrol\u0105 systemu hormonalnego (przysadka, podwzg\u00f3rze i szyszynka). Gruczo\u0142y hormonalne i ich najwa\u017cniejsze hormony s\u0105 tematem tak samo jak klasycznie opisane osie hormonalne (o\u015b HPA &#8211; przysadka, podwzg\u00f3rze, nadnercza, o\u015b HPG &#8211; podwzg\u00f3rze, przysadka, gonady) i omawiane s\u0105 funkcjonalne osie poboczne (np. tarczyca-gruczo\u0142 piersiowy-jajnik; grasica-w\u0105troba-\u015bledziona; tylny p\u0142at przysadki-gruczo\u0142 piersiowy-macica i wiele innych). <\/p>\n<p>Wa\u017cnym elementem kursu jest integracja systemu hormonalnego, czyli om\u00f3wienie funkcjonalnych wzajemnych oddzia\u0142ywa\u0144 mi\u0119dzy r\u00f3\u017cnymi gruczo\u0142ami hormonalnymi i kontrol\u0105 hormonaln\u0105.<br \/>\nPonadto powtarzane s\u0105 wa\u017cne gruczo\u0142y hormonalne, kt\u00f3re w podstawowym szkoleniu s\u0105 normalnie szczeg\u00f3\u0142owo omawiane, i dyskutowane pod nowymi funkcjonalnymi aspektami.<\/p>\n<p><strong>Hormon-Osteopatia (Advanced)<\/strong><\/p>\n<p>W 3. kursie omawiane s\u0105 hormonalne sytuacje specjalne \u017cycia. Ten kurs b\u0119dzie oferowany po raz pierwszy od 2027 roku. <\/p>\n<p>Opr\u00f3cz powt\u00f3rzenia integracji i tre\u015bci 1. + 2. kursu, w 3. cz\u0119\u015bci omawiane s\u0105 hormonalne osobliwo\u015bci.<\/p>\n<p>Kursy z tej serii mo\u017cna r\u00f3wnie\u017c rezerwowa\u0107 pojedynczo.<\/p>\n","protected":false},"excerpt":{"rendered":"<p><strong>Seria kurs\u00f3w Hormon-Osteopatia <\/strong><\/p>\n<p>W wi\u0119kszo\u015bci szkole\u0144 osteopatycznych gruczo\u0142y hormonalne i uk\u0142ad hormonalny s\u0105 zdecydowanie pomijane. Wielu osteopat\u00f3w i osteopatek ma zatem zbyt ma\u0142\u0105 wiedz\u0119 na temat uk\u0142adu hormonalnego, r\u00f3\u017cnych hormon\u00f3w i funkcjonalnych zaburze\u0144 hormonalnych. Z drugiej strony, w ostatnich latach wyra\u017anie wzrasta cz\u0119sto\u015b\u0107 wyst\u0119powania funkcjonalnych zaburze\u0144 hormonalnych (zaburzenia tarczycy zwi\u0105zane ze stresem, funkcjonalny niedob\u00f3r odporno\u015bci, przewlek\u0142e wyczerpanie nadnerczy, cykliczna mastopatia, przewlek\u0142a insulinooporno\u015b\u0107 i wiele innych).  <\/p>\n<p>Z tym pakietem otrzymujesz Hormon-Osteopati\u0119 (Basic) i Hormon-Osteopati\u0119 (Integration) w ekskluzywnej cenie promocyjnej.<\/p>\n","protected":false},"featured_media":0,"template":"","format":"standard","meta":{"_acf_changed":false,"_seopress_robots_primary_cat":"none","_seopress_titles_title":"","_seopress_titles_desc":"","_seopress_robots_index":""},"kategorie-kurs":[],"product_brand":[],"product_cat":[146],"product_tag":[],"class_list":{"0":"post-9248","1":"product","2":"type-product","3":"status-publish","4":"format-standard","6":"product_cat-pakiety","7":"tm-no-options","9":"first","10":"instock","11":"sold-individually","12":"purchasable","13":"product-type-woosb"},"acf":[],"_links":{"self":[{"href":"https:\/\/fortbildungen.osteopathie-schule.de\/pl\/wp-json\/wp\/v2\/product\/9248","targetHints":{"allow":["GET"]}}],"collection":[{"href":"https:\/\/fortbildungen.osteopathie-schule.de\/pl\/wp-json\/wp\/v2\/product"}],"about":[{"href":"https:\/\/fortbildungen.osteopathie-schule.de\/pl\/wp-json\/wp\/v2\/types\/product"}],"wp:attachment":[{"href":"https:\/\/fortbildungen.osteopathie-schule.de\/pl\/wp-json\/wp\/v2\/media?parent=9248"}],"wp:term":[{"taxonomy":"kategorie-kurs","embeddable":true,"href":"https:\/\/fortbildungen.osteopathie-schule.de\/pl\/wp-json\/wp\/v2\/kategorie-kurs?post=9248"},{"taxonomy":"product_brand","embeddable":true,"href":"https:\/\/fortbildungen.osteopathie-schule.de\/pl\/wp-json\/wp\/v2\/product_brand?post=9248"},{"taxonomy":"product_cat","embeddable":true,"href":"https:\/\/fortbildungen.osteopathie-schule.de\/pl\/wp-json\/wp\/v2\/product_cat?post=9248"},{"taxonomy":"product_tag","embeddable":true,"href":"https:\/\/fortbildungen.osteopathie-schule.de\/pl\/wp-json\/wp\/v2\/product_tag?post=9248"}],"curies":[{"name":"wp","href":"https:\/\/api.w.org\/{rel}","templated":true}]}}