{"id":9260,"date":"2024-01-05T09:36:20","date_gmt":"2024-01-05T08:36:20","guid":{"rendered":"https:\/\/fortbildungen.osteopathie-schule.de\/kurse\/osteopatia-i-jej-znaczenie-dla-rozwoju-twarzy-i-jamy-ustnej-oraz-w-funkcjonalnej-ortodoncji-u-dzieci\/"},"modified":"2026-03-09T15:42:56","modified_gmt":"2026-03-09T14:42:56","slug":"osteopatia-i-jej-znaczenie-dla-rozwoju-twarzy-i-jamy-ustnej-oraz-w-funkcjonalnej-ortodoncji-u-dzieci","status":"publish","type":"product","link":"https:\/\/fortbildungen.osteopathie-schule.de\/pl\/kurse\/osteopatia-i-jej-znaczenie-dla-rozwoju-twarzy-i-jamy-ustnej-oraz-w-funkcjonalnej-ortodoncji-u-dzieci\/","title":{"rendered":"Osteopatia i jej znaczenie dla rozwoju twarzy i jamy ustnej oraz w funkcjonalnej ortodoncji u dzieci"},"content":{"rendered":"<p><strong>Program kursu:<\/strong><\/p>\n<p>Jama ustna to znacznie wi\u0119cej ni\u017c organ, kt\u00f3rym rozdrabniamy pokarm. Rozw\u00f3j twarzy i jamy ustnej zale\u017cy od czynnik\u00f3w takich jak np. dynamiczne procesy wzrostu, prawid\u0142owe u\u0142o\u017cenie j\u0119zyka, oddychanie przez nos itp.<\/p>\n<p>Wa\u017cn\u0105 rol\u0119 w powstawaniu i dalszym rozwoju dysgnacji odgrywaj\u0105:<\/p>\n<ul>\n<li>predyspozycje genetyczne<\/li>\n<li>dyskinezy orofacjalne<\/li>\n<li>dysfunkcje podstawy czaszki<\/li>\n<li>blokady psychowegetatywne<\/li>\n<li>dekompensacja posturologiczna<\/li>\n<li>mi\u0119\u015bniowo-funkcjonalna nier\u00f3wnowaga orofacjalna<\/li>\n<\/ul>\n<p>Osteopatia ma tutaj cenne pole dzia\u0142ania z bardzo dobrymi wskazaniami do leczenia. Prognozy dotycz\u0105ce autonormalizacji dysfunkcji, takich jak np. dysgnacja, s\u0105 dobre, je\u015bli przyczyna zostanie odpowiednio leczona, a proces rozwoju struktur szkieletowych orofacjalnych na to jeszcze pozwala.<\/p>\n<p>Co osteopatia mo\u017ce oznacza\u0107 dla leczenia wad zgryzu u dzieci w okresie wymiany z\u0119b\u00f3w? Jak\u0105 rol\u0119 odgrywaj\u0105 np. oddychanie przez usta i zaburzenia motoryki po\u0142ykania w rozwoju odchyle\u0144 zgryzowych lub nawracaj\u0105ce procesy zapalne w nosogardzieli (przerost migda\u0142k\u00f3w gard\u0142owych)? Wada zgryzu wynikaj\u0105ca z orofacjalnego \u201eb\u0142\u0119dnego rozwoju\u201d mo\u017ce prowadzi\u0107 do b\u0142\u0119d\u00f3w posturalnych w kr\u0119gos\u0142upie, kt\u00f3re mog\u0105 skutkowa\u0107 m.in. zmianami strukturalnymi kr\u0119gos\u0142upa i napi\u0119ciowymi b\u00f3lami g\u0142owy.<\/p>\n<p><strong>Osteopatia jako \u201eterapia przedortodontyczna\u201d: Co to oznacza?<\/strong><\/p>\n<p>Kurs umo\u017cliwia diagnozowanie klas wad zgryzu, ocen\u0119 przyczyn i planowanie strategii leczenia. Korygowanie przyczyn problemu ortodontycznego jest warunkiem utrzymania korekty ortodontycznej. Nerwy czaszkowe, kt\u00f3re mog\u0105 mie\u0107 tutaj du\u017ce znaczenie, to m.in. nerw tr\u00f3jdzielny, nerw twarzowy, nerw podj\u0119zykowy, nerw okoruchowy i nerw dodatkowy. Aby znormalizowa\u0107 neurodynamik\u0119, tkanka nerwowa jest badana i leczona. Terapia neuromotorycznej stymulacji i reorganizacji pobudza rozw\u00f3j z\u0142o\u017conych wzorc\u00f3w ruchowych. Celem jest aktywowanie i uporz\u0105dkowanie utraconych, nieuformowanych lub nieuporz\u0105dkowanych funkcji. Dzi\u0119ki temu dysbalanse i dyskoordynacje w obszarze orofacjalnym, takie jak oddychanie przez usta, niemowl\u0119ce po\u0142ykanie i inne dyskinezy, mog\u0105 by\u0107 leczone bardziej specyficznie.<\/p>\n<p><strong>WA\u017bNE<\/strong>:<br \/>\nDo tego kursu niezb\u0119dny jest pakiet \u0107wicze\u0144 wraz z no\u015bnikiem danych. Mo\u017cna go naby\u0107 u wyk\u0142adowc\u00f3w na miejscu i po kursie wykorzysta\u0107 do u\u017cytku we w\u0142asnej praktyce. Pakiet ten zawiera no\u015bnik danych ze wszystkimi \u0107wiczeniami, kt\u00f3re mo\u017cna nast\u0119pnie wydrukowa\u0107 jako instrukcje dla pacjent\u00f3w. Pakiet \u0107wicze\u0144 kosztuje 90,- \u20ac (Mo\u017cliwa tylko p\u0142atno\u015b\u0107 got\u00f3wk\u0105!).<\/p>\n","protected":false},"excerpt":{"rendered":"<p>Program kursu: Jama ustna to znacznie wi\u0119cej ni\u017c organ, kt\u00f3rym rozdrabniamy pokarm. Rozw\u00f3j twarzy i jamy ustnej zale\u017cy od czynnik\u00f3w takich jak np. dynamiczne procesy wzrostu, prawid\u0142owe u\u0142o\u017cenie j\u0119zyka, oddychanie przez nos itp. Wa\u017cn\u0105 rol\u0119 w powstawaniu i dalszym rozwoju dysgnacji odgrywaj\u0105: predyspozycje genetyczne dyskinezy orofacjalne dysfunkcje podstawy czaszki blokady psychowegetatywne dekompensacja posturologiczna mi\u0119\u015bniowo-funkcjonalna nier\u00f3wnowaga [&hellip;]<\/p>\n","protected":false},"featured_media":6262,"template":"","format":"standard","meta":{"_acf_changed":false,"_seopress_robots_primary_cat":"none","_seopress_titles_title":"","_seopress_titles_desc":"","_seopress_robots_index":""},"kategorie-kurs":[113,102,153,155],"product_brand":[],"product_cat":[140,47],"product_tag":[],"class_list":{"0":"post-9260","1":"product","2":"type-product","3":"status-publish","4":"format-standard","5":"has-post-thumbnail","7":"kategorie-kurs-bones-and-joints-en","8":"kategorie-kurs-jaw-joint-en","9":"kategorie-kurs-kosci-i-stawy","10":"kategorie-kurs-staw-szczekowy","11":"product_cat-kursy-mistrzowskie","12":"product_cat-masterclasses","13":"tm-no-options","15":"first","16":"instock","17":"purchasable","18":"product-type-simple"},"acf":{"dozenten_relation":[11444],"doznew":["Philip van Caille (CHE)"],"anzahl-plaetze":32,"frage_sprache":"Deutsch","ort":"OSD Hamburg, Weidestr. 118c, 22083 Hamburg ","kursgebuehr":"594","voraussetzungen":"uko\u0144czone szkolenie osteopatyczne","kursbeginn":"20260327","kurs_ende":"20260329","Anzahl Kurstage":"3","kursdauer":"","kurszeiten":"Pi\u0105tek-Sobota: 9:00-18:00\r\nNiedziela: 9:00-16:00","frage_nach_teil_2":"Nein","kursbeginn-teil-2":null,"kursende-teil-2":null,"Anzahl_Kurstage_Teil2":"","frage_nach_teil_3":"Bitte ausw\u00e4hlen","kursbeginn-teil-3":null,"kursende-teil-3":null,"Anzahl_Kurstage_Teil3":""},"_links":{"self":[{"href":"https:\/\/fortbildungen.osteopathie-schule.de\/pl\/wp-json\/wp\/v2\/product\/9260","targetHints":{"allow":["GET"]}}],"collection":[{"href":"https:\/\/fortbildungen.osteopathie-schule.de\/pl\/wp-json\/wp\/v2\/product"}],"about":[{"href":"https:\/\/fortbildungen.osteopathie-schule.de\/pl\/wp-json\/wp\/v2\/types\/product"}],"acf:post":[{"embeddable":true,"href":"https:\/\/fortbildungen.osteopathie-schule.de\/pl\/wp-json\/wp\/v2\/dozent\/11444"}],"wp:featuredmedia":[{"embeddable":true,"href":"https:\/\/fortbildungen.osteopathie-schule.de\/pl\/wp-json\/wp\/v2\/media\/6262"}],"wp:attachment":[{"href":"https:\/\/fortbildungen.osteopathie-schule.de\/pl\/wp-json\/wp\/v2\/media?parent=9260"}],"wp:term":[{"taxonomy":"kategorie-kurs","embeddable":true,"href":"https:\/\/fortbildungen.osteopathie-schule.de\/pl\/wp-json\/wp\/v2\/kategorie-kurs?post=9260"},{"taxonomy":"product_brand","embeddable":true,"href":"https:\/\/fortbildungen.osteopathie-schule.de\/pl\/wp-json\/wp\/v2\/product_brand?post=9260"},{"taxonomy":"product_cat","embeddable":true,"href":"https:\/\/fortbildungen.osteopathie-schule.de\/pl\/wp-json\/wp\/v2\/product_cat?post=9260"},{"taxonomy":"product_tag","embeddable":true,"href":"https:\/\/fortbildungen.osteopathie-schule.de\/pl\/wp-json\/wp\/v2\/product_tag?post=9260"}],"curies":[{"name":"wp","href":"https:\/\/api.w.org\/{rel}","templated":true}]}}