{"id":9261,"date":"2024-01-03T20:00:49","date_gmt":"2024-01-03T19:00:49","guid":{"rendered":"https:\/\/fortbildungen.osteopathie-schule.de\/kurse\/polaczenie-mechaniczne-uklad-naczyniowy\/"},"modified":"2026-03-09T14:31:05","modified_gmt":"2026-03-09T13:31:05","slug":"polaczenie-mechaniczne-uklad-naczyniowy","status":"publish","type":"product","link":"https:\/\/fortbildungen.osteopathie-schule.de\/pl\/kurse\/polaczenie-mechaniczne-uklad-naczyniowy\/","title":{"rendered":"Po\u0142\u0105czenie mechaniczne: Uk\u0142ad naczyniowy"},"content":{"rendered":"<h2 id=\"section0\">Cel:<\/h2>\n<p>Kurs ten obejmuje zupe\u0142nie nowy obszar osteopatii, kt\u00f3rego LMO by\u0142o pionierem w badaniu i leczeniu serca i t\u0119tnic. Poniewa\u017c t\u0119tnice sk\u0142adaj\u0105 si\u0119 z tkanki \u0142\u0105cznej, mog\u0105 one tworzy\u0107 wi\u0105zania tkankowe, kt\u00f3re s\u0105 potencjalnymi czynnikami zak\u0142\u00f3caj\u0105cymi w organizmie. Dzi\u0119ki autonomicznemu uk\u0142adowi nerwowemu, kt\u00f3ry jest w du\u017cej mierze po\u0142\u0105czony z uk\u0142adem naczyniowym (nerw b\u0142\u0119dny, rdze\u0144 graniczny, splot aortalny), t\u0119tnice stanowi\u0105 klucz w leczeniu licznych dysfunkcji neurowegetatywnych u naszych pacjent\u00f3w. Jak wi\u0119c mo\u017cna bada\u0107 i leczy\u0107 uk\u0142ad sercowo-naczyniowy w osteopatii? W jaki spos\u00f3b mo\u017cna zbada\u0107 i leczy\u0107 autonomiczny uk\u0142ad nerwowy? Jak osteopatia radzi sobie z czynnikami somatyczno-emocjonalnymi?<\/p>\n<h3><span style=\"font-size: 16px;\">To seminarium pomo\u017ce ci <\/span><span style=\"font-size: 16px;\">pom\u00f3c ci z powodzeniem zastosowa\u0107 jedn\u0105 z podstawowych koncepcji A.T. Stilla: zasad\u0119 t\u0119tnicy!<\/span><\/h3>\n<h2 id=\"section1\">Program:<\/h2>\n<p><b>Dzie\u0144 1.<\/b> (8 godzin)<\/p>\n<p><strong>Rano: <\/strong><\/p>\n<ul>\n<li>Teoria, klinika i praktyka narz\u0105d\u00f3w klatki piersiowej: krtani, tchawicy, oskrzeli, p\u0142uc, osierdzia i serca. Testy prowokacji, hamowania i odrzutu.<\/li>\n<li>Wprowadzenie do stosowania LMO na t\u0119tnicach.<\/li>\n<\/ul>\n<p><strong>Popo\u0142udnie: <\/strong><\/p>\n<ul>\n<li>Teoria, klinika i praktyka t\u0119tnic ko\u0144czyn dolnych. Testy prowokacji, hamowania i odrzutu.<\/li>\n<li>Teoria, klinika i praktyka t\u0119tnic ko\u0144czyn g\u00f3rnych. Testy prowokacji, hamowania i odrzutu.<\/li>\n<\/ul>\n<p>&nbsp;<\/p>\n<p><b>Dzie\u0144 2.<\/b> (8 godzin)<\/p>\n<p><strong>Rano: <\/strong><\/p>\n<ul>\n<li>Teoria, klinika i praktyka autonomicznego uk\u0142adu nerwowego.<\/li>\n<li>Teoria, klinika i praktyka t\u0119tnic piersiowych: \u0142uk aorty, przew\u00f3d t\u0119tniczy, t\u0119tnica p\u0142ucna, t\u0119tnice wie\u0144cowe i aorta piersiowa. Testy prowokacji, hamowania i odrzutu.<\/li>\n<\/ul>\n<p><strong>Popo\u0142udnie:<\/strong><\/p>\n<ul>\n<li>Teoria, klinika i praktyka t\u0119tnic brzusznych: aorty brzusznej i splotu aortalnego, pnia trzewnego, t\u0119tnicy nerkowej, t\u0119tnicy krezkowej g\u00f3rnej i dolnej, t\u0119tnicy biodrowej i linii granicznej l\u0119d\u017awiowej.<\/li>\n<li>Testy prowokacji, hamowania i odrzutu.<\/li>\n<\/ul>\n<p><b>Dzie\u0144 3.<\/b> (8 godzin)<\/p>\n<p><strong>Rano: <\/strong><\/p>\n<ul>\n<li>Podej\u015bcie somatyczno-emocjonalne.<\/li>\n<li>Odrzut w fazie mentalizacji i werbalizacji.<\/li>\n<li>Teoria, klinika i praktyka t\u0119tnic szyjnych: T\u0119tnica szyjna, t\u0119tnica tarczowa, t\u0119tnica kr\u0119gowa. Nerw b\u0142\u0119dny i szyjny pie\u0144 wsp\u00f3\u0142czulny. Testy prowokacyjne, testy hamowania i leczenie za pomoc\u0105 Recoil.<\/li>\n<\/ul>\n<p><strong>Popo\u0142udnie: <\/strong><\/p>\n<ul>\n<li>Podsumowanie i praktyczna praktyka kompletnego leczenia uk\u0142adu naczyniowego i autonomicznego uk\u0142adu nerwowego.<\/li>\n<\/ul>\n","protected":false},"excerpt":{"rendered":"<p>Cel: Kurs ten obejmuje zupe\u0142nie nowy obszar osteopatii, kt\u00f3rego LMO by\u0142o pionierem w badaniu i leczeniu serca i t\u0119tnic. Poniewa\u017c t\u0119tnice sk\u0142adaj\u0105 si\u0119 z tkanki \u0142\u0105cznej, mog\u0105 one tworzy\u0107 wi\u0105zania tkankowe, kt\u00f3re s\u0105 potencjalnymi czynnikami zak\u0142\u00f3caj\u0105cymi w organizmie. Dzi\u0119ki autonomicznemu uk\u0142adowi nerwowemu, kt\u00f3ry jest w du\u017cej mierze po\u0142\u0105czony z uk\u0142adem naczyniowym (nerw b\u0142\u0119dny, rdze\u0144 graniczny, [&hellip;]<\/p>\n","protected":false},"featured_media":7488,"template":"","format":"standard","meta":{"_acf_changed":false,"_seopress_robots_primary_cat":"none","_seopress_titles_title":"","_seopress_titles_desc":"","_seopress_robots_index":""},"kategorie-kurs":[194,177,178,193,189,190],"product_brand":[],"product_cat":[140,47,97],"product_tag":[],"class_list":{"0":"post-9261","1":"product","2":"type-product","3":"status-publish","4":"format-standard","5":"has-post-thumbnail","7":"kategorie-kurs-mechanical-link","8":"kategorie-kurs-mobilizacja","9":"kategorie-kurs-mobilization","10":"kategorie-kurs-polaczenie-mechaniczne","11":"kategorie-kurs-uklad-naczyniowy","12":"kategorie-kurs-vascular-system","13":"product_cat-kursy-mistrzowskie","14":"product_cat-masterclasses","15":"product_cat-masterclasses-en","16":"tm-no-options","18":"first","19":"instock","20":"purchasable","21":"product-type-simple"},"acf":{"dozenten_relation":[11478],"doznew":["Sophie Nikitine (FRA)"],"anzahl-plaetze":24,"frage_sprache":"Franz\u00f6sisch mit deutscher \u00dcbersetzung","ort":"OSD Berlin, ul. Oudenarder 16, 13347 Berlin","kursgebuehr":"594","voraussetzungen":"Wykszta\u0142cenie w osteopatii","kursbeginn":"20260320","kurs_ende":"20260322","Anzahl Kurstage":"3","kursdauer":"","kurszeiten":"Pi\u0105tek i sobota: 9-18\r\nNiedziela: 9-16","frage_nach_teil_2":"Nein","kursbeginn-teil-2":null,"kursende-teil-2":null,"Anzahl_Kurstage_Teil2":"","frage_nach_teil_3":false,"kursbeginn-teil-3":null,"kursende-teil-3":null,"Anzahl_Kurstage_Teil3":""},"_links":{"self":[{"href":"https:\/\/fortbildungen.osteopathie-schule.de\/pl\/wp-json\/wp\/v2\/product\/9261","targetHints":{"allow":["GET"]}}],"collection":[{"href":"https:\/\/fortbildungen.osteopathie-schule.de\/pl\/wp-json\/wp\/v2\/product"}],"about":[{"href":"https:\/\/fortbildungen.osteopathie-schule.de\/pl\/wp-json\/wp\/v2\/types\/product"}],"acf:post":[{"embeddable":true,"href":"https:\/\/fortbildungen.osteopathie-schule.de\/pl\/wp-json\/wp\/v2\/dozent\/11478"}],"wp:featuredmedia":[{"embeddable":true,"href":"https:\/\/fortbildungen.osteopathie-schule.de\/pl\/wp-json\/wp\/v2\/media\/7488"}],"wp:attachment":[{"href":"https:\/\/fortbildungen.osteopathie-schule.de\/pl\/wp-json\/wp\/v2\/media?parent=9261"}],"wp:term":[{"taxonomy":"kategorie-kurs","embeddable":true,"href":"https:\/\/fortbildungen.osteopathie-schule.de\/pl\/wp-json\/wp\/v2\/kategorie-kurs?post=9261"},{"taxonomy":"product_brand","embeddable":true,"href":"https:\/\/fortbildungen.osteopathie-schule.de\/pl\/wp-json\/wp\/v2\/product_brand?post=9261"},{"taxonomy":"product_cat","embeddable":true,"href":"https:\/\/fortbildungen.osteopathie-schule.de\/pl\/wp-json\/wp\/v2\/product_cat?post=9261"},{"taxonomy":"product_tag","embeddable":true,"href":"https:\/\/fortbildungen.osteopathie-schule.de\/pl\/wp-json\/wp\/v2\/product_tag?post=9261"}],"curies":[{"name":"wp","href":"https:\/\/api.w.org\/{rel}","templated":true}]}}