{"id":9268,"date":"2024-01-06T10:30:21","date_gmt":"2024-01-06T09:30:21","guid":{"rendered":"https:\/\/fortbildungen.osteopathie-schule.de\/kurse\/neuromobilizacja-kliniczna\/"},"modified":"2024-01-06T10:30:21","modified_gmt":"2024-01-06T09:30:21","slug":"neuromobilizacja-kliniczna","status":"publish","type":"product","link":"https:\/\/fortbildungen.osteopathie-schule.de\/pl\/kurse\/neuromobilizacja-kliniczna\/","title":{"rendered":"Neuromobilizacja kliniczna"},"content":{"rendered":"<p><strong>Neuromobilizacja &#8211; oparte na dowodach podej\u015bcie do leczenia b\u00f3lu neuropatycznego<\/strong><\/p>\n<p>B\u00f3l neuropatyczny jest spowodowany urazami lub zaburzeniami czynno\u015bciowymi w somatosensorycznym uk\u0142adzie nerwowym i jest jednym z najbardziej z\u0142o\u017conych zespo\u0142\u00f3w b\u00f3lowych pod wzgl\u0119dem diagnostyki i leczenia. Cz\u0119sto pozostaje nierozpoznany z powodu nieodpowiednich kryteri\u00f3w diagnostycznych, co prowadzi do nieoptymalnych podej\u015b\u0107 terapeutycznych. Neuromobilizacja oferuje skuteczn\u0105, opart\u0105 na dowodach interwencj\u0119 w leczeniu mononeuropatii uciskowych. Techniki mobilizacji manualnej mog\u0105 poprawi\u0107 przep\u0142yw krwi, transport aksonalny i regeneracj\u0119 tkanki nerwowej, z\u0142agodzi\u0107 b\u00f3l i zwi\u0119kszy\u0107 funkcjonalno\u015b\u0107.   <\/p>\n<p>Po uko\u0144czeniu kursu uczestnicy b\u0119d\u0105 w stanie skutecznie diagnozowa\u0107 zespo\u0142y b\u00f3lu neuropatycznego i stosowa\u0107 oparte na dowodach techniki neuromobilizacji w celu poprawy jako\u015bci \u017cycia swoich pacjent\u00f3w.<\/p>\n<p>Kurs ten opiera si\u0119 na najnowszych odkryciach naukowych i stale integruje post\u0119py w dziedzinie terapii manualnej uraz\u00f3w nerw\u00f3w obwodowych.<\/p>\n<p>&nbsp;<\/p>\n<p><strong>Zawarto\u015b\u0107 kursu:<\/strong><\/p>\n<ol>\n<li><strong>Podstawy i zrozumienie b\u00f3lu neuropatycznego:<\/strong>\n<ul>\n<li>Przegl\u0105d mikro- i makroanatomii uk\u0142adu nerwowego.<\/li>\n<li>Wprowadzenie do neurobiologii stan\u00f3w zapalnych i uszkodze\u0144 kom\u00f3rek.<\/li>\n<li>Etiologia i cz\u0119sto\u015b\u0107 wyst\u0119powania niespecyficznego b\u00f3lu plec\u00f3w.<\/li>\n<\/ul>\n<\/li>\n<li><strong>Diagnostyka i ocena kliniczna:<\/strong>\n<ul>\n<li>Techniki badania neuromechanicznego, w tym test slump dla b\u00f3lu korzeniowego.<\/li>\n<li>Badanie neurologiczne i wnioskowanie kliniczne w mononeuropatiach i radikulopatiach.<\/li>\n<\/ul>\n<\/li>\n<li><strong>Techniki neuromobilizacji i ich zastosowanie:<\/strong>\n<ul>\n<li><strong>Ko\u0144czyny g\u00f3rne:<\/strong>\n<ul>\n<li>Leczenie i ocena uwi\u0119\u017ani\u0119cia nerwu po\u015brodkowego, \u0142okciowego i promieniowego (np. zesp\u00f3\u0142 cie\u015bni nadgarstka, zesp\u00f3\u0142 kana\u0142u Guyona, radikulopatie splotu ramiennego).<\/li>\n<\/ul>\n<\/li>\n<li><strong>Ko\u0144czyny dolne:<\/strong>\n<ul>\n<li>Techniki leczenia uwi\u0119\u017ani\u0119cia nerwu strza\u0142kowego, piszczelowego i kulszowego oraz neuropatii obturatora.<\/li>\n<\/ul>\n<\/li>\n<li><strong>Neurocranium:<\/strong>\n<ul>\n<li>Leczenie b\u00f3lu czaszkowo-szyjnego i szyjnych b\u00f3l\u00f3w g\u0142owy.<\/li>\n<li>Mobilizacja nerw\u00f3w czaszkowych, w tym nerwu tr\u00f3jdzielnego i twarzowego, a tak\u017ce mobilizacja nerwu b\u0142\u0119dnego w przypadku b\u00f3lu przewlek\u0142ego.<\/li>\n<\/ul>\n<\/li>\n<\/ul>\n<\/li>\n<li><strong>Integracja autonomicznego uk\u0142adu nerwowego (ANS):<\/strong>\n<ul>\n<li>Zwi\u0105zek mi\u0119dzy ANS, stanem zapalnym i z\u0142o\u017conymi zespo\u0142ami b\u00f3lowymi.<\/li>\n<li>Codzienne strategie regulacji snu, ANS i przewlek\u0142ych reakcji zapalnych.<\/li>\n<\/ul>\n<\/li>\n<\/ol>\n","protected":false},"excerpt":{"rendered":"<p>Neuromobilizacja &#8211; oparte na dowodach podej\u015bcie do leczenia b\u00f3lu neuropatycznego B\u00f3l neuropatyczny jest spowodowany urazami lub zaburzeniami czynno\u015bciowymi w somatosensorycznym uk\u0142adzie nerwowym i jest jednym z najbardziej z\u0142o\u017conych zespo\u0142\u00f3w b\u00f3lowych pod wzgl\u0119dem diagnostyki i leczenia. Cz\u0119sto pozostaje nierozpoznany z powodu nieodpowiednich kryteri\u00f3w diagnostycznych, co prowadzi do nieoptymalnych podej\u015b\u0107 terapeutycznych. Neuromobilizacja oferuje skuteczn\u0105, opart\u0105 na dowodach [&hellip;]<\/p>\n","protected":false},"featured_media":7204,"template":"","format":"standard","meta":{"_acf_changed":false,"_seopress_robots_primary_cat":"","_seopress_titles_title":"","_seopress_titles_desc":"","_seopress_robots_index":""},"kategorie-kurs":[174,100,177,178,104,173,154,148],"product_brand":[],"product_cat":[140,47],"product_tag":[],"class_list":{"0":"post-9268","1":"product","2":"type-product","3":"status-publish","4":"format-standard","5":"has-post-thumbnail","7":"kategorie-kurs-chronic-pain","8":"kategorie-kurs-health-management-en","9":"kategorie-kurs-mobilizacja","10":"kategorie-kurs-mobilization","11":"kategorie-kurs-nervous-system-incl-brain-en","12":"kategorie-kurs-przewlekly-bol","13":"kategorie-kurs-w-tym-uklad-nerwowy-mozg","14":"kategorie-kurs-zarzadzanie-zdrowiem","15":"product_cat-kursy-mistrzowskie","16":"product_cat-masterclasses","17":"tm-no-options","19":"first","20":"instock","21":"purchasable","22":"product-type-simple"},"acf":{"anzahl-plaetze":30,"frage_sprache":"Englisch mit deutscher \u00dcbersetzung","ort":"OSD Hamburg, Weidestr. 118c, 22083 Hamburg ","kursgebuehr":"594","voraussetzungen":"przeszkolony w zakresie osteopatii lub w trakcie szkolenia osteopatycznego (ostatni rok), fizjoterapeuta","dozent":"Bruno Moreira Campos DO, M.Sc.  ","dozent_kurzbeschreibung":"Bruno Moreira Campos jest oddanym osteopat\u0105 od ponad 15 lat, prowadz\u0105c praktyk\u0119 kliniczn\u0105 w Portugalii, a tak\u017ce wyk\u0142adaj\u0105c na uniwersytetach. Jako tw\u00f3rca Kursu Neuromobilizacji (NMC\u00ae) w 2012 roku, zapewni\u0142 osteopatom nieocenione mo\u017cliwo\u015bci rozwoju zawodowego. Wysi\u0142ki akademickie Bruno doprowadzi\u0142y go do uzyskania tytu\u0142u magistra rehabilitacji neurologicznej. Kontynuuje badania w dziedzinie neuropatii uwi\u0119\u017ani\u0119cia i interwencji terapeutycznej, a jego praca jest \u015bci\u015ble zwi\u0105zana z aktualnymi osi\u0105gni\u0119ciami naukowymi, szczeg\u00f3lnie w dziedzinie neuronauki b\u00f3lu. Poza dzia\u0142alno\u015bci\u0105 zawodow\u0105 i akademick\u0105 Bruno oddaje si\u0119 swojej pasji, prowadz\u0105c podcast Osteotalks jako hobby.    ","frage_dozent_2":"Nein","dozent_2":"","dozent_kurzbeschreibung_2":"","alle_dozenten":"","kursbeginn":"20260417","kurs_ende":"20260419","Anzahl Kurstage":"3","kursdauer":"","kurszeiten":"\nPi\u0105tek i sobota: 9:00 - 18:00 Niedziela: 9:00 - 16:00","frage_nach_teil_2":"Nein","kursbeginn-teil-2":null,"kursende-teil-2":null,"Anzahl_Kurstage_Teil2":"","frage_nach_teil_3":false,"kursbeginn-teil-3":null,"kursende-teil-3":null,"Anzahl_Kurstage_Teil3":"","link":"","doznew":["Bruno Moreira Campos (POR)"]},"_links":{"self":[{"href":"https:\/\/fortbildungen.osteopathie-schule.de\/pl\/wp-json\/wp\/v2\/product\/9268","targetHints":{"allow":["GET"]}}],"collection":[{"href":"https:\/\/fortbildungen.osteopathie-schule.de\/pl\/wp-json\/wp\/v2\/product"}],"about":[{"href":"https:\/\/fortbildungen.osteopathie-schule.de\/pl\/wp-json\/wp\/v2\/types\/product"}],"wp:featuredmedia":[{"embeddable":true,"href":"https:\/\/fortbildungen.osteopathie-schule.de\/pl\/wp-json\/wp\/v2\/media\/7204"}],"wp:attachment":[{"href":"https:\/\/fortbildungen.osteopathie-schule.de\/pl\/wp-json\/wp\/v2\/media?parent=9268"}],"wp:term":[{"taxonomy":"kategorie-kurs","embeddable":true,"href":"https:\/\/fortbildungen.osteopathie-schule.de\/pl\/wp-json\/wp\/v2\/kategorie-kurs?post=9268"},{"taxonomy":"product_brand","embeddable":true,"href":"https:\/\/fortbildungen.osteopathie-schule.de\/pl\/wp-json\/wp\/v2\/product_brand?post=9268"},{"taxonomy":"product_cat","embeddable":true,"href":"https:\/\/fortbildungen.osteopathie-schule.de\/pl\/wp-json\/wp\/v2\/product_cat?post=9268"},{"taxonomy":"product_tag","embeddable":true,"href":"https:\/\/fortbildungen.osteopathie-schule.de\/pl\/wp-json\/wp\/v2\/product_tag?post=9268"}],"curies":[{"name":"wp","href":"https:\/\/api.w.org\/{rel}","templated":true}]}}