{"id":9296,"date":"2024-01-16T12:41:52","date_gmt":"2024-01-16T11:41:52","guid":{"rendered":"https:\/\/fortbildungen.osteopathie-schule.de\/kurse\/bone-strain-relief-kosc-w-centrum-leczenia-osteopatycznego\/"},"modified":"2026-03-31T13:21:07","modified_gmt":"2026-03-31T11:21:07","slug":"bone-strain-relief-kosc-w-centrum-leczenia-osteopatycznego","status":"publish","type":"product","link":"https:\/\/fortbildungen.osteopathie-schule.de\/pl\/kurse\/bone-strain-relief-kosc-w-centrum-leczenia-osteopatycznego\/","title":{"rendered":"Bone Strain Relief &#8211; Ko\u015b\u0107 w centrum leczenia osteopatycznego"},"content":{"rendered":"<h3><strong>Bone Strain Relief &#8211; Ko\u015b\u0107 w centrum leczenia osteopatycznego<\/strong><\/h3>\n<h3><strong style=\"font-size: 16px;\"><img alt=\"\" decoding=\"async\" class=\" wp-image-8802 alignright\" src=\"https:\/\/fortbildungen.osteopathie-schule.de\/wp-content\/uploads\/2025\/08\/Logo-fuer-BSR-transparent-Bone-Strain-Relief-300x300.jpg\" alt=\"\" width=\"104\" height=\"104\" srcset=\"https:\/\/fortbildungen.osteopathie-schule.de\/wp-content\/uploads\/2025\/08\/Logo-fuer-BSR-transparent-Bone-Strain-Relief-300x300.jpg 300w, https:\/\/fortbildungen.osteopathie-schule.de\/wp-content\/uploads\/2025\/08\/Logo-fuer-BSR-transparent-Bone-Strain-Relief-150x150.jpg 150w, https:\/\/fortbildungen.osteopathie-schule.de\/wp-content\/uploads\/2025\/08\/Logo-fuer-BSR-transparent-Bone-Strain-Relief-768x768.jpg 768w, https:\/\/fortbildungen.osteopathie-schule.de\/wp-content\/uploads\/2025\/08\/Logo-fuer-BSR-transparent-Bone-Strain-Relief-600x600.jpg 600w, https:\/\/fortbildungen.osteopathie-schule.de\/wp-content\/uploads\/2025\/08\/Logo-fuer-BSR-transparent-Bone-Strain-Relief-100x100.jpg 100w, https:\/\/fortbildungen.osteopathie-schule.de\/wp-content\/uploads\/2025\/08\/Logo-fuer-BSR-transparent-Bone-Strain-Relief.jpg 1024w\" sizes=\"(max-width: 104px) 100vw, 104px\" \/><\/strong><\/h3>\n<h4>Tre\u015b\u0107 kursu<\/h4>\n<p>Podczas gdy mi\u0119\u015bnie, powi\u0119zi i \u015bci\u0119gna od dawna znajduj\u0105 si\u0119 w centrum nowoczesnej terapii b\u00f3lu, jeden kluczowy czynnik cz\u0119sto pozostaje<\/p>\n<p>niezauwa\u017cony: ko\u015b\u0107.<\/p>\n<p>W tym intensywnym 3-dniowym seminarium skupiamy si\u0119 na tym, co cz\u0119sto jest przeoczane &#8211; napi\u0119ciu ko\u015bci jako cz\u0119stej i g\u0142\u0119bokiej przyczynie przewlek\u0142ych, opornych na leczenie b\u00f3l\u00f3w.<\/p>\n<p>Ko\u015bci s\u0105 bardziej elastyczne, odkszta\u0142calne i adaptacyjne, ni\u017c wielu s\u0105dzi. Jednak w\u0142a\u015bnie te cechy nios\u0105 ze sob\u0105 ryzyko: po urazach, przeci\u0105\u017ceniach lub skr\u0119ceniach nie zawsze wracaj\u0105 do swojej pierwotnej pozycji &#8211; pozostaje wzorzec napi\u0119cia z mikronapi\u0119ciami, a si\u0142y samouzdrawiaj\u0105ce zawodz\u0105.<br \/>\nSkutek: kompensacje w ca\u0142ym uk\u0142adzie mi\u0119\u015bniowo-szkieletowym i utrzymuj\u0105ce si\u0119 dolegliwo\u015bci, kt\u00f3re wydaj\u0105 si\u0119 nie poddawa\u0107 \u017cadnej terapii. <\/p>\n<p>W tym kursie nauczysz si\u0119:<\/p>\n<ul>\n<li>niezawodnie rozpoznawa\u0107 napi\u0119cia ko\u015bci<\/li>\n<li>identyfikowa\u0107 najcz\u0119stsze objawy w miednicy, ko\u0144czynach, tu\u0142owiu i tylnym dole czaszki<\/li>\n<li>stosowa\u0107 ukierunkowane techniki manualne, aby przywr\u00f3ci\u0107 zniekszta\u0142cenia ko\u015bci do ich wolnej od napi\u0119\u0107 anatomicznej pozycji wyj\u015bciowej<\/li>\n<li>i tym samym cz\u0119sto osi\u0105ga\u0107 znaczn\u0105 redukcj\u0119 b\u00f3lu ju\u017c w jednej sesji terapeutycznej<\/li>\n<\/ul>\n<p>Praktycznie. Gotowe do bezpo\u015bredniego zastosowania. Skutecznie.  <\/p>\n<p>Wszystkie techniki s\u0105 demonstrowane i intensywnie \u0107wiczone w parach.<\/p>\n<p>Odkryj ko\u015b\u0107 jako niedocenian\u0105 d\u017awigni\u0119 w terapii b\u00f3lu &#8211; i rozszerz swoje spektrum terapeutyczne o kluczowy element.<\/p>\n<p><strong>Niewielki wyb\u00f3r diagnoz i obraz\u00f3w klinicznych<\/strong>, kt\u00f3re mo\u017cna szybko z\u0142agodzi\u0107 i leczy\u0107 manualnie za pomoc\u0105 <strong>Bone Strain Relief<\/strong>:<br \/>\nLumbago, kokcygodynia, zesp\u00f3\u0142 piersiowy, dolegliwo\u015bci odcinka szyjnego kr\u0119gos\u0142upa, b\u00f3le karku, b\u00f3le w klatce piersiowej, koksalgia, pachwina sportowca, naderwanie przywodzicieli, zapalenie kaletki kr\u0119tarzowej, zesp\u00f3\u0142 mi\u0119\u015bnia gruszkowatego, b\u00f3le kolan, achillodynia, ostroga pi\u0119towa, zapalenie powi\u0119zi podeszwowej, metatarsalgia Mortona, zesp\u00f3\u0142 barkowo-ramienny, zesp\u00f3\u0142 cie\u015bni podbarkowej, \u0142okie\u0107 tenisisty, \u0142okie\u0107 golfisty, b\u00f3le nadgarstka, artroza kciuka<\/p>\n","protected":false},"excerpt":{"rendered":"<p>Bone Strain Relief &#8211; Ko\u015b\u0107 w centrum leczenia osteopatycznego Tre\u015b\u0107 kursu Podczas gdy mi\u0119\u015bnie, powi\u0119zi i \u015bci\u0119gna od dawna znajduj\u0105 si\u0119 w centrum nowoczesnej terapii b\u00f3lu, jeden kluczowy czynnik cz\u0119sto pozostaje niezauwa\u017cony: ko\u015b\u0107. W tym intensywnym 3-dniowym seminarium skupiamy si\u0119 na tym, co cz\u0119sto jest przeoczane &#8211; napi\u0119ciu ko\u015bci jako cz\u0119stej i g\u0142\u0119bokiej przyczynie przewlek\u0142ych, [&hellip;]<\/p>\n","protected":false},"featured_media":10973,"template":"","format":"standard","meta":{"_acf_changed":false,"_seopress_robots_primary_cat":"none","_seopress_titles_title":"","_seopress_titles_desc":"","_seopress_robots_index":""},"kategorie-kurs":[153],"product_brand":[],"product_cat":[140,47],"product_tag":[],"class_list":{"0":"post-9296","1":"product","2":"type-product","3":"status-publish","4":"format-standard","5":"has-post-thumbnail","7":"kategorie-kurs-kosci-i-stawy","8":"product_cat-kursy-mistrzowskie","9":"product_cat-masterclasses","10":"tm-no-options","12":"first","13":"instock","14":"purchasable","15":"product-type-simple"},"acf":{"dozenten_relation":[11427],"doznew":["Hartwig Liedtke"],"anzahl-plaetze":28,"frage_sprache":"Deutsch","ort":"OSD Hamburg, Weidestr. 118c, 22083 Hamburg ","kursgebuehr":"594","voraussetzungen":"Lekarki, lekarze, uko\u0144czone szkolenie z osteopatii lub studenci na 4. roku","kursbeginn":"20260619","kurs_ende":"20260621","Anzahl Kurstage":"3","kursdauer":"","kurszeiten":"Pi\u0105tek i sobota: od 9 do 18\nNiedziela: od 9 do 16","frage_nach_teil_2":"Bitte ausw\u00e4hlen","kursbeginn-teil-2":null,"kursende-teil-2":null,"Anzahl_Kurstage_Teil2":"","frage_nach_teil_3":false,"kursbeginn-teil-3":null,"kursende-teil-3":null,"Anzahl_Kurstage_Teil3":""},"_links":{"self":[{"href":"https:\/\/fortbildungen.osteopathie-schule.de\/pl\/wp-json\/wp\/v2\/product\/9296","targetHints":{"allow":["GET"]}}],"collection":[{"href":"https:\/\/fortbildungen.osteopathie-schule.de\/pl\/wp-json\/wp\/v2\/product"}],"about":[{"href":"https:\/\/fortbildungen.osteopathie-schule.de\/pl\/wp-json\/wp\/v2\/types\/product"}],"acf:post":[{"embeddable":true,"href":"https:\/\/fortbildungen.osteopathie-schule.de\/pl\/wp-json\/wp\/v2\/dozent\/11427"}],"wp:featuredmedia":[{"embeddable":true,"href":"https:\/\/fortbildungen.osteopathie-schule.de\/pl\/wp-json\/wp\/v2\/media\/10973"}],"wp:attachment":[{"href":"https:\/\/fortbildungen.osteopathie-schule.de\/pl\/wp-json\/wp\/v2\/media?parent=9296"}],"wp:term":[{"taxonomy":"kategorie-kurs","embeddable":true,"href":"https:\/\/fortbildungen.osteopathie-schule.de\/pl\/wp-json\/wp\/v2\/kategorie-kurs?post=9296"},{"taxonomy":"product_brand","embeddable":true,"href":"https:\/\/fortbildungen.osteopathie-schule.de\/pl\/wp-json\/wp\/v2\/product_brand?post=9296"},{"taxonomy":"product_cat","embeddable":true,"href":"https:\/\/fortbildungen.osteopathie-schule.de\/pl\/wp-json\/wp\/v2\/product_cat?post=9296"},{"taxonomy":"product_tag","embeddable":true,"href":"https:\/\/fortbildungen.osteopathie-schule.de\/pl\/wp-json\/wp\/v2\/product_tag?post=9296"}],"curies":[{"name":"wp","href":"https:\/\/api.w.org\/{rel}","templated":true}]}}