{"id":9636,"date":"2025-11-12T11:00:13","date_gmt":"2025-11-12T10:00:13","guid":{"rendered":"https:\/\/fortbildungen.osteopathie-schule.de\/?post_type=product&#038;p=9636"},"modified":"2026-01-28T11:05:46","modified_gmt":"2026-01-28T10:05:46","slug":"bilet-wykladowcy-osd-2025-kopie-kopie","status":"publish","type":"product","link":"https:\/\/fortbildungen.osteopathie-schule.de\/pl\/kurse\/bilet-wykladowcy-osd-2025-kopie-kopie\/","title":{"rendered":"Bilet na szkolenie OSD 2026"},"content":{"rendered":"<p><strong>(bilet 3-dniowy)<\/strong><\/p>\n<p>Tw\u00f3j bilet uprawnia do udzia\u0142u w Kongresie Osteopatii 2026 i obejmuje ca\u0142y program wyk\u0142ad\u00f3w oraz cztery wybrane warsztaty.<\/p>\n<p><strong><br \/>\nWyk\u0142ady<\/strong><\/p>\n<ul>\n<li>Pi\u0105tek, 20.11.2026 | 8:30-12:45 | 14:45-18:00<\/li>\n<\/ul>\n<p><strong><br \/>\nWarsztaty<\/strong><\/p>\n<ul>\n<li>Sobota, 21.11.2026 | 9:30-12:30 | 14:30-17:30<\/li>\n<li>Niedziela, 22.11.2026 | 9:30-12:30 | 14:30-17:30<\/li>\n<\/ul>\n","protected":false},"excerpt":{"rendered":"<p>(bilet 3-dniowy)<\/p>\n","protected":false},"featured_media":9584,"template":"","format":"standard","meta":{"_acf_changed":false,"_seopress_robots_primary_cat":"none","_seopress_titles_title":"","_seopress_titles_desc":"","_seopress_robots_index":""},"kategorie-kurs":[],"product_brand":[],"product_cat":[151,48],"product_tag":[],"class_list":{"0":"post-9636","1":"product","2":"type-product","3":"status-publish","4":"format-standard","5":"has-post-thumbnail","7":"product_cat-kongres","8":"product_cat-kongress","9":"tm-has-options","11":"first","12":"instock","13":"sale","14":"purchasable","15":"product-type-simple"},"acf":[],"_links":{"self":[{"href":"https:\/\/fortbildungen.osteopathie-schule.de\/pl\/wp-json\/wp\/v2\/product\/9636","targetHints":{"allow":["GET"]}}],"collection":[{"href":"https:\/\/fortbildungen.osteopathie-schule.de\/pl\/wp-json\/wp\/v2\/product"}],"about":[{"href":"https:\/\/fortbildungen.osteopathie-schule.de\/pl\/wp-json\/wp\/v2\/types\/product"}],"wp:featuredmedia":[{"embeddable":true,"href":"https:\/\/fortbildungen.osteopathie-schule.de\/pl\/wp-json\/wp\/v2\/media\/9584"}],"wp:attachment":[{"href":"https:\/\/fortbildungen.osteopathie-schule.de\/pl\/wp-json\/wp\/v2\/media?parent=9636"}],"wp:term":[{"taxonomy":"kategorie-kurs","embeddable":true,"href":"https:\/\/fortbildungen.osteopathie-schule.de\/pl\/wp-json\/wp\/v2\/kategorie-kurs?post=9636"},{"taxonomy":"product_brand","embeddable":true,"href":"https:\/\/fortbildungen.osteopathie-schule.de\/pl\/wp-json\/wp\/v2\/product_brand?post=9636"},{"taxonomy":"product_cat","embeddable":true,"href":"https:\/\/fortbildungen.osteopathie-schule.de\/pl\/wp-json\/wp\/v2\/product_cat?post=9636"},{"taxonomy":"product_tag","embeddable":true,"href":"https:\/\/fortbildungen.osteopathie-schule.de\/pl\/wp-json\/wp\/v2\/product_tag?post=9636"}],"curies":[{"name":"wp","href":"https:\/\/api.w.org\/{rel}","templated":true}]}}