{"id":9646,"date":"2025-11-12T11:09:52","date_gmt":"2025-11-12T10:09:52","guid":{"rendered":"https:\/\/fortbildungen.osteopathie-schule.de\/?post_type=product&#038;p=9646"},"modified":"2026-04-30T02:33:59","modified_gmt":"2026-04-30T00:33:59","slug":"bilet-jednodniowy-na-kongres-2025-kopie","status":"publish","type":"product","link":"https:\/\/fortbildungen.osteopathie-schule.de\/pl\/kurse\/bilet-jednodniowy-na-kongres-2025-kopie\/","title":{"rendered":"Bilet jednodniowy na Kongres 2026"},"content":{"rendered":"<p><strong>(bilet 1-dniowy)<\/strong><\/p>\n<p>Tw\u00f3j bilet uprawnia Ci\u0119 do udzia\u0142u w programie wyk\u0142ad\u00f3w Osteopathie Kongress 2026.<\/p>\n<p><strong><br \/>\nWyk\u0142ady<\/strong><\/p>\n<ul>\n<li>Pi\u0105tek, 20.11.2026 | 8:30-12:45 | 14:45-18:45<\/li>\n<\/ul>\n<p>&nbsp;<\/p>\n<p>Wolne miejsca na warsztaty mo\u017cna rezerwowa\u0107 od pi\u0105tku w biurze kongresowym!<\/p>\n","protected":false},"excerpt":{"rendered":"<p>(bilet 1-dniowy)<\/p>\n","protected":false},"featured_media":9584,"template":"","format":"standard","meta":{"_acf_changed":false,"_seopress_robots_primary_cat":"","_seopress_titles_title":"","_seopress_titles_desc":"","_seopress_robots_index":""},"kategorie-kurs":[],"product_brand":[],"product_cat":[151,48],"product_tag":[157,184,186,123],"class_list":{"0":"post-9646","1":"product","2":"type-product","3":"status-publish","4":"format-standard","5":"has-post-thumbnail","7":"product_cat-kongres","8":"product_cat-kongress","9":"product_tag-bilet-dzienny","10":"product_tag-osteopathie-in-der-paediatrie","11":"product_tag-osteopatia-w-pediatrii","12":"product_tag-tagesticket","13":"tm-no-options","15":"first","16":"instock","17":"purchasable","18":"product-type-simple"},"acf":[],"_links":{"self":[{"href":"https:\/\/fortbildungen.osteopathie-schule.de\/pl\/wp-json\/wp\/v2\/product\/9646","targetHints":{"allow":["GET"]}}],"collection":[{"href":"https:\/\/fortbildungen.osteopathie-schule.de\/pl\/wp-json\/wp\/v2\/product"}],"about":[{"href":"https:\/\/fortbildungen.osteopathie-schule.de\/pl\/wp-json\/wp\/v2\/types\/product"}],"wp:featuredmedia":[{"embeddable":true,"href":"https:\/\/fortbildungen.osteopathie-schule.de\/pl\/wp-json\/wp\/v2\/media\/9584"}],"wp:attachment":[{"href":"https:\/\/fortbildungen.osteopathie-schule.de\/pl\/wp-json\/wp\/v2\/media?parent=9646"}],"wp:term":[{"taxonomy":"kategorie-kurs","embeddable":true,"href":"https:\/\/fortbildungen.osteopathie-schule.de\/pl\/wp-json\/wp\/v2\/kategorie-kurs?post=9646"},{"taxonomy":"product_brand","embeddable":true,"href":"https:\/\/fortbildungen.osteopathie-schule.de\/pl\/wp-json\/wp\/v2\/product_brand?post=9646"},{"taxonomy":"product_cat","embeddable":true,"href":"https:\/\/fortbildungen.osteopathie-schule.de\/pl\/wp-json\/wp\/v2\/product_cat?post=9646"},{"taxonomy":"product_tag","embeddable":true,"href":"https:\/\/fortbildungen.osteopathie-schule.de\/pl\/wp-json\/wp\/v2\/product_tag?post=9646"}],"curies":[{"name":"wp","href":"https:\/\/api.w.org\/{rel}","templated":true}]}}