{"id":9782,"date":"2024-01-06T10:11:18","date_gmt":"2024-01-06T09:11:18","guid":{"rendered":"https:\/\/fortbildungen.osteopathie-schule.de\/?post_type=product&#038;p=9782"},"modified":"2026-03-09T15:43:37","modified_gmt":"2026-03-09T14:43:37","slug":"osteopatia-psychosomatyczna-integracja-neuronalna-i-leczenie-long-covid-oraz-mgly-mozgowej-kopie","status":"publish","type":"product","link":"https:\/\/fortbildungen.osteopathie-schule.de\/pl\/kurse\/osteopatia-psychosomatyczna-integracja-neuronalna-i-leczenie-long-covid-oraz-mgly-mozgowej-kopie\/","title":{"rendered":"Otolaryngologia i okulistyka"},"content":{"rendered":"<p>Uczestnicz\u0105c w kursach Torstena Liema, uzyskasz dost\u0119p do gruntownej wiedzy, aktualnych odkry\u0107 naukowych i nauki zorientowanej na praktyk\u0119. Dzi\u0119ki jego dynamicznemu stylowi nauczania i d\u0105\u017ceniu do doskona\u0142o\u015bci, wr\u00f3cisz do domu zainspirowany i wyposa\u017cony w now\u0105 wiedz\u0119, gotowy pozytywnie wp\u0142ywa\u0107 na dobre samopoczucie i zdrowie na swojej w\u0142asnej \u015bcie\u017cce.<\/p>\n<p data-start=\"209\" data-end=\"487\">Ten kurs Masterclass jest skierowany do do\u015bwiadczonych osteopat\u00f3w i terapeut\u00f3w, kt\u00f3rzy chc\u0105 pog\u0142\u0119bi\u0107 swoj\u0105 wiedz\u0119 na temat dysfunkcji czaszkowo-twarzowych i zwi\u0105zanych z obszarem HNO. Kurs \u0142\u0105czy solidne podstawy naukowe z praktycznymi technikami leczenia osteopatycznego.<\/p>\n<p data-start=\"489\" data-end=\"519\"><strong data-start=\"489\" data-end=\"517\">Zawarto\u015b\u0107 kursu Masterclass:<\/strong><\/p>\n<p data-start=\"521\" data-end=\"556\"><strong data-start=\"521\" data-end=\"554\">1. Nos, jama nosowa i nozdrza tylne<\/strong><\/p>\n<ul>\n<li data-start=\"559\" data-end=\"625\">Embriologia, anatomia, funkcja i powi\u0105zania topograficzne<\/li>\n<li data-start=\"711\" data-end=\"774\">Unerwienie, uk\u0142ad limfatyczny i zaopatrzenie naczyniowe uk\u0142adu w\u0119chowego<\/li>\n<li data-start=\"777\" data-end=\"840\">Wa\u017cne regiony m\u00f3zgu uk\u0142adu HNO i ich neuroanatomia<\/li>\n<li data-start=\"843\" data-end=\"928\">Dysfunkcje osteopatyczne: obraz kliniczny, objawy, powstawanie i leczenie<\/li>\n<li data-start=\"931\" data-end=\"1007\">Wywiad, inspekcja i ukierunkowane leczenie osteopatyczne w obszarze HNO<\/li>\n<li data-start=\"1010\" data-end=\"1069\">Oddychanie przez usta: perspektywy osteopatii i medycyny akademickiej<\/li>\n<\/ul>\n<p data-start=\"1071\" data-end=\"1088\"><strong data-start=\"1071\" data-end=\"1086\">2. Szumy uszne<\/strong><\/p>\n<ul>\n<li data-start=\"1091\" data-end=\"1133\">Anatomiczne i neurologiczne podstawy<\/li>\n<li data-start=\"1136\" data-end=\"1182\">Mechanizmy powstawania i typowe objawy<\/li>\n<li data-start=\"1185\" data-end=\"1245\">Mo\u017cliwo\u015bci leczenia i aktualne wyniki bada\u0144<\/li>\n<\/ul>\n<p data-start=\"1247\" data-end=\"1279\"><strong data-start=\"1247\" data-end=\"1277\">3. Oko i uk\u0142ad wzrokowy<\/strong><\/p>\n<ul>\n<li data-start=\"1282\" data-end=\"1337\">Anatomia, embriologia, funkcja, unerwienie i ukrwienie<\/li>\n<li data-start=\"1340\" data-end=\"1403\">Badanie i ukierunkowane leczenie osteopatyczne<\/li>\n<li data-start=\"1406\" data-end=\"1474\">Zaburzenia widzenia: przyczyny, zaanga\u017cowane nerwy i cele terapeutyczne<\/li>\n<li data-start=\"1477\" data-end=\"1547\">Integracja kr\u0119gos\u0142upa szyjnego i ko\u015bci czaszki<\/li>\n<li data-start=\"1550\" data-end=\"1618\">Aparat \u0142zowy i gruczo\u0142 \u0142zowy: funkcja i podej\u015bcia osteopatyczne<\/li>\n<\/ul>\n<p data-start=\"1620\" data-end=\"1885\"><br data-start=\"1645\" data-end=\"1648\" \/>Uczestnicy naucz\u0105 si\u0119 rozpoznawa\u0107 funkcjonalne powi\u0105zania w obszarze HNO i oka, ocenia\u0107 dysfunkcje i ukierunkowanie je leczy\u0107. Kurs przekazuje zorientowane na praktyk\u0119 techniki, kt\u00f3re s\u0105 klinicznie uzasadnione.<\/p>\n","protected":false},"excerpt":{"rendered":"<p>Uczestnicz\u0105c w kursach Torstena Liema, uzyskasz dost\u0119p do gruntownej wiedzy, aktualnych odkry\u0107 naukowych i nauki zorientowanej na praktyk\u0119. Dzi\u0119ki jego dynamicznemu stylowi nauczania i d\u0105\u017ceniu do doskona\u0142o\u015bci, wr\u00f3cisz do domu zainspirowany i wyposa\u017cony w now\u0105 wiedz\u0119, gotowy pozytywnie wp\u0142ywa\u0107 na dobre samopoczucie i zdrowie na swojej w\u0142asnej \u015bcie\u017cce. Ten kurs Masterclass jest skierowany do do\u015bwiadczonych [&hellip;]<\/p>\n","protected":false},"featured_media":9785,"template":"","format":"standard","meta":{"_acf_changed":false,"_seopress_robots_primary_cat":"none","_seopress_titles_title":"","_seopress_titles_desc":"","_seopress_robots_index":""},"kategorie-kurs":[100,179,180,148],"product_brand":[],"product_cat":[140,47],"product_tag":[],"class_list":{"0":"post-9782","1":"product","2":"type-product","3":"status-publish","4":"format-standard","5":"has-post-thumbnail","7":"kategorie-kurs-health-management-en","8":"kategorie-kurs-narzady-zmyslow","9":"kategorie-kurs-sensory-organs","10":"kategorie-kurs-zarzadzanie-zdrowiem","11":"product_cat-kursy-mistrzowskie","12":"product_cat-masterclasses","13":"tm-no-options","15":"first","16":"instock","17":"purchasable","18":"product-type-simple"},"acf":{"dozenten_relation":[11428],"doznew":["Torsten Liem (DEU)"],"anzahl-plaetze":28,"frage_sprache":"Deutsch","ort":"OSD Berlin, ul. Oudenarder 16, 13347 Berlin","kursgebuehr":"540","voraussetzungen":"Szkolenie z osteopatii (min. 4 lata)","kursbeginn":"20260416","kurs_ende":"20260418","Anzahl Kurstage":"3","kursdauer":"","kurszeiten":"Czwartek \u2013 sobota: 9:00\u201317:00","frage_nach_teil_2":"Nein","kursbeginn-teil-2":"20260416","kursende-teil-2":"20260418","Anzahl_Kurstage_Teil2":"","frage_nach_teil_3":"Nein","kursbeginn-teil-3":null,"kursende-teil-3":null,"Anzahl_Kurstage_Teil3":""},"_links":{"self":[{"href":"https:\/\/fortbildungen.osteopathie-schule.de\/pl\/wp-json\/wp\/v2\/product\/9782","targetHints":{"allow":["GET"]}}],"collection":[{"href":"https:\/\/fortbildungen.osteopathie-schule.de\/pl\/wp-json\/wp\/v2\/product"}],"about":[{"href":"https:\/\/fortbildungen.osteopathie-schule.de\/pl\/wp-json\/wp\/v2\/types\/product"}],"acf:post":[{"embeddable":true,"href":"https:\/\/fortbildungen.osteopathie-schule.de\/pl\/wp-json\/wp\/v2\/dozent\/11428"}],"wp:featuredmedia":[{"embeddable":true,"href":"https:\/\/fortbildungen.osteopathie-schule.de\/pl\/wp-json\/wp\/v2\/media\/9785"}],"wp:attachment":[{"href":"https:\/\/fortbildungen.osteopathie-schule.de\/pl\/wp-json\/wp\/v2\/media?parent=9782"}],"wp:term":[{"taxonomy":"kategorie-kurs","embeddable":true,"href":"https:\/\/fortbildungen.osteopathie-schule.de\/pl\/wp-json\/wp\/v2\/kategorie-kurs?post=9782"},{"taxonomy":"product_brand","embeddable":true,"href":"https:\/\/fortbildungen.osteopathie-schule.de\/pl\/wp-json\/wp\/v2\/product_brand?post=9782"},{"taxonomy":"product_cat","embeddable":true,"href":"https:\/\/fortbildungen.osteopathie-schule.de\/pl\/wp-json\/wp\/v2\/product_cat?post=9782"},{"taxonomy":"product_tag","embeddable":true,"href":"https:\/\/fortbildungen.osteopathie-schule.de\/pl\/wp-json\/wp\/v2\/product_tag?post=9782"}],"curies":[{"name":"wp","href":"https:\/\/api.w.org\/{rel}","templated":true}]}}