{"id":9815,"date":"2025-12-09T09:41:21","date_gmt":"2025-12-09T08:41:21","guid":{"rendered":"https:\/\/fortbildungen.osteopathie-schule.de\/?post_type=product&#038;p=9815"},"modified":"2026-01-23T15:42:27","modified_gmt":"2026-01-23T14:42:27","slug":"mechaniczne-polaczenie-wnetrznosci-kopie","status":"publish","type":"product","link":"https:\/\/fortbildungen.osteopathie-schule.de\/pl\/kurse\/mechaniczne-polaczenie-wnetrznosci-kopie\/","title":{"rendered":"Mechanical Link: Skolioza"},"content":{"rendered":"<h2 style=\"text-align: center;\"><strong>SKOLIOZA<\/strong><\/h2>\n<p>Wi\u0119cej na ten temat w artykule Erica Prata:  <a href=\"https:\/\/www.dropbox.com\/scl\/fi\/5coovv3bv4qd83fgpyf85\/Skoliose-Neue-osteopathische-Ann-herung.pdf?rlkey=p9g6oo4m1ybv149hytpor8nyg&amp;st=gpat2w4f&amp;dl=0\" target=\"_blank\" rel=\"noopener\">Skolioza \u2013 nowe osteopatyczne podej\u015bcie<\/a><\/p>\n<h3><b>CELE<\/b><\/h3>\n<ul>\n<li>Wprowadzenie do metodologii Lien M\u00e9canique Ost\u00e9opathique (LMO) z uwzgl\u0119dnieniem kr\u0119gos\u0142upa i klatki piersiowej<\/li>\n<li>Przedstawienie r\u00f3\u017cnych osteopatycznych uszkodze\u0144, kt\u00f3re cz\u0119sto wyst\u0119puj\u0105 w przypadku idiopatycznej skoliozy<\/li>\n<li>Okre\u015blenie istotnych narz\u0119dzi diagnostycznych: specyficzne testy napi\u0119ciowe i inhibicyjne testy r\u00f3wnowagi dla pierwotnego uszkodzenia skoliozy<\/li>\n<li>Dostarczenie nowych rozwi\u0105za\u0144 osteopatycznych i protoko\u0142u monitorowania skoliozy u noworodk\u00f3w (preskolioza) oraz u dzieci i os\u00f3b starszych<\/li>\n<\/ul>\n<p>&nbsp;<\/p>\n<h3><b>PROGRAM<\/b><\/h3>\n<p><b>Dzie\u0144 1<\/b><\/p>\n<p><b>Przedpo\u0142udnie<\/b><\/p>\n<ul>\n<li>Przedstawienie koncepcji LMO<\/li>\n<li>Fizjologia i patologia uszkodze\u0144 osteopatycznych, uszkodze\u0144 totalnych i uszkodze\u0144 pierwotnych<\/li>\n<li>Testy napi\u0119ciowe, inhibicyjne testy r\u00f3wnowagi i testy odrzutu<\/li>\n<li>Og\u00f3lne badanie i leczenie tylnej cz\u0119\u015bci klatki piersiowej (\u0142opatka i \u017cebra)<\/li>\n<\/ul>\n<p><b>Popo\u0142udnie<\/b><\/p>\n<ul>\n<li>Osteopatyczne podej\u015bcie do idiopatycznej skoliozy<\/li>\n<li>Powt\u00f3rzenie podstawowej wiedzy i mo\u017cliwych przyczyn skoliozy<\/li>\n<li>3 krytyczne poziomy skoliozy: czaszka, klatka piersiowa i miednica<\/li>\n<li>Prezentacja przypadk\u00f3w klinicznych<\/li>\n<li>Diagnoza i leczenie osteopatyczne preskoliozy u noworodk\u00f3w<\/li>\n<\/ul>\n<p>&nbsp;<\/p>\n<p><b>Dzie\u0144 2<\/b><\/p>\n<p><b>Przedpo\u0142udnie<\/b><\/p>\n<p><u>1. Czaszka<\/u><\/p>\n<ul>\n<li>Badanie i leczenie specyficznych uszkodze\u0144 skoliozy na poziomie czaszki<\/li>\n<li>Pokrywa czaszki, torsja, zaburzenia r\u00f3wnowagi przedsionkowej i uszkodzenia czaszkowo-szyjne<\/li>\n<\/ul>\n<p><b>Popo\u0142udnie<\/b><\/p>\n<p><u>2. Kr\u0119gos\u0142up piersiowy<\/u><\/p>\n<ul>\n<li>Badanie i leczenie specyficznych uszkodze\u0144 kr\u0119gos\u0142upa piersiowego<\/li>\n<li>Torsja mi\u0119dzykostna kr\u0119gu, deformacja \u017ceber i mocowania przepony<\/li>\n<\/ul>\n<p>&nbsp;<\/p>\n<p><b>Dzie\u0144 3<\/b><\/p>\n<p><b>Przedpo\u0142udnie<\/b><\/p>\n<p><u>3. Miednica<\/u><\/p>\n<ul>\n<li>Badanie i leczenie specyficznych uszkodze\u0144 skoliozy w obszarze miednicy<\/li>\n<li>Filum terminale, torsja mi\u0119dzykostna ko\u015bci biodrowej i r\u00f3\u017cnica d\u0142ugo\u015bci n\u00f3g<\/li>\n<\/ul>\n<p><b>Popo\u0142udnie<\/b><\/p>\n<ul>\n<li>4 punkty regulacji systemu postawy<\/li>\n<li>Protok\u00f3\u0142 leczenia i monitorowania skoliozy u dzieci i doros\u0142ych<\/li>\n<li>Demonstracja leczenia skoliozy w praktyce<\/li>\n<\/ul>\n","protected":false},"excerpt":{"rendered":"<p>SKOLIOZA Wi\u0119cej na ten temat w artykule Erica Prata: Skolioza \u2013 nowe osteopatyczne podej\u015bcie CELE Wprowadzenie do metodologii Lien M\u00e9canique Ost\u00e9opathique (LMO) z uwzgl\u0119dnieniem kr\u0119gos\u0142upa i klatki piersiowej Przedstawienie r\u00f3\u017cnych osteopatycznych uszkodze\u0144, kt\u00f3re cz\u0119sto wyst\u0119puj\u0105 w przypadku idiopatycznej skoliozy Okre\u015blenie istotnych narz\u0119dzi diagnostycznych: specyficzne testy napi\u0119ciowe i inhibicyjne testy r\u00f3wnowagi dla pierwotnego uszkodzenia skoliozy Dostarczenie [&hellip;]<\/p>\n","protected":false},"featured_media":9819,"template":"","format":"standard","meta":{"_acf_changed":false,"_seopress_robots_primary_cat":"","_seopress_titles_title":"","_seopress_titles_desc":"","_seopress_robots_index":""},"kategorie-kurs":[113,153,142,194,193,110],"product_brand":[],"product_cat":[140,97,47],"product_tag":[],"class_list":{"0":"post-9815","1":"product","2":"type-product","3":"status-publish","4":"format-standard","5":"has-post-thumbnail","7":"kategorie-kurs-bones-and-joints-en","8":"kategorie-kurs-kosci-i-stawy","9":"kategorie-kurs-kregoslup","10":"kategorie-kurs-mechanical-link","11":"kategorie-kurs-polaczenie-mechaniczne","12":"kategorie-kurs-spine-en","13":"product_cat-kursy-mistrzowskie","14":"product_cat-masterclasses-en","15":"product_cat-masterclasses","16":"tm-no-options","18":"first","19":"instock","20":"purchasable","21":"product-type-simple"},"acf":{"anzahl-plaetze":28,"frage_sprache":"Franz\u00f6sisch mit deutscher \u00dcbersetzung","ort":"OSD Hamburg, Weidestr. 118c, 22083 Hamburg ","kursgebuehr":"594","voraussetzungen":"uko\u0144czone szkolenie z osteopatii, w trakcie szkolenia z osteopatii (3 rok)","dozent":"Eric Prat (DO) FRA","dozent_kurzbeschreibung":"Eric Prat jest wsp\u00f3\u0142autorem ksi\u0105\u017cki Mechanical Link. Razem z Paulem Chauffourem DO opracowa\u0142 koncepcj\u0119 leczenia osteopatycznego Mechanical Link, leczenie technikami Recoil, test inhibicji i test prowokacji do badania pacjenta. W ramach serii LMO jest aktywny jako mi\u0119dzynarodowy wyk\u0142adowca.  ","frage_dozent_2":"Nein","dozent_2":"","dozent_kurzbeschreibung_2":"","alle_dozenten":"","kursbeginn":"20270205","kurs_ende":"20270207","Anzahl Kurstage":"3","kursdauer":"","kurszeiten":"\nPi\u0105tek, sobota: 9:00 - 18:00 Niedziela: 9:00 - 16:00 ","frage_nach_teil_2":"Nein","kursbeginn-teil-2":null,"kursende-teil-2":null,"Anzahl_Kurstage_Teil2":"","frage_nach_teil_3":false,"kursbeginn-teil-3":null,"kursende-teil-3":null,"Anzahl_Kurstage_Teil3":"","link":"","doznew":["Eric Prat (FRA)"]},"_links":{"self":[{"href":"https:\/\/fortbildungen.osteopathie-schule.de\/pl\/wp-json\/wp\/v2\/product\/9815","targetHints":{"allow":["GET"]}}],"collection":[{"href":"https:\/\/fortbildungen.osteopathie-schule.de\/pl\/wp-json\/wp\/v2\/product"}],"about":[{"href":"https:\/\/fortbildungen.osteopathie-schule.de\/pl\/wp-json\/wp\/v2\/types\/product"}],"wp:featuredmedia":[{"embeddable":true,"href":"https:\/\/fortbildungen.osteopathie-schule.de\/pl\/wp-json\/wp\/v2\/media\/9819"}],"wp:attachment":[{"href":"https:\/\/fortbildungen.osteopathie-schule.de\/pl\/wp-json\/wp\/v2\/media?parent=9815"}],"wp:term":[{"taxonomy":"kategorie-kurs","embeddable":true,"href":"https:\/\/fortbildungen.osteopathie-schule.de\/pl\/wp-json\/wp\/v2\/kategorie-kurs?post=9815"},{"taxonomy":"product_brand","embeddable":true,"href":"https:\/\/fortbildungen.osteopathie-schule.de\/pl\/wp-json\/wp\/v2\/product_brand?post=9815"},{"taxonomy":"product_cat","embeddable":true,"href":"https:\/\/fortbildungen.osteopathie-schule.de\/pl\/wp-json\/wp\/v2\/product_cat?post=9815"},{"taxonomy":"product_tag","embeddable":true,"href":"https:\/\/fortbildungen.osteopathie-schule.de\/pl\/wp-json\/wp\/v2\/product_tag?post=9815"}],"curies":[{"name":"wp","href":"https:\/\/api.w.org\/{rel}","templated":true}]}}