{"id":9851,"date":"2024-01-02T21:40:43","date_gmt":"2024-01-02T20:40:43","guid":{"rendered":"https:\/\/fortbildungen.osteopathie-schule.de\/?post_type=product&#038;p=9851"},"modified":"2026-03-09T14:25:29","modified_gmt":"2026-03-09T13:25:29","slug":"czy-refluks-jest-odruchem-mapa-ciala-3d-odruchy-pnia-mozgu-i-funkcja-gornego-odcinka-przewodu-pokarmowego-kopie-kopie","status":"publish","type":"product","link":"https:\/\/fortbildungen.osteopathie-schule.de\/pl\/kurse\/czy-refluks-jest-odruchem-mapa-ciala-3d-odruchy-pnia-mozgu-i-funkcja-gornego-odcinka-przewodu-pokarmowego-kopie-kopie\/","title":{"rendered":"Wycie\u0144czenie nadnerczy"},"content":{"rendered":"<p><strong><u>Wycie\u0144czenie nadnerczy \u2013 syndrom stresu XXI wieku<\/u><\/strong><\/p>\n<p>W ostatniej dekadzie stale wzrasta\u0142a cz\u0119sto\u015b\u0107 wyst\u0119powania zespo\u0142u wypalenia zawodowego, a tym samym gwa\u0142townie wzros\u0142y koszty gospodarcze i koszty systemu opieki zdrowotnej. \u015awiadomo\u015b\u0107 i znaczenie zespo\u0142u wypalenia zawodowego s\u0105 zatem wysokie zar\u00f3wno w medycynie, jak i w spo\u0142ecze\u0144stwie.<\/p>\n<p>Zupe\u0142nie inaczej jest w przypadku wycie\u0144czenia nadnerczy. Syndrom ten, po raz pierwszy opisany przez dr Wilsona w USA, opisuje dysfunkcje fizyczne i ograniczenia dotkni\u0119tych nim pacjent\u00f3w. Pacjenci ci skar\u017c\u0105 si\u0119 na szeroki zakres objaw\u00f3w, pocz\u0105wszy od zaburze\u0144 snu, zaburze\u0144 koncentracji, zaburze\u0144 hormonalnych i zmniejszonej odporno\u015bci na stres. Chocia\u017c dr Wilson nazwa\u0142 to syndromem stresu XXI wieku, wycie\u0144czenie nadnerczy jest w du\u017cej mierze nieznane zar\u00f3wno w medycynie, jak i w spo\u0142ecze\u0144stwie. Niewiele uwagi po\u015bwi\u0119ca si\u0119 obecnie r\u00f3wnie\u017c badaniom i leczeniu osteopatycznemu.<\/p>\n<p>Prezentacja ma na celu kr\u00f3tkie wprowadzenie do syndromu wycie\u0144czenia nadnerczy, a tak\u017ce kr\u00f3tki wgl\u0105d w badania i leczenie osteopatyczne.<\/p>\n<p><strong>UWAGA:<br \/>\n<\/strong>Ten webinar odbywa si\u0119 na \u017cywo online i nie b\u0119dzie nagrywany.<\/p>\n<p><strong>Wi\u0119cej ofert kurs\u00f3w z naszej serii kurs\u00f3w Osteopatia hormonalna z Jochenem Fr\u00fchweinem znajdziesz tutaj:<\/strong><br \/>\n<a href=\"https:\/\/fortbildungen.osteopathie-schule.de\/?_dozenten_doznew=jochen-fruehwein-%28deu%29\">Jochen Fr\u00fchwein | Osteopatia hormonalna<\/a><\/p>\n","protected":false},"excerpt":{"rendered":"<p>Wycie\u0144czenie nadnerczy \u2013 syndrom stresu XXI wieku W ostatniej dekadzie stale wzrasta\u0142a cz\u0119sto\u015b\u0107 wyst\u0119powania zespo\u0142u wypalenia zawodowego, a tym samym gwa\u0142townie wzros\u0142y koszty gospodarcze i koszty systemu opieki zdrowotnej. \u015awiadomo\u015b\u0107 i znaczenie zespo\u0142u wypalenia zawodowego s\u0105 zatem wysokie zar\u00f3wno w medycynie, jak i w spo\u0142ecze\u0144stwie. Zupe\u0142nie inaczej jest w przypadku wycie\u0144czenia nadnerczy. Syndrom ten, po [&hellip;]<\/p>\n","protected":false},"featured_media":8469,"template":"","format":"standard","meta":{"_acf_changed":false,"_seopress_robots_primary_cat":"none","_seopress_titles_title":"","_seopress_titles_desc":"","_seopress_robots_index":""},"kategorie-kurs":[105,150],"product_brand":[],"product_cat":[140,97],"product_tag":[],"class_list":{"0":"post-9851","1":"product","2":"type-product","3":"status-publish","4":"format-standard","5":"has-post-thumbnail","7":"kategorie-kurs-online-seminar-en","8":"kategorie-kurs-seminarium-online","9":"product_cat-kursy-mistrzowskie","10":"product_cat-masterclasses-en","11":"tm-no-options","13":"first","14":"instock","15":"purchasable","16":"product-type-simple"},"acf":{"dozenten_relation":[11423],"doznew":["Jochen Fr\u00fchwein (DEU)"],"anzahl-plaetze":120,"frage_sprache":"Deutsch","ort":"Online","kursgebuehr":"29","voraussetzungen":"W szkoleniu osteopatycznym ","kursbeginn":"20260212","kurs_ende":"20260212","Anzahl Kurstage":"","kursdauer":"1,5","kurszeiten":"19:30 - 21:00","frage_nach_teil_2":"Nein","kursbeginn-teil-2":null,"kursende-teil-2":null,"Anzahl_Kurstage_Teil2":"","frage_nach_teil_3":"Bitte ausw\u00e4hlen","kursbeginn-teil-3":null,"kursende-teil-3":null,"Anzahl_Kurstage_Teil3":""},"_links":{"self":[{"href":"https:\/\/fortbildungen.osteopathie-schule.de\/pl\/wp-json\/wp\/v2\/product\/9851","targetHints":{"allow":["GET"]}}],"collection":[{"href":"https:\/\/fortbildungen.osteopathie-schule.de\/pl\/wp-json\/wp\/v2\/product"}],"about":[{"href":"https:\/\/fortbildungen.osteopathie-schule.de\/pl\/wp-json\/wp\/v2\/types\/product"}],"acf:post":[{"embeddable":true,"href":"https:\/\/fortbildungen.osteopathie-schule.de\/pl\/wp-json\/wp\/v2\/dozent\/11423"}],"wp:featuredmedia":[{"embeddable":true,"href":"https:\/\/fortbildungen.osteopathie-schule.de\/pl\/wp-json\/wp\/v2\/media\/8469"}],"wp:attachment":[{"href":"https:\/\/fortbildungen.osteopathie-schule.de\/pl\/wp-json\/wp\/v2\/media?parent=9851"}],"wp:term":[{"taxonomy":"kategorie-kurs","embeddable":true,"href":"https:\/\/fortbildungen.osteopathie-schule.de\/pl\/wp-json\/wp\/v2\/kategorie-kurs?post=9851"},{"taxonomy":"product_brand","embeddable":true,"href":"https:\/\/fortbildungen.osteopathie-schule.de\/pl\/wp-json\/wp\/v2\/product_brand?post=9851"},{"taxonomy":"product_cat","embeddable":true,"href":"https:\/\/fortbildungen.osteopathie-schule.de\/pl\/wp-json\/wp\/v2\/product_cat?post=9851"},{"taxonomy":"product_tag","embeddable":true,"href":"https:\/\/fortbildungen.osteopathie-schule.de\/pl\/wp-json\/wp\/v2\/product_tag?post=9851"}],"curies":[{"name":"wp","href":"https:\/\/api.w.org\/{rel}","templated":true}]}}