{"id":9858,"date":"2024-01-05T09:20:10","date_gmt":"2024-01-05T08:20:10","guid":{"rendered":"https:\/\/fortbildungen.osteopathie-schule.de\/?post_type=product&#038;p=9858"},"modified":"2026-03-09T15:42:14","modified_gmt":"2026-03-09T14:42:14","slug":"czy-refluks-jest-odruchem-mapa-ciala-3d-odruchy-pnia-mozgu-i-funkcja-gornego-odcinka-przewodu-pokarmowego-kopie-kopie-kopie","status":"publish","type":"product","link":"https:\/\/fortbildungen.osteopathie-schule.de\/pl\/kurse\/czy-refluks-jest-odruchem-mapa-ciala-3d-odruchy-pnia-mozgu-i-funkcja-gornego-odcinka-przewodu-pokarmowego-kopie-kopie-kopie\/","title":{"rendered":"Bone Strain Relief &#8211; Ko\u015b\u0107 w centrum leczenia osteopatycznego"},"content":{"rendered":"<p>Odkryj ko\u015b\u0107 jako niedocenian\u0105 d\u017awigni\u0119 w terapii b\u00f3lu \u2013 i poszerz swoje spektrum terapeutyczne o kluczowy element.<\/p>\n<p><strong>UWAGA:<br \/>\n<\/strong>To webinarium odbywa si\u0119 online na \u017cywo!<\/p>\n<p><strong>Informacje o weekendzie seminaryjnym z Dr. Hartwigiem Liedke w dniach 19-21 czerwca w Hamburgu znajdziesz tutaj:<\/strong><br \/>\n<strong><a href=\"https:\/\/fortbildungen.osteopathie-schule.de\/pl\/kurse\/bone-strain-relief-kosc-w-centrum-leczenia-osteopatycznego\/\" target=\"_blank\" rel=\"noopener\">Bone Strain Relief \u2013 Ko\u015b\u0107 w centrum uwagi leczenia osteopatycznego<\/a><\/strong><\/p>\n<p>&nbsp;<\/p>\n<p>&nbsp;<\/p>\n","protected":false},"excerpt":{"rendered":"<p>Odkryj ko\u015b\u0107 jako niedocenian\u0105 d\u017awigni\u0119 w terapii b\u00f3lu \u2013 i poszerz swoje spektrum terapeutyczne o kluczowy element. UWAGA: To webinarium odbywa si\u0119 online na \u017cywo! Informacje o weekendzie seminaryjnym z Dr. Hartwigiem Liedke w dniach 19-21 czerwca w Hamburgu znajdziesz tutaj: Bone Strain Relief \u2013 Ko\u015b\u0107 w centrum uwagi leczenia osteopatycznego &nbsp; &nbsp;<\/p>\n","protected":false},"featured_media":10973,"template":"","format":"standard","meta":{"_acf_changed":false,"_seopress_robots_primary_cat":"none","_seopress_titles_title":"","_seopress_titles_desc":"","_seopress_robots_index":""},"kategorie-kurs":[],"product_brand":[],"product_cat":[140,47],"product_tag":[],"class_list":{"0":"post-9858","1":"product","2":"type-product","3":"status-publish","4":"format-standard","5":"has-post-thumbnail","7":"product_cat-kursy-mistrzowskie","8":"product_cat-masterclasses","9":"tm-no-options","11":"first","12":"instock","13":"purchasable","14":"product-type-simple"},"acf":{"dozenten_relation":[11427],"doznew":["Hartwig Liedtke"],"anzahl-plaetze":80,"frage_sprache":"Deutsch","ort":"Online","kursgebuehr":"29","voraussetzungen":"W szkoleniu osteopatycznym ","kursbeginn":"20260326","kurs_ende":"20260326","Anzahl Kurstage":"","kursdauer":"1,5","kurszeiten":"19:30 - 21:00","frage_nach_teil_2":"Nein","kursbeginn-teil-2":null,"kursende-teil-2":null,"Anzahl_Kurstage_Teil2":"","frage_nach_teil_3":"Bitte ausw\u00e4hlen","kursbeginn-teil-3":null,"kursende-teil-3":null,"Anzahl_Kurstage_Teil3":""},"_links":{"self":[{"href":"https:\/\/fortbildungen.osteopathie-schule.de\/pl\/wp-json\/wp\/v2\/product\/9858","targetHints":{"allow":["GET"]}}],"collection":[{"href":"https:\/\/fortbildungen.osteopathie-schule.de\/pl\/wp-json\/wp\/v2\/product"}],"about":[{"href":"https:\/\/fortbildungen.osteopathie-schule.de\/pl\/wp-json\/wp\/v2\/types\/product"}],"acf:post":[{"embeddable":true,"href":"https:\/\/fortbildungen.osteopathie-schule.de\/pl\/wp-json\/wp\/v2\/dozent\/11427"}],"wp:featuredmedia":[{"embeddable":true,"href":"https:\/\/fortbildungen.osteopathie-schule.de\/pl\/wp-json\/wp\/v2\/media\/10973"}],"wp:attachment":[{"href":"https:\/\/fortbildungen.osteopathie-schule.de\/pl\/wp-json\/wp\/v2\/media?parent=9858"}],"wp:term":[{"taxonomy":"kategorie-kurs","embeddable":true,"href":"https:\/\/fortbildungen.osteopathie-schule.de\/pl\/wp-json\/wp\/v2\/kategorie-kurs?post=9858"},{"taxonomy":"product_brand","embeddable":true,"href":"https:\/\/fortbildungen.osteopathie-schule.de\/pl\/wp-json\/wp\/v2\/product_brand?post=9858"},{"taxonomy":"product_cat","embeddable":true,"href":"https:\/\/fortbildungen.osteopathie-schule.de\/pl\/wp-json\/wp\/v2\/product_cat?post=9858"},{"taxonomy":"product_tag","embeddable":true,"href":"https:\/\/fortbildungen.osteopathie-schule.de\/pl\/wp-json\/wp\/v2\/product_tag?post=9858"}],"curies":[{"name":"wp","href":"https:\/\/api.w.org\/{rel}","templated":true}]}}